{"id":907,"date":"2024-06-30T09:33:11","date_gmt":"2024-06-30T07:33:11","guid":{"rendered":"https:\/\/csahainaut.be\/?page_id=907"},"modified":"2024-07-08T12:10:06","modified_gmt":"2024-07-08T10:10:06","slug":"apprentissage-par-le-numerique","status":"publish","type":"page","link":"https:\/\/csahainaut.be\/?page_id=907","title":{"rendered":"Apprentissage PAR le num\u00e9rique"},"content":{"rendered":"\t\t<div data-elementor-type=\"wp-page\" data-elementor-id=\"907\" class=\"elementor elementor-907\">\n\t\t\t\t<div class=\"elementor-element elementor-element-2d94f0f e-con-full e-flex e-con e-parent\" data-id=\"2d94f0f\" data-element_type=\"container\" data-e-type=\"container\">\n\t\t\t\t<div class=\"elementor-element elementor-element-41d6053 elementor-widget__width-initial elementor-widget elementor-widget-heading\" data-id=\"41d6053\" data-element_type=\"widget\" data-e-type=\"widget\" data-widget_type=\"heading.default\">\n\t\t\t\t<div class=\"elementor-widget-container\">\n\t\t\t\t\t<h3 class=\"elementor-heading-title elementor-size-default\"><i>Utiliser le num\u00e9rique au service d'une autre comp\u00e9tence<\/i><\/h3>\t\t\t\t<\/div>\n\t\t\t\t<\/div>\n\t\t\t\t<div class=\"elementor-element elementor-element-0935cec elementor-widget__width-inherit elementor-widget-divider--view-line elementor-widget elementor-widget-divider\" data-id=\"0935cec\" data-element_type=\"widget\" data-e-type=\"widget\" data-widget_type=\"divider.default\">\n\t\t\t\t<div class=\"elementor-widget-container\">\n\t\t\t\t\t\t\t<div class=\"elementor-divider\">\n\t\t\t<span class=\"elementor-divider-separator\">\n\t\t\t\t\t\t<\/span>\n\t\t<\/div>\n\t\t\t\t\t\t<\/div>\n\t\t\t\t<\/div>\n\t\t\t\t<\/div>\n\t\t<div class=\"elementor-element elementor-element-ca011b0 e-con-full e-flex e-con e-parent\" data-id=\"ca011b0\" data-element_type=\"container\" data-e-type=\"container\">\n\t\t<div class=\"elementor-element elementor-element-eadb4b8 e-con-full e-flex e-con e-child\" data-id=\"eadb4b8\" data-element_type=\"container\" data-e-type=\"container\">\n\t\t\t\t<div class=\"elementor-element elementor-element-0f47ac5 elementor-widget__width-initial elementor-widget elementor-widget-text-editor\" data-id=\"0f47ac5\" data-element_type=\"widget\" data-e-type=\"widget\" data-widget_type=\"text-editor.default\">\n\t\t\t\t<div class=\"elementor-widget-container\">\n\t\t\t\t\t\t\t\t\t<p><span class=\"TextRun SCXW151614243 BCX8\" lang=\"FR-FR\" xml:lang=\"FR-FR\" data-contrast=\"auto\"><span class=\"NormalTextRun SCXW151614243 BCX8\">Vous voulez int\u00e9grer les outils num\u00e9riques dans votre \u00e9cole, alors nous pouvons vous y aider.\u00a0<br \/><strong>D\u00e9couvrez vite nos deux offres en cliquant sur l&#8217;image.<\/strong><\/span><\/span><\/p>\t\t\t\t\t\t\t\t<\/div>\n\t\t\t\t<\/div>\n\t\t\t\t<div class=\"elementor-element elementor-element-5363f76 elementor-widget elementor-widget-image\" data-id=\"5363f76\" data-element_type=\"widget\" data-e-type=\"widget\" data-widget_type=\"image.default\">\n\t\t\t\t<div class=\"elementor-widget-container\">\n\t\t\t\t\t\t\t\t\t\t\t\t\t\t\t\t<a href=\"https:\/\/view.genially.com\/61dfcd912505f50d6eab153a\" target=\"_blank\">\n\t\t\t\t\t\t\t<img fetchpriority=\"high\" decoding=\"async\" width=\"1024\" height=\"527\" src=\"https:\/\/csahainaut.be\/wp-content\/uploads\/2024\/06\/Par-num-1024x527.png\" class=\"attachment-large size-large wp-image-948\" alt=\"\" srcset=\"https:\/\/csahainaut.be\/wp-content\/uploads\/2024\/06\/Par-num-1024x527.png 1024w, https:\/\/csahainaut.be\/wp-content\/uploads\/2024\/06\/Par-num-300x154.png 300w, https:\/\/csahainaut.be\/wp-content\/uploads\/2024\/06\/Par-num-768x395.png 768w, https:\/\/csahainaut.be\/wp-content\/uploads\/2024\/06\/Par-num-1536x791.png 1536w, https:\/\/csahainaut.be\/wp-content\/uploads\/2024\/06\/Par-num.png 1587w\" sizes=\"(max-width: 1024px) 100vw, 1024px\" \/>\t\t\t\t\t\t\t\t<\/a>\n\t\t\t\t\t\t\t\t\t\t\t\t\t\t\t<\/div>\n\t\t\t\t<\/div>\n\t\t\t\t<\/div>\n\t\t<div class=\"elementor-element elementor-element-4ce0082 e-con-full e-flex e-con e-child\" data-id=\"4ce0082\" data-element_type=\"container\" data-e-type=\"container\">\n\t\t\t\t<div class=\"elementor-element elementor-element-b297895 elementor-widget elementor-widget-heading\" data-id=\"b297895\" data-element_type=\"widget\" data-e-type=\"widget\" data-widget_type=\"heading.default\">\n\t\t\t\t<div class=\"elementor-widget-container\">\n\t\t\t\t\t<h4 class=\"elementor-heading-title elementor-size-default\">CSA<\/h4>\t\t\t\t<\/div>\n\t\t\t\t<\/div>\n\t\t\t\t<div class=\"elementor-element elementor-element-aa6b10a elementor-widget elementor-widget-text-editor\" data-id=\"aa6b10a\" data-element_type=\"widget\" data-e-type=\"widget\" data-widget_type=\"text-editor.default\">\n\t\t\t\t<div class=\"elementor-widget-container\">\n\t\t\t\t\t\t\t\t\t<ul><li><span data-contrast=\"auto\">St\u00e9phane Simon\u00a0 \u00a0\u00a0<\/span><\/li><li>Mathieu Deham<\/li><\/ul>\t\t\t\t\t\t\t\t<\/div>\n\t\t\t\t<\/div>\n\t\t\t\t<\/div>\n\t\t\t\t<\/div>\n\t\t\t\t<\/div>\n\t\t","protected":false},"excerpt":{"rendered":"<p>Utiliser le num\u00e9rique au service d&#8217;une autre comp\u00e9tence Vous voulez int\u00e9grer les outils num\u00e9riques dans votre \u00e9cole, alors nous pouvons vous y aider.\u00a0D\u00e9couvrez vite nos deux offres en cliquant sur l&#8217;image. CSA St\u00e9phane Simon\u00a0 \u00a0\u00a0 Mathieu Deham<\/p>\n","protected":false},"author":1,"featured_media":0,"parent":0,"menu_order":0,"comment_status":"closed","ping_status":"closed","template":"","meta":{"footnotes":""},"class_list":["post-907","page","type-page","status-publish","hentry","nodate","item-wrap"],"yoast_head":"<!-- This site is optimized with the Yoast SEO plugin v27.4 - https:\/\/yoast.com\/product\/yoast-seo-wordpress\/ -->\n<title>Apprentissage PAR le num\u00e9rique - CSA HAINAUT fondamental<\/title>\n<meta name=\"robots\" content=\"index, follow, max-snippet:-1, max-image-preview:large, max-video-preview:-1\" \/>\n<link rel=\"canonical\" href=\"https:\/\/csahainaut.be\/?page_id=907\" \/>\n<meta property=\"og:locale\" content=\"en_US\" \/>\n<meta property=\"og:type\" content=\"article\" \/>\n<meta property=\"og:title\" content=\"Apprentissage PAR le num\u00e9rique - CSA HAINAUT fondamental\" \/>\n<meta property=\"og:description\" content=\"Utiliser le num\u00e9rique au service d&#8217;une autre comp\u00e9tence Vous voulez int\u00e9grer les outils num\u00e9riques dans votre \u00e9cole, alors nous pouvons vous y aider.\u00a0D\u00e9couvrez vite nos deux offres en cliquant sur l&#8217;image. CSA St\u00e9phane Simon\u00a0 \u00a0\u00a0 Mathieu Deham\" \/>\n<meta property=\"og:url\" content=\"https:\/\/csahainaut.be\/?page_id=907\" \/>\n<meta property=\"og:site_name\" content=\"CSA HAINAUT fondamental\" \/>\n<meta property=\"article:modified_time\" content=\"2024-07-08T10:10:06+00:00\" \/>\n<meta property=\"og:image\" content=\"http:\/\/csahainaut.be\/wp-content\/uploads\/2024\/06\/Par-num-1024x527.png\" \/>\n<meta name=\"twitter:card\" content=\"summary_large_image\" \/>\n<meta name=\"twitter:label1\" content=\"Est. reading time\" \/>\n\t<meta name=\"twitter:data1\" content=\"1 minute\" \/>\n<script type=\"application\/ld+json\" class=\"yoast-schema-graph\">{\"@context\":\"https:\\\/\\\/schema.org\",\"@graph\":[{\"@type\":\"WebPage\",\"@id\":\"https:\\\/\\\/csahainaut.be\\\/?page_id=907\",\"url\":\"https:\\\/\\\/csahainaut.be\\\/?page_id=907\",\"name\":\"Apprentissage PAR le num\u00e9rique - CSA HAINAUT fondamental\",\"isPartOf\":{\"@id\":\"http:\\\/\\\/csahainaut.be\\\/#website\"},\"primaryImageOfPage\":{\"@id\":\"https:\\\/\\\/csahainaut.be\\\/?page_id=907#primaryimage\"},\"image\":{\"@id\":\"https:\\\/\\\/csahainaut.be\\\/?page_id=907#primaryimage\"},\"thumbnailUrl\":\"http:\\\/\\\/csahainaut.be\\\/wp-content\\\/uploads\\\/2024\\\/06\\\/Par-num-1024x527.png\",\"datePublished\":\"2024-06-30T07:33:11+00:00\",\"dateModified\":\"2024-07-08T10:10:06+00:00\",\"breadcrumb\":{\"@id\":\"https:\\\/\\\/csahainaut.be\\\/?page_id=907#breadcrumb\"},\"inLanguage\":\"en-US\",\"potentialAction\":[{\"@type\":\"ReadAction\",\"target\":[\"https:\\\/\\\/csahainaut.be\\\/?page_id=907\"]}]},{\"@type\":\"ImageObject\",\"inLanguage\":\"en-US\",\"@id\":\"https:\\\/\\\/csahainaut.be\\\/?page_id=907#primaryimage\",\"url\":\"https:\\\/\\\/csahainaut.be\\\/wp-content\\\/uploads\\\/2024\\\/06\\\/Par-num.png\",\"contentUrl\":\"https:\\\/\\\/csahainaut.be\\\/wp-content\\\/uploads\\\/2024\\\/06\\\/Par-num.png\",\"width\":1587,\"height\":817},{\"@type\":\"BreadcrumbList\",\"@id\":\"https:\\\/\\\/csahainaut.be\\\/?page_id=907#breadcrumb\",\"itemListElement\":[{\"@type\":\"ListItem\",\"position\":1,\"name\":\"Accueil\",\"item\":\"http:\\\/\\\/csahainaut.be\\\/\"},{\"@type\":\"ListItem\",\"position\":2,\"name\":\"Apprentissage PAR le num\u00e9rique\"}]},{\"@type\":\"WebSite\",\"@id\":\"http:\\\/\\\/csahainaut.be\\\/#website\",\"url\":\"http:\\\/\\\/csahainaut.be\\\/\",\"name\":\"CSA HAINAUT fondamental\",\"description\":\"Site des conseillers au soutien et \u00e0 l&#039;accompagnement \",\"publisher\":{\"@id\":\"http:\\\/\\\/csahainaut.be\\\/#organization\"},\"potentialAction\":[{\"@type\":\"SearchAction\",\"target\":{\"@type\":\"EntryPoint\",\"urlTemplate\":\"http:\\\/\\\/csahainaut.be\\\/?s={search_term_string}\"},\"query-input\":{\"@type\":\"PropertyValueSpecification\",\"valueRequired\":true,\"valueName\":\"search_term_string\"}}],\"inLanguage\":\"en-US\"},{\"@type\":\"Organization\",\"@id\":\"http:\\\/\\\/csahainaut.be\\\/#organization\",\"name\":\"CSA HAINAUT fondamental\",\"url\":\"http:\\\/\\\/csahainaut.be\\\/\",\"logo\":{\"@type\":\"ImageObject\",\"inLanguage\":\"en-US\",\"@id\":\"http:\\\/\\\/csahainaut.be\\\/#\\\/schema\\\/logo\\\/image\\\/\",\"url\":\"https:\\\/\\\/csahainaut.be\\\/wp-content\\\/uploads\\\/2024\\\/06\\\/cropped-logo-segec.webp\",\"contentUrl\":\"https:\\\/\\\/csahainaut.be\\\/wp-content\\\/uploads\\\/2024\\\/06\\\/cropped-logo-segec.webp\",\"width\":367,\"height\":217,\"caption\":\"CSA HAINAUT fondamental\"},\"image\":{\"@id\":\"http:\\\/\\\/csahainaut.be\\\/#\\\/schema\\\/logo\\\/image\\\/\"}}]}<\/script>\n<!-- \/ Yoast SEO plugin. -->","yoast_head_json":{"title":"Apprentissage PAR le num\u00e9rique - CSA HAINAUT fondamental","robots":{"index":"index","follow":"follow","max-snippet":"max-snippet:-1","max-image-preview":"max-image-preview:large","max-video-preview":"max-video-preview:-1"},"canonical":"https:\/\/csahainaut.be\/?page_id=907","og_locale":"en_US","og_type":"article","og_title":"Apprentissage PAR le num\u00e9rique - CSA HAINAUT fondamental","og_description":"Utiliser le num\u00e9rique au service d&#8217;une autre comp\u00e9tence Vous voulez int\u00e9grer les outils num\u00e9riques dans votre \u00e9cole, alors nous pouvons vous y aider.\u00a0D\u00e9couvrez vite nos deux offres en cliquant sur l&#8217;image. CSA St\u00e9phane Simon\u00a0 \u00a0\u00a0 Mathieu Deham","og_url":"https:\/\/csahainaut.be\/?page_id=907","og_site_name":"CSA HAINAUT fondamental","article_modified_time":"2024-07-08T10:10:06+00:00","og_image":[{"url":"http:\/\/csahainaut.be\/wp-content\/uploads\/2024\/06\/Par-num-1024x527.png","type":"","width":"","height":""}],"twitter_card":"summary_large_image","twitter_misc":{"Est. reading time":"1 minute"},"schema":{"@context":"https:\/\/schema.org","@graph":[{"@type":"WebPage","@id":"https:\/\/csahainaut.be\/?page_id=907","url":"https:\/\/csahainaut.be\/?page_id=907","name":"Apprentissage PAR le num\u00e9rique - CSA HAINAUT fondamental","isPartOf":{"@id":"http:\/\/csahainaut.be\/#website"},"primaryImageOfPage":{"@id":"https:\/\/csahainaut.be\/?page_id=907#primaryimage"},"image":{"@id":"https:\/\/csahainaut.be\/?page_id=907#primaryimage"},"thumbnailUrl":"http:\/\/csahainaut.be\/wp-content\/uploads\/2024\/06\/Par-num-1024x527.png","datePublished":"2024-06-30T07:33:11+00:00","dateModified":"2024-07-08T10:10:06+00:00","breadcrumb":{"@id":"https:\/\/csahainaut.be\/?page_id=907#breadcrumb"},"inLanguage":"en-US","potentialAction":[{"@type":"ReadAction","target":["https:\/\/csahainaut.be\/?page_id=907"]}]},{"@type":"ImageObject","inLanguage":"en-US","@id":"https:\/\/csahainaut.be\/?page_id=907#primaryimage","url":"https:\/\/csahainaut.be\/wp-content\/uploads\/2024\/06\/Par-num.png","contentUrl":"https:\/\/csahainaut.be\/wp-content\/uploads\/2024\/06\/Par-num.png","width":1587,"height":817},{"@type":"BreadcrumbList","@id":"https:\/\/csahainaut.be\/?page_id=907#breadcrumb","itemListElement":[{"@type":"ListItem","position":1,"name":"Accueil","item":"http:\/\/csahainaut.be\/"},{"@type":"ListItem","position":2,"name":"Apprentissage PAR le num\u00e9rique"}]},{"@type":"WebSite","@id":"http:\/\/csahainaut.be\/#website","url":"http:\/\/csahainaut.be\/","name":"CSA HAINAUT fondamental","description":"Site des conseillers au soutien et \u00e0 l&#039;accompagnement ","publisher":{"@id":"http:\/\/csahainaut.be\/#organization"},"potentialAction":[{"@type":"SearchAction","target":{"@type":"EntryPoint","urlTemplate":"http:\/\/csahainaut.be\/?s={search_term_string}"},"query-input":{"@type":"PropertyValueSpecification","valueRequired":true,"valueName":"search_term_string"}}],"inLanguage":"en-US"},{"@type":"Organization","@id":"http:\/\/csahainaut.be\/#organization","name":"CSA HAINAUT fondamental","url":"http:\/\/csahainaut.be\/","logo":{"@type":"ImageObject","inLanguage":"en-US","@id":"http:\/\/csahainaut.be\/#\/schema\/logo\/image\/","url":"https:\/\/csahainaut.be\/wp-content\/uploads\/2024\/06\/cropped-logo-segec.webp","contentUrl":"https:\/\/csahainaut.be\/wp-content\/uploads\/2024\/06\/cropped-logo-segec.webp","width":367,"height":217,"caption":"CSA HAINAUT fondamental"},"image":{"@id":"http:\/\/csahainaut.be\/#\/schema\/logo\/image\/"}}]}},"jetpack_sharing_enabled":true,"_links":{"self":[{"href":"https:\/\/csahainaut.be\/index.php?rest_route=\/wp\/v2\/pages\/907","targetHints":{"allow":["GET"]}}],"collection":[{"href":"https:\/\/csahainaut.be\/index.php?rest_route=\/wp\/v2\/pages"}],"about":[{"href":"https:\/\/csahainaut.be\/index.php?rest_route=\/wp\/v2\/types\/page"}],"author":[{"embeddable":true,"href":"https:\/\/csahainaut.be\/index.php?rest_route=\/wp\/v2\/users\/1"}],"replies":[{"embeddable":true,"href":"https:\/\/csahainaut.be\/index.php?rest_route=%2Fwp%2Fv2%2Fcomments&post=907"}],"version-history":[{"count":7,"href":"https:\/\/csahainaut.be\/index.php?rest_route=\/wp\/v2\/pages\/907\/revisions"}],"predecessor-version":[{"id":1233,"href":"https:\/\/csahainaut.be\/index.php?rest_route=\/wp\/v2\/pages\/907\/revisions\/1233"}],"wp:attachment":[{"href":"https:\/\/csahainaut.be\/index.php?rest_route=%2Fwp%2Fv2%2Fmedia&parent=907"}],"curies":[{"name":"wp","href":"https:\/\/api.w.org\/{rel}","templated":true}]}}