{"id":891,"date":"2024-06-29T10:12:15","date_gmt":"2024-06-29T08:12:15","guid":{"rendered":"https:\/\/csahainaut.be\/?page_id=891"},"modified":"2024-07-08T12:13:23","modified_gmt":"2024-07-08T10:13:23","slug":"dossier-pedagogique-des-eleves","status":"publish","type":"page","link":"https:\/\/csahainaut.be\/?page_id=891","title":{"rendered":"Dossier p\u00e9dagogique des \u00e9l\u00e8ves"},"content":{"rendered":"\t\t<div data-elementor-type=\"wp-page\" data-elementor-id=\"891\" class=\"elementor elementor-891\">\n\t\t\t\t<div class=\"elementor-element elementor-element-2762b95 e-con-full e-flex e-con e-parent\" data-id=\"2762b95\" data-element_type=\"container\" data-e-type=\"container\">\n\t\t\t\t<div class=\"elementor-element elementor-element-71392f4 elementor-widget__width-initial elementor-widget elementor-widget-heading\" data-id=\"71392f4\" data-element_type=\"widget\" data-e-type=\"widget\" data-widget_type=\"heading.default\">\n\t\t\t\t<div class=\"elementor-widget-container\">\n\t\t\t\t\t<h3 class=\"elementor-heading-title elementor-size-default\"><i>Comment centraliser les donn\u00e9es sensibles ?<\/i><\/h3>\t\t\t\t<\/div>\n\t\t\t\t<\/div>\n\t\t\t\t<div class=\"elementor-element elementor-element-90b0f58 elementor-widget__width-inherit elementor-widget-divider--view-line elementor-widget elementor-widget-divider\" data-id=\"90b0f58\" data-element_type=\"widget\" data-e-type=\"widget\" data-widget_type=\"divider.default\">\n\t\t\t\t<div class=\"elementor-widget-container\">\n\t\t\t\t\t\t\t<div class=\"elementor-divider\">\n\t\t\t<span class=\"elementor-divider-separator\">\n\t\t\t\t\t\t<\/span>\n\t\t<\/div>\n\t\t\t\t\t\t<\/div>\n\t\t\t\t<\/div>\n\t\t\t\t<\/div>\n\t\t<div class=\"elementor-element elementor-element-732d576 e-con-full e-flex e-con e-parent\" data-id=\"732d576\" data-element_type=\"container\" data-e-type=\"container\">\n\t\t<div class=\"elementor-element elementor-element-86c5564 e-con-full e-flex e-con e-child\" data-id=\"86c5564\" data-element_type=\"container\" data-e-type=\"container\">\n\t\t\t\t<div class=\"elementor-element elementor-element-6c7fd13 elementor-widget__width-initial elementor-widget elementor-widget-text-editor\" data-id=\"6c7fd13\" data-element_type=\"widget\" data-e-type=\"widget\" data-widget_type=\"text-editor.default\">\n\t\t\t\t<div class=\"elementor-widget-container\">\n\t\t\t\t\t\t\t\t\t<p><span class=\"TextRun SCXW151614243 BCX8\" lang=\"FR-FR\" xml:lang=\"FR-FR\" data-contrast=\"auto\"><span class=\"NormalTextRun SCXW151614243 BCX8\">Vous souhaitez mener une r\u00e9flexion sur le dossier de l&#8217;\u00e9l\u00e8ve ou vous d\u00e9sirez centraliser ces donn\u00e9es dans un espace num\u00e9rique ? Alors cette offre est pour vous !<br \/><strong>Cliquez sur l&#8217;image pour lire les d\u00e9tails de l&#8217;offre.<\/strong><\/span><\/span><\/p>\t\t\t\t\t\t\t\t<\/div>\n\t\t\t\t<\/div>\n\t\t\t\t<div class=\"elementor-element elementor-element-b5b602b elementor-widget elementor-widget-image\" data-id=\"b5b602b\" data-element_type=\"widget\" data-e-type=\"widget\" data-widget_type=\"image.default\">\n\t\t\t\t<div class=\"elementor-widget-container\">\n\t\t\t\t\t\t\t\t\t\t\t\t\t\t\t\t<a href=\"https:\/\/view.genially.com\/61dfcd912505f50d6eab153a\" target=\"_blank\">\n\t\t\t\t\t\t\t<img fetchpriority=\"high\" decoding=\"async\" width=\"1024\" height=\"528\" src=\"https:\/\/csahainaut.be\/wp-content\/uploads\/2024\/06\/Dossier-eleve-1024x528.png\" class=\"attachment-large size-large wp-image-956\" alt=\"\" srcset=\"https:\/\/csahainaut.be\/wp-content\/uploads\/2024\/06\/Dossier-eleve-1024x528.png 1024w, https:\/\/csahainaut.be\/wp-content\/uploads\/2024\/06\/Dossier-eleve-300x155.png 300w, https:\/\/csahainaut.be\/wp-content\/uploads\/2024\/06\/Dossier-eleve-768x396.png 768w, https:\/\/csahainaut.be\/wp-content\/uploads\/2024\/06\/Dossier-eleve-1536x792.png 1536w, https:\/\/csahainaut.be\/wp-content\/uploads\/2024\/06\/Dossier-eleve.png 1585w\" sizes=\"(max-width: 1024px) 100vw, 1024px\" \/>\t\t\t\t\t\t\t\t<\/a>\n\t\t\t\t\t\t\t\t\t\t\t\t\t\t\t<\/div>\n\t\t\t\t<\/div>\n\t\t\t\t<\/div>\n\t\t<div class=\"elementor-element elementor-element-e058347 e-con-full e-flex e-con e-child\" data-id=\"e058347\" data-element_type=\"container\" data-e-type=\"container\">\n\t\t\t\t<div class=\"elementor-element elementor-element-8cd121b elementor-widget elementor-widget-heading\" data-id=\"8cd121b\" data-element_type=\"widget\" data-e-type=\"widget\" data-widget_type=\"heading.default\">\n\t\t\t\t<div class=\"elementor-widget-container\">\n\t\t\t\t\t<h4 class=\"elementor-heading-title elementor-size-default\">CSA<\/h4>\t\t\t\t<\/div>\n\t\t\t\t<\/div>\n\t\t\t\t<div class=\"elementor-element elementor-element-3831d8a elementor-widget elementor-widget-text-editor\" data-id=\"3831d8a\" data-element_type=\"widget\" data-e-type=\"widget\" data-widget_type=\"text-editor.default\">\n\t\t\t\t<div class=\"elementor-widget-container\">\n\t\t\t\t\t\t\t\t\t<ul><li><span data-contrast=\"auto\">St\u00e9phane Simon\u00a0 \u00a0\u00a0<\/span><\/li><li>Mathieu Deham<\/li><\/ul>\t\t\t\t\t\t\t\t<\/div>\n\t\t\t\t<\/div>\n\t\t\t\t<\/div>\n\t\t\t\t<\/div>\n\t\t\t\t<\/div>\n\t\t","protected":false},"excerpt":{"rendered":"<p>Comment centraliser les donn\u00e9es sensibles ? Vous souhaitez mener une r\u00e9flexion sur le dossier de l&#8217;\u00e9l\u00e8ve ou vous d\u00e9sirez centraliser ces donn\u00e9es dans un espace num\u00e9rique ? Alors cette offre est pour vous !Cliquez sur l&#8217;image pour lire les d\u00e9tails de l&#8217;offre. CSA St\u00e9phane Simon\u00a0 \u00a0\u00a0 Mathieu Deham<\/p>\n","protected":false},"author":1,"featured_media":0,"parent":0,"menu_order":0,"comment_status":"closed","ping_status":"closed","template":"","meta":{"footnotes":""},"class_list":["post-891","page","type-page","status-publish","hentry","nodate","item-wrap"],"yoast_head":"<!-- This site is optimized with the Yoast SEO plugin v27.4 - https:\/\/yoast.com\/product\/yoast-seo-wordpress\/ -->\n<title>Dossier p\u00e9dagogique des \u00e9l\u00e8ves - CSA HAINAUT fondamental<\/title>\n<meta name=\"robots\" content=\"index, follow, max-snippet:-1, max-image-preview:large, max-video-preview:-1\" \/>\n<link rel=\"canonical\" href=\"https:\/\/csahainaut.be\/?page_id=891\" \/>\n<meta property=\"og:locale\" content=\"en_US\" \/>\n<meta property=\"og:type\" content=\"article\" \/>\n<meta property=\"og:title\" content=\"Dossier p\u00e9dagogique des \u00e9l\u00e8ves - CSA HAINAUT fondamental\" \/>\n<meta property=\"og:description\" content=\"Comment centraliser les donn\u00e9es sensibles ? Vous souhaitez mener une r\u00e9flexion sur le dossier de l&#8217;\u00e9l\u00e8ve ou vous d\u00e9sirez centraliser ces donn\u00e9es dans un espace num\u00e9rique ? Alors cette offre est pour vous !Cliquez sur l&#8217;image pour lire les d\u00e9tails de l&#8217;offre. CSA St\u00e9phane Simon\u00a0 \u00a0\u00a0 Mathieu Deham\" \/>\n<meta property=\"og:url\" content=\"https:\/\/csahainaut.be\/?page_id=891\" \/>\n<meta property=\"og:site_name\" content=\"CSA HAINAUT fondamental\" \/>\n<meta property=\"article:modified_time\" content=\"2024-07-08T10:13:23+00:00\" \/>\n<meta property=\"og:image\" content=\"http:\/\/csahainaut.be\/wp-content\/uploads\/2024\/06\/Dossier-eleve-1024x528.png\" \/>\n<meta name=\"twitter:card\" content=\"summary_large_image\" \/>\n<meta name=\"twitter:label1\" content=\"Est. reading time\" \/>\n\t<meta name=\"twitter:data1\" content=\"1 minute\" \/>\n<script type=\"application\/ld+json\" class=\"yoast-schema-graph\">{\"@context\":\"https:\\\/\\\/schema.org\",\"@graph\":[{\"@type\":\"WebPage\",\"@id\":\"https:\\\/\\\/csahainaut.be\\\/?page_id=891\",\"url\":\"https:\\\/\\\/csahainaut.be\\\/?page_id=891\",\"name\":\"Dossier p\u00e9dagogique des \u00e9l\u00e8ves - CSA HAINAUT fondamental\",\"isPartOf\":{\"@id\":\"http:\\\/\\\/csahainaut.be\\\/#website\"},\"primaryImageOfPage\":{\"@id\":\"https:\\\/\\\/csahainaut.be\\\/?page_id=891#primaryimage\"},\"image\":{\"@id\":\"https:\\\/\\\/csahainaut.be\\\/?page_id=891#primaryimage\"},\"thumbnailUrl\":\"http:\\\/\\\/csahainaut.be\\\/wp-content\\\/uploads\\\/2024\\\/06\\\/Dossier-eleve-1024x528.png\",\"datePublished\":\"2024-06-29T08:12:15+00:00\",\"dateModified\":\"2024-07-08T10:13:23+00:00\",\"breadcrumb\":{\"@id\":\"https:\\\/\\\/csahainaut.be\\\/?page_id=891#breadcrumb\"},\"inLanguage\":\"en-US\",\"potentialAction\":[{\"@type\":\"ReadAction\",\"target\":[\"https:\\\/\\\/csahainaut.be\\\/?page_id=891\"]}]},{\"@type\":\"ImageObject\",\"inLanguage\":\"en-US\",\"@id\":\"https:\\\/\\\/csahainaut.be\\\/?page_id=891#primaryimage\",\"url\":\"https:\\\/\\\/csahainaut.be\\\/wp-content\\\/uploads\\\/2024\\\/06\\\/Dossier-eleve.png\",\"contentUrl\":\"https:\\\/\\\/csahainaut.be\\\/wp-content\\\/uploads\\\/2024\\\/06\\\/Dossier-eleve.png\",\"width\":1585,\"height\":817},{\"@type\":\"BreadcrumbList\",\"@id\":\"https:\\\/\\\/csahainaut.be\\\/?page_id=891#breadcrumb\",\"itemListElement\":[{\"@type\":\"ListItem\",\"position\":1,\"name\":\"Accueil\",\"item\":\"http:\\\/\\\/csahainaut.be\\\/\"},{\"@type\":\"ListItem\",\"position\":2,\"name\":\"Dossier p\u00e9dagogique des \u00e9l\u00e8ves\"}]},{\"@type\":\"WebSite\",\"@id\":\"http:\\\/\\\/csahainaut.be\\\/#website\",\"url\":\"http:\\\/\\\/csahainaut.be\\\/\",\"name\":\"CSA HAINAUT fondamental\",\"description\":\"Site des conseillers au soutien et \u00e0 l&#039;accompagnement \",\"publisher\":{\"@id\":\"http:\\\/\\\/csahainaut.be\\\/#organization\"},\"potentialAction\":[{\"@type\":\"SearchAction\",\"target\":{\"@type\":\"EntryPoint\",\"urlTemplate\":\"http:\\\/\\\/csahainaut.be\\\/?s={search_term_string}\"},\"query-input\":{\"@type\":\"PropertyValueSpecification\",\"valueRequired\":true,\"valueName\":\"search_term_string\"}}],\"inLanguage\":\"en-US\"},{\"@type\":\"Organization\",\"@id\":\"http:\\\/\\\/csahainaut.be\\\/#organization\",\"name\":\"CSA HAINAUT fondamental\",\"url\":\"http:\\\/\\\/csahainaut.be\\\/\",\"logo\":{\"@type\":\"ImageObject\",\"inLanguage\":\"en-US\",\"@id\":\"http:\\\/\\\/csahainaut.be\\\/#\\\/schema\\\/logo\\\/image\\\/\",\"url\":\"https:\\\/\\\/csahainaut.be\\\/wp-content\\\/uploads\\\/2024\\\/06\\\/cropped-logo-segec.webp\",\"contentUrl\":\"https:\\\/\\\/csahainaut.be\\\/wp-content\\\/uploads\\\/2024\\\/06\\\/cropped-logo-segec.webp\",\"width\":367,\"height\":217,\"caption\":\"CSA HAINAUT fondamental\"},\"image\":{\"@id\":\"http:\\\/\\\/csahainaut.be\\\/#\\\/schema\\\/logo\\\/image\\\/\"}}]}<\/script>\n<!-- \/ Yoast SEO plugin. -->","yoast_head_json":{"title":"Dossier p\u00e9dagogique des \u00e9l\u00e8ves - CSA HAINAUT fondamental","robots":{"index":"index","follow":"follow","max-snippet":"max-snippet:-1","max-image-preview":"max-image-preview:large","max-video-preview":"max-video-preview:-1"},"canonical":"https:\/\/csahainaut.be\/?page_id=891","og_locale":"en_US","og_type":"article","og_title":"Dossier p\u00e9dagogique des \u00e9l\u00e8ves - CSA HAINAUT fondamental","og_description":"Comment centraliser les donn\u00e9es sensibles ? Vous souhaitez mener une r\u00e9flexion sur le dossier de l&#8217;\u00e9l\u00e8ve ou vous d\u00e9sirez centraliser ces donn\u00e9es dans un espace num\u00e9rique ? Alors cette offre est pour vous !Cliquez sur l&#8217;image pour lire les d\u00e9tails de l&#8217;offre. CSA St\u00e9phane Simon\u00a0 \u00a0\u00a0 Mathieu Deham","og_url":"https:\/\/csahainaut.be\/?page_id=891","og_site_name":"CSA HAINAUT fondamental","article_modified_time":"2024-07-08T10:13:23+00:00","og_image":[{"url":"http:\/\/csahainaut.be\/wp-content\/uploads\/2024\/06\/Dossier-eleve-1024x528.png","type":"","width":"","height":""}],"twitter_card":"summary_large_image","twitter_misc":{"Est. reading time":"1 minute"},"schema":{"@context":"https:\/\/schema.org","@graph":[{"@type":"WebPage","@id":"https:\/\/csahainaut.be\/?page_id=891","url":"https:\/\/csahainaut.be\/?page_id=891","name":"Dossier p\u00e9dagogique des \u00e9l\u00e8ves - CSA HAINAUT fondamental","isPartOf":{"@id":"http:\/\/csahainaut.be\/#website"},"primaryImageOfPage":{"@id":"https:\/\/csahainaut.be\/?page_id=891#primaryimage"},"image":{"@id":"https:\/\/csahainaut.be\/?page_id=891#primaryimage"},"thumbnailUrl":"http:\/\/csahainaut.be\/wp-content\/uploads\/2024\/06\/Dossier-eleve-1024x528.png","datePublished":"2024-06-29T08:12:15+00:00","dateModified":"2024-07-08T10:13:23+00:00","breadcrumb":{"@id":"https:\/\/csahainaut.be\/?page_id=891#breadcrumb"},"inLanguage":"en-US","potentialAction":[{"@type":"ReadAction","target":["https:\/\/csahainaut.be\/?page_id=891"]}]},{"@type":"ImageObject","inLanguage":"en-US","@id":"https:\/\/csahainaut.be\/?page_id=891#primaryimage","url":"https:\/\/csahainaut.be\/wp-content\/uploads\/2024\/06\/Dossier-eleve.png","contentUrl":"https:\/\/csahainaut.be\/wp-content\/uploads\/2024\/06\/Dossier-eleve.png","width":1585,"height":817},{"@type":"BreadcrumbList","@id":"https:\/\/csahainaut.be\/?page_id=891#breadcrumb","itemListElement":[{"@type":"ListItem","position":1,"name":"Accueil","item":"http:\/\/csahainaut.be\/"},{"@type":"ListItem","position":2,"name":"Dossier p\u00e9dagogique des \u00e9l\u00e8ves"}]},{"@type":"WebSite","@id":"http:\/\/csahainaut.be\/#website","url":"http:\/\/csahainaut.be\/","name":"CSA HAINAUT fondamental","description":"Site des conseillers au soutien et \u00e0 l&#039;accompagnement ","publisher":{"@id":"http:\/\/csahainaut.be\/#organization"},"potentialAction":[{"@type":"SearchAction","target":{"@type":"EntryPoint","urlTemplate":"http:\/\/csahainaut.be\/?s={search_term_string}"},"query-input":{"@type":"PropertyValueSpecification","valueRequired":true,"valueName":"search_term_string"}}],"inLanguage":"en-US"},{"@type":"Organization","@id":"http:\/\/csahainaut.be\/#organization","name":"CSA HAINAUT fondamental","url":"http:\/\/csahainaut.be\/","logo":{"@type":"ImageObject","inLanguage":"en-US","@id":"http:\/\/csahainaut.be\/#\/schema\/logo\/image\/","url":"https:\/\/csahainaut.be\/wp-content\/uploads\/2024\/06\/cropped-logo-segec.webp","contentUrl":"https:\/\/csahainaut.be\/wp-content\/uploads\/2024\/06\/cropped-logo-segec.webp","width":367,"height":217,"caption":"CSA HAINAUT fondamental"},"image":{"@id":"http:\/\/csahainaut.be\/#\/schema\/logo\/image\/"}}]}},"jetpack_sharing_enabled":true,"_links":{"self":[{"href":"https:\/\/csahainaut.be\/index.php?rest_route=\/wp\/v2\/pages\/891","targetHints":{"allow":["GET"]}}],"collection":[{"href":"https:\/\/csahainaut.be\/index.php?rest_route=\/wp\/v2\/pages"}],"about":[{"href":"https:\/\/csahainaut.be\/index.php?rest_route=\/wp\/v2\/types\/page"}],"author":[{"embeddable":true,"href":"https:\/\/csahainaut.be\/index.php?rest_route=\/wp\/v2\/users\/1"}],"replies":[{"embeddable":true,"href":"https:\/\/csahainaut.be\/index.php?rest_route=%2Fwp%2Fv2%2Fcomments&post=891"}],"version-history":[{"count":10,"href":"https:\/\/csahainaut.be\/index.php?rest_route=\/wp\/v2\/pages\/891\/revisions"}],"predecessor-version":[{"id":1245,"href":"https:\/\/csahainaut.be\/index.php?rest_route=\/wp\/v2\/pages\/891\/revisions\/1245"}],"wp:attachment":[{"href":"https:\/\/csahainaut.be\/index.php?rest_route=%2Fwp%2Fv2%2Fmedia&parent=891"}],"curies":[{"name":"wp","href":"https:\/\/api.w.org\/{rel}","templated":true}]}}