{"id":207,"date":"2024-06-10T14:28:35","date_gmt":"2024-06-10T12:28:35","guid":{"rendered":"https:\/\/csahainaut.be\/?page_id=207"},"modified":"2024-07-04T11:41:04","modified_gmt":"2024-07-04T09:41:04","slug":"offres-peca","status":"publish","type":"page","link":"https:\/\/csahainaut.be\/?page_id=207","title":{"rendered":"Le PECA"},"content":{"rendered":"\t\t<div data-elementor-type=\"wp-page\" data-elementor-id=\"207\" class=\"elementor elementor-207\">\n\t\t\t\t<div class=\"elementor-element elementor-element-770a6ce e-con-full e-flex e-con e-parent\" data-id=\"770a6ce\" data-element_type=\"container\" data-e-type=\"container\">\n\t\t\t\t<div class=\"elementor-element elementor-element-8cdf42c elementor-widget elementor-widget-image\" data-id=\"8cdf42c\" data-element_type=\"widget\" data-e-type=\"widget\" data-widget_type=\"image.default\">\n\t\t\t\t<div class=\"elementor-widget-container\">\n\t\t\t\t\t\t\t\t\t\t\t\t\t\t\t<img fetchpriority=\"high\" decoding=\"async\" width=\"723\" height=\"393\" src=\"https:\/\/csahainaut.be\/wp-content\/uploads\/2024\/06\/Peca-imame.png\" class=\"attachment-large size-large wp-image-779\" alt=\"\" srcset=\"https:\/\/csahainaut.be\/wp-content\/uploads\/2024\/06\/Peca-imame.png 723w, https:\/\/csahainaut.be\/wp-content\/uploads\/2024\/06\/Peca-imame-300x163.png 300w\" sizes=\"(max-width: 723px) 100vw, 723px\" \/>\t\t\t\t\t\t\t\t\t\t\t\t\t\t\t<\/div>\n\t\t\t\t<\/div>\n\t\t\t\t<div class=\"elementor-element elementor-element-1dc1c45 elementor-widget__width-inherit elementor-widget-divider--view-line elementor-widget elementor-widget-divider\" data-id=\"1dc1c45\" data-element_type=\"widget\" data-e-type=\"widget\" data-widget_type=\"divider.default\">\n\t\t\t\t<div class=\"elementor-widget-container\">\n\t\t\t\t\t\t\t<div class=\"elementor-divider\">\n\t\t\t<span class=\"elementor-divider-separator\">\n\t\t\t\t\t\t<\/span>\n\t\t<\/div>\n\t\t\t\t\t\t<\/div>\n\t\t\t\t<\/div>\n\t\t\t\t<\/div>\n\t\t<div class=\"elementor-element elementor-element-2004b8b e-con-full e-flex e-con e-parent\" data-id=\"2004b8b\" data-element_type=\"container\" data-e-type=\"container\">\n\t\t<div class=\"elementor-element elementor-element-ff23531 e-con-full e-flex e-con e-child\" data-id=\"ff23531\" data-element_type=\"container\" data-e-type=\"container\">\n\t\t\t\t<div class=\"elementor-element elementor-element-f1ba665 elementor-widget__width-initial elementor-widget elementor-widget-text-editor\" data-id=\"f1ba665\" data-element_type=\"widget\" data-e-type=\"widget\" data-widget_type=\"text-editor.default\">\n\t\t\t\t<div class=\"elementor-widget-container\">\n\t\t\t\t\t\t\t\t\t<p><strong>Projets, Partenariats, Parcours et Pluridisciplinarit\u00e9<\/strong><\/p><p>Le &#8220;Parcours d&#8217;\u00c9ducation Culturelle et Artistique&#8221;, offre \u00e0 tous les \u00e9l\u00e8ves, depuis leur entr\u00e9e \u00e0 l&#8217;\u00e9cole jusqu&#8217;\u00e0 la fin de la scolarit\u00e9 obligatoire, un acc\u00e8s \u00e9gal \u00e0 la Culture et \u00e0 l&#8217;Art, \u00e0 travers leurs diff\u00e9rents modes d&#8217;expression. Chaque activit\u00e9 PECA est unique et riche d&#8217;enseignements.<\/p><p>Par leur partage, \u00e9largissons nos horizons, enrichissons nos pratiques, tra\u00e7ons les lignes d&#8217;un Parcours d&#8217;\u00c9ducation Culturel et Artistique qui m\u00e8ne \u00e0 l&#8217;\u00e9mancipation dans la joie !<\/p><p>Le Parcours d\u2019Education Culturelle et Artistique ouvre les portes et d\u00e9cloisonne.<\/p><p>Notre mission est de soutenir et encourager votre \u00e9quipe \u00e9ducative dans la mise en \u0153uvre du PECA.<\/p><p><strong>Nos actions :<\/strong><\/p><ul><li>Informer les \u00e9quipes \u00e9ducatives ;<\/li><li>Valoriser et amplifier le d\u00e9j\u00e0-l\u00e0 ;<\/li><li>Inciter \u00e0 la r\u00e9flexion autour de la notion de Parcours ;<\/li><li>Favoriser les liens avec toutes les disciplines des programmes et votre Contrat d\u2019objectifs ;<\/li><li>Mettre en relation vos enseignants avec le monde de la culture ;<\/li><li>Favoriser les partenariats avec des op\u00e9rateurs locaux dans une dynamique de co-construction ;<\/li><li>Accompagner les d\u00e9l\u00e9gu\u00e9s PECA ;<\/li><li>Inscrire le PECA dans une dynamique d&#8217;\u00e9quipe ;<\/li><li>Autonomiser les \u00e9coles dans la mise en place de leur Parcours ;<\/li><li>Proposer des moments de formation (dans et hors \u00e9cole).<\/li><\/ul><p><strong>Concr\u00e8tement, nous vous proposons\u00a0:<\/strong><\/p><ul><li>L\u2019information g\u00e9n\u00e9rale PECA (1h15 \u2013 1H30)<\/li><li>La cr\u00e9ation d\u2019activit\u00e9s \u2013 projets PECA interdisciplinaires en utilisant les programmes (2 p\u00e9riodes en r\u00e9union d\u2019\u00e9quipe).<\/li><li>La construction du \u00ab\u00a0squelette\u00a0\u00bb du parcours de votre \u00e9cole (2 p\u00e9riodes en r\u00e9union d\u2019\u00e9quipe).<\/li><li>L\u2019accompagnement ponctuel de projets PECA imagin\u00e9s par les enseignants de votre \u00e9cole.<\/li><\/ul><p>Nous restons disponibles durant toute l&#8217;ann\u00e9e pour vous accompagner dans ces actions en fonction de vos besoins. N&#8217;h\u00e9sitez \u00e0 nous contacter, nous nous ferons un plaisir de venir soutenir votre \u00e9quipe.<\/p><p>\u00a0<\/p>\t\t\t\t\t\t\t\t<\/div>\n\t\t\t\t<\/div>\n\t\t\t\t<\/div>\n\t\t<div class=\"elementor-element elementor-element-a6a80f5 e-con-full e-flex e-con e-child\" data-id=\"a6a80f5\" data-element_type=\"container\" data-e-type=\"container\">\n\t\t\t\t<div class=\"elementor-element elementor-element-8c634a1 elementor-widget elementor-widget-heading\" data-id=\"8c634a1\" data-element_type=\"widget\" data-e-type=\"widget\" data-widget_type=\"heading.default\">\n\t\t\t\t<div class=\"elementor-widget-container\">\n\t\t\t\t\t<h4 class=\"elementor-heading-title elementor-size-default\">R\u00e9f\u00e9rents culturels<\/h4>\t\t\t\t<\/div>\n\t\t\t\t<\/div>\n\t\t\t\t<div class=\"elementor-element elementor-element-e378513 elementor-widget elementor-widget-text-editor\" data-id=\"e378513\" data-element_type=\"widget\" data-e-type=\"widget\" data-widget_type=\"text-editor.default\">\n\t\t\t\t<div class=\"elementor-widget-container\">\n\t\t\t\t\t\t\t\t\t<ul><li>Florence Otjacques<\/li><li>Patrick Deworme<\/li><\/ul>\t\t\t\t\t\t\t\t<\/div>\n\t\t\t\t<\/div>\n\t\t\t\t<div class=\"elementor-element elementor-element-e70b34e elementor-widget-divider--view-line elementor-widget elementor-widget-divider\" data-id=\"e70b34e\" data-element_type=\"widget\" data-e-type=\"widget\" data-widget_type=\"divider.default\">\n\t\t\t\t<div class=\"elementor-widget-container\">\n\t\t\t\t\t\t\t<div class=\"elementor-divider\">\n\t\t\t<span class=\"elementor-divider-separator\">\n\t\t\t\t\t\t<\/span>\n\t\t<\/div>\n\t\t\t\t\t\t<\/div>\n\t\t\t\t<\/div>\n\t\t\t\t<\/div>\n\t\t\t\t<\/div>\n\t\t<div class=\"elementor-element elementor-element-2e5a962 e-con-full e-flex e-con e-parent\" data-id=\"2e5a962\" data-element_type=\"container\" data-e-type=\"container\">\n\t\t\t\t<div class=\"elementor-element elementor-element-6687e6a elementor-widget elementor-widget-text-editor\" data-id=\"6687e6a\" data-element_type=\"widget\" data-e-type=\"widget\" data-widget_type=\"text-editor.default\">\n\t\t\t\t<div class=\"elementor-widget-container\">\n\t\t\t\t\t\t\t\t\t<h4 class=\"elementor-heading-title elementor-size-default elementor-inline-editing pen\" style=\"font-family: var( --e-global-typography-primary-font-family ), Sans-serif; font-weight: var( --e-global-typography-primary-font-weight );\" data-elementor-setting-key=\"title\" data-pen-placeholder=\"\u00c9crivez ici...\"><span style=\"color: #339966;\">R\u00e9f\u00e9rents culturels<\/span><\/h4>\t\t\t\t\t\t\t\t<\/div>\n\t\t\t\t<\/div>\n\t\t\t\t<div class=\"elementor-element elementor-element-77b0120 elementor-arrows-position-inside elementor-pagination-position-outside elementor-widget elementor-widget-image-carousel\" data-id=\"77b0120\" data-element_type=\"widget\" data-e-type=\"widget\" data-settings=\"{&quot;slides_to_show&quot;:&quot;4&quot;,&quot;navigation&quot;:&quot;both&quot;,&quot;autoplay&quot;:&quot;yes&quot;,&quot;pause_on_hover&quot;:&quot;yes&quot;,&quot;pause_on_interaction&quot;:&quot;yes&quot;,&quot;autoplay_speed&quot;:5000,&quot;infinite&quot;:&quot;yes&quot;,&quot;speed&quot;:500}\" data-widget_type=\"image-carousel.default\">\n\t\t\t\t<div class=\"elementor-widget-container\">\n\t\t\t\t\t\t\t<div class=\"elementor-image-carousel-wrapper swiper\" role=\"region\" aria-roledescription=\"carousel\" aria-label=\"Image Carousel\" dir=\"ltr\">\n\t\t\t<div class=\"elementor-image-carousel swiper-wrapper\" aria-live=\"off\">\n\t\t\t\t\t\t\t\t<div class=\"swiper-slide\" role=\"group\" aria-roledescription=\"slide\" aria-label=\"1 of 8\"><figure class=\"swiper-slide-inner\"><img decoding=\"async\" class=\"swiper-slide-image\" src=\"https:\/\/csahainaut.be\/wp-content\/uploads\/2024\/06\/444489115_10233522106019699_5758096784024280198_n-150x150.jpg\" alt=\"444489115_10233522106019699_5758096784024280198_n\" \/><\/figure><\/div><div class=\"swiper-slide\" role=\"group\" aria-roledescription=\"slide\" aria-label=\"2 of 8\"><figure class=\"swiper-slide-inner\"><img decoding=\"async\" class=\"swiper-slide-image\" src=\"https:\/\/csahainaut.be\/wp-content\/uploads\/2024\/06\/445544619_10233510659053532_8203660522675278236_n-1-150x150.jpg\" alt=\"445544619_10233510659053532_8203660522675278236_n 1\" \/><\/figure><\/div><div class=\"swiper-slide\" role=\"group\" aria-roledescription=\"slide\" aria-label=\"3 of 8\"><figure class=\"swiper-slide-inner\"><img decoding=\"async\" class=\"swiper-slide-image\" src=\"https:\/\/csahainaut.be\/wp-content\/uploads\/2024\/06\/446990323_10233517170176306_3676208659876038108_n-1-150x150.jpg\" alt=\"446990323_10233517170176306_3676208659876038108_n 1\" \/><\/figure><\/div><div class=\"swiper-slide\" role=\"group\" aria-roledescription=\"slide\" aria-label=\"4 of 8\"><figure class=\"swiper-slide-inner\"><img decoding=\"async\" class=\"swiper-slide-image\" src=\"https:\/\/csahainaut.be\/wp-content\/uploads\/2024\/06\/447021774_10233521044513162_8482366441313511759_n-1-150x150.jpg\" alt=\"447021774_10233521044513162_8482366441313511759_n 1\" \/><\/figure><\/div><div class=\"swiper-slide\" role=\"group\" aria-roledescription=\"slide\" aria-label=\"5 of 8\"><figure class=\"swiper-slide-inner\"><img decoding=\"async\" class=\"swiper-slide-image\" src=\"https:\/\/csahainaut.be\/wp-content\/uploads\/2024\/06\/447193656_10233527726960219_4250249030030656130_n-1-150x150.jpg\" alt=\"447193656_10233527726960219_4250249030030656130_n 1\" \/><\/figure><\/div><div class=\"swiper-slide\" role=\"group\" aria-roledescription=\"slide\" aria-label=\"6 of 8\"><figure class=\"swiper-slide-inner\"><img decoding=\"async\" class=\"swiper-slide-image\" src=\"https:\/\/csahainaut.be\/wp-content\/uploads\/2024\/06\/448398812_10233614339405476_8646363659595221301_n-1-150x150.jpg\" alt=\"448398812_10233614339405476_8646363659595221301_n 1\" \/><\/figure><\/div><div class=\"swiper-slide\" role=\"group\" aria-roledescription=\"slide\" aria-label=\"7 of 8\"><figure class=\"swiper-slide-inner\"><img decoding=\"async\" class=\"swiper-slide-image\" src=\"https:\/\/csahainaut.be\/wp-content\/uploads\/2024\/06\/448497211_10233620557880934_6713647304170180522_n-1-150x150.jpg\" alt=\"448497211_10233620557880934_6713647304170180522_n 1\" \/><\/figure><\/div><div class=\"swiper-slide\" role=\"group\" aria-roledescription=\"slide\" aria-label=\"8 of 8\"><figure class=\"swiper-slide-inner\"><img decoding=\"async\" class=\"swiper-slide-image\" src=\"https:\/\/csahainaut.be\/wp-content\/uploads\/2024\/06\/448604349_10233635554215833_5911895509532481570_n-1-150x150.jpg\" alt=\"448604349_10233635554215833_5911895509532481570_n 1\" \/><\/figure><\/div>\t\t\t<\/div>\n\t\t\t\t\t\t\t\t\t\t\t\t<div class=\"elementor-swiper-button elementor-swiper-button-prev\" role=\"button\" tabindex=\"0\">\n\t\t\t\t\t\t<svg aria-hidden=\"true\" class=\"e-font-icon-svg e-eicon-chevron-left\" viewBox=\"0 0 1000 1000\" xmlns=\"http:\/\/www.w3.org\/2000\/svg\"><path d=\"M646 125C629 125 613 133 604 142L308 442C296 454 292 471 292 487 292 504 296 521 308 533L604 854C617 867 629 875 646 875 663 875 679 871 692 858 704 846 713 829 713 812 713 796 708 779 692 767L438 487 692 225C700 217 708 204 708 187 708 171 704 154 692 142 675 129 663 125 646 125Z\"><\/path><\/svg>\t\t\t\t\t<\/div>\n\t\t\t\t\t<div class=\"elementor-swiper-button elementor-swiper-button-next\" role=\"button\" tabindex=\"0\">\n\t\t\t\t\t\t<svg aria-hidden=\"true\" class=\"e-font-icon-svg e-eicon-chevron-right\" viewBox=\"0 0 1000 1000\" xmlns=\"http:\/\/www.w3.org\/2000\/svg\"><path d=\"M696 533C708 521 713 504 713 487 713 471 708 454 696 446L400 146C388 133 375 125 354 125 338 125 325 129 313 142 300 154 292 171 292 187 292 204 296 221 308 233L563 492 304 771C292 783 288 800 288 817 288 833 296 850 308 863 321 871 338 875 354 875 371 875 388 867 400 854L696 533Z\"><\/path><\/svg>\t\t\t\t\t<\/div>\n\t\t\t\t\n\t\t\t\t\t\t\t\t\t<div class=\"swiper-pagination\"><\/div>\n\t\t\t\t\t\t\t\t\t<\/div>\n\t\t\t\t\t\t<\/div>\n\t\t\t\t<\/div>\n\t\t\t\t<\/div>\n\t\t\t\t<\/div>\n\t\t","protected":false},"excerpt":{"rendered":"<p>Projets, Partenariats, Parcours et Pluridisciplinarit\u00e9 Le &#8220;Parcours d&#8217;\u00c9ducation Culturelle et Artistique&#8221;, offre \u00e0 tous les \u00e9l\u00e8ves, depuis leur entr\u00e9e \u00e0 l&#8217;\u00e9cole jusqu&#8217;\u00e0 la fin de la scolarit\u00e9 obligatoire, un acc\u00e8s \u00e9gal \u00e0 la Culture et \u00e0 l&#8217;Art, \u00e0 travers leurs diff\u00e9rents modes d&#8217;expression. Chaque activit\u00e9 PECA est unique et riche d&#8217;enseignements. Par leur partage, \u00e9largissons &hellip; <\/p>\n<p><a class=\"more-link btn\" href=\"https:\/\/csahainaut.be\/?page_id=207\">Continue reading<\/a><\/p>\n","protected":false},"author":1,"featured_media":0,"parent":0,"menu_order":0,"comment_status":"closed","ping_status":"closed","template":"","meta":{"footnotes":""},"class_list":["post-207","page","type-page","status-publish","hentry","nodate","item-wrap"],"yoast_head":"<!-- This site is optimized with the Yoast SEO plugin v27.4 - https:\/\/yoast.com\/product\/yoast-seo-wordpress\/ -->\n<title>Le PECA - CSA HAINAUT fondamental<\/title>\n<meta name=\"robots\" content=\"index, follow, max-snippet:-1, max-image-preview:large, max-video-preview:-1\" \/>\n<link rel=\"canonical\" href=\"https:\/\/csahainaut.be\/?page_id=207\" \/>\n<meta property=\"og:locale\" content=\"en_US\" \/>\n<meta property=\"og:type\" content=\"article\" \/>\n<meta property=\"og:title\" content=\"Le PECA - CSA HAINAUT fondamental\" \/>\n<meta property=\"og:description\" content=\"Projets, Partenariats, Parcours et Pluridisciplinarit\u00e9 Le &#8220;Parcours d&#8217;\u00c9ducation Culturelle et Artistique&#8221;, offre \u00e0 tous les \u00e9l\u00e8ves, depuis leur entr\u00e9e \u00e0 l&#8217;\u00e9cole jusqu&#8217;\u00e0 la fin de la scolarit\u00e9 obligatoire, un acc\u00e8s \u00e9gal \u00e0 la Culture et \u00e0 l&#8217;Art, \u00e0 travers leurs diff\u00e9rents modes d&#8217;expression. Chaque activit\u00e9 PECA est unique et riche d&#8217;enseignements. Par leur partage, \u00e9largissons &hellip; Continue reading\" \/>\n<meta property=\"og:url\" content=\"https:\/\/csahainaut.be\/?page_id=207\" \/>\n<meta property=\"og:site_name\" content=\"CSA HAINAUT fondamental\" \/>\n<meta property=\"article:modified_time\" content=\"2024-07-04T09:41:04+00:00\" \/>\n<meta property=\"og:image\" content=\"http:\/\/csahainaut.be\/wp-content\/uploads\/2024\/06\/Peca-imame.png\" \/>\n<meta name=\"twitter:card\" content=\"summary_large_image\" \/>\n<meta name=\"twitter:label1\" content=\"Est. reading time\" \/>\n\t<meta name=\"twitter:data1\" content=\"4 minutes\" \/>\n<script type=\"application\/ld+json\" class=\"yoast-schema-graph\">{\"@context\":\"https:\\\/\\\/schema.org\",\"@graph\":[{\"@type\":\"WebPage\",\"@id\":\"https:\\\/\\\/csahainaut.be\\\/?page_id=207\",\"url\":\"https:\\\/\\\/csahainaut.be\\\/?page_id=207\",\"name\":\"Le PECA - CSA HAINAUT fondamental\",\"isPartOf\":{\"@id\":\"http:\\\/\\\/csahainaut.be\\\/#website\"},\"primaryImageOfPage\":{\"@id\":\"https:\\\/\\\/csahainaut.be\\\/?page_id=207#primaryimage\"},\"image\":{\"@id\":\"https:\\\/\\\/csahainaut.be\\\/?page_id=207#primaryimage\"},\"thumbnailUrl\":\"http:\\\/\\\/csahainaut.be\\\/wp-content\\\/uploads\\\/2024\\\/06\\\/Peca-imame.png\",\"datePublished\":\"2024-06-10T12:28:35+00:00\",\"dateModified\":\"2024-07-04T09:41:04+00:00\",\"breadcrumb\":{\"@id\":\"https:\\\/\\\/csahainaut.be\\\/?page_id=207#breadcrumb\"},\"inLanguage\":\"en-US\",\"potentialAction\":[{\"@type\":\"ReadAction\",\"target\":[\"https:\\\/\\\/csahainaut.be\\\/?page_id=207\"]}]},{\"@type\":\"ImageObject\",\"inLanguage\":\"en-US\",\"@id\":\"https:\\\/\\\/csahainaut.be\\\/?page_id=207#primaryimage\",\"url\":\"https:\\\/\\\/csahainaut.be\\\/wp-content\\\/uploads\\\/2024\\\/06\\\/Peca-imame.png\",\"contentUrl\":\"https:\\\/\\\/csahainaut.be\\\/wp-content\\\/uploads\\\/2024\\\/06\\\/Peca-imame.png\",\"width\":723,\"height\":393},{\"@type\":\"BreadcrumbList\",\"@id\":\"https:\\\/\\\/csahainaut.be\\\/?page_id=207#breadcrumb\",\"itemListElement\":[{\"@type\":\"ListItem\",\"position\":1,\"name\":\"Accueil\",\"item\":\"http:\\\/\\\/csahainaut.be\\\/\"},{\"@type\":\"ListItem\",\"position\":2,\"name\":\"Le PECA\"}]},{\"@type\":\"WebSite\",\"@id\":\"http:\\\/\\\/csahainaut.be\\\/#website\",\"url\":\"http:\\\/\\\/csahainaut.be\\\/\",\"name\":\"CSA HAINAUT fondamental\",\"description\":\"Site des conseillers au soutien et \u00e0 l&#039;accompagnement \",\"publisher\":{\"@id\":\"http:\\\/\\\/csahainaut.be\\\/#organization\"},\"potentialAction\":[{\"@type\":\"SearchAction\",\"target\":{\"@type\":\"EntryPoint\",\"urlTemplate\":\"http:\\\/\\\/csahainaut.be\\\/?s={search_term_string}\"},\"query-input\":{\"@type\":\"PropertyValueSpecification\",\"valueRequired\":true,\"valueName\":\"search_term_string\"}}],\"inLanguage\":\"en-US\"},{\"@type\":\"Organization\",\"@id\":\"http:\\\/\\\/csahainaut.be\\\/#organization\",\"name\":\"CSA HAINAUT fondamental\",\"url\":\"http:\\\/\\\/csahainaut.be\\\/\",\"logo\":{\"@type\":\"ImageObject\",\"inLanguage\":\"en-US\",\"@id\":\"http:\\\/\\\/csahainaut.be\\\/#\\\/schema\\\/logo\\\/image\\\/\",\"url\":\"https:\\\/\\\/csahainaut.be\\\/wp-content\\\/uploads\\\/2024\\\/06\\\/cropped-logo-segec.webp\",\"contentUrl\":\"https:\\\/\\\/csahainaut.be\\\/wp-content\\\/uploads\\\/2024\\\/06\\\/cropped-logo-segec.webp\",\"width\":367,\"height\":217,\"caption\":\"CSA HAINAUT fondamental\"},\"image\":{\"@id\":\"http:\\\/\\\/csahainaut.be\\\/#\\\/schema\\\/logo\\\/image\\\/\"}}]}<\/script>\n<!-- \/ Yoast SEO plugin. -->","yoast_head_json":{"title":"Le PECA - CSA HAINAUT fondamental","robots":{"index":"index","follow":"follow","max-snippet":"max-snippet:-1","max-image-preview":"max-image-preview:large","max-video-preview":"max-video-preview:-1"},"canonical":"https:\/\/csahainaut.be\/?page_id=207","og_locale":"en_US","og_type":"article","og_title":"Le PECA - CSA HAINAUT fondamental","og_description":"Projets, Partenariats, Parcours et Pluridisciplinarit\u00e9 Le &#8220;Parcours d&#8217;\u00c9ducation Culturelle et Artistique&#8221;, offre \u00e0 tous les \u00e9l\u00e8ves, depuis leur entr\u00e9e \u00e0 l&#8217;\u00e9cole jusqu&#8217;\u00e0 la fin de la scolarit\u00e9 obligatoire, un acc\u00e8s \u00e9gal \u00e0 la Culture et \u00e0 l&#8217;Art, \u00e0 travers leurs diff\u00e9rents modes d&#8217;expression. Chaque activit\u00e9 PECA est unique et riche d&#8217;enseignements. Par leur partage, \u00e9largissons &hellip; Continue reading","og_url":"https:\/\/csahainaut.be\/?page_id=207","og_site_name":"CSA HAINAUT fondamental","article_modified_time":"2024-07-04T09:41:04+00:00","og_image":[{"url":"http:\/\/csahainaut.be\/wp-content\/uploads\/2024\/06\/Peca-imame.png","type":"","width":"","height":""}],"twitter_card":"summary_large_image","twitter_misc":{"Est. reading time":"4 minutes"},"schema":{"@context":"https:\/\/schema.org","@graph":[{"@type":"WebPage","@id":"https:\/\/csahainaut.be\/?page_id=207","url":"https:\/\/csahainaut.be\/?page_id=207","name":"Le PECA - CSA HAINAUT fondamental","isPartOf":{"@id":"http:\/\/csahainaut.be\/#website"},"primaryImageOfPage":{"@id":"https:\/\/csahainaut.be\/?page_id=207#primaryimage"},"image":{"@id":"https:\/\/csahainaut.be\/?page_id=207#primaryimage"},"thumbnailUrl":"http:\/\/csahainaut.be\/wp-content\/uploads\/2024\/06\/Peca-imame.png","datePublished":"2024-06-10T12:28:35+00:00","dateModified":"2024-07-04T09:41:04+00:00","breadcrumb":{"@id":"https:\/\/csahainaut.be\/?page_id=207#breadcrumb"},"inLanguage":"en-US","potentialAction":[{"@type":"ReadAction","target":["https:\/\/csahainaut.be\/?page_id=207"]}]},{"@type":"ImageObject","inLanguage":"en-US","@id":"https:\/\/csahainaut.be\/?page_id=207#primaryimage","url":"https:\/\/csahainaut.be\/wp-content\/uploads\/2024\/06\/Peca-imame.png","contentUrl":"https:\/\/csahainaut.be\/wp-content\/uploads\/2024\/06\/Peca-imame.png","width":723,"height":393},{"@type":"BreadcrumbList","@id":"https:\/\/csahainaut.be\/?page_id=207#breadcrumb","itemListElement":[{"@type":"ListItem","position":1,"name":"Accueil","item":"http:\/\/csahainaut.be\/"},{"@type":"ListItem","position":2,"name":"Le PECA"}]},{"@type":"WebSite","@id":"http:\/\/csahainaut.be\/#website","url":"http:\/\/csahainaut.be\/","name":"CSA HAINAUT fondamental","description":"Site des conseillers au soutien et \u00e0 l&#039;accompagnement ","publisher":{"@id":"http:\/\/csahainaut.be\/#organization"},"potentialAction":[{"@type":"SearchAction","target":{"@type":"EntryPoint","urlTemplate":"http:\/\/csahainaut.be\/?s={search_term_string}"},"query-input":{"@type":"PropertyValueSpecification","valueRequired":true,"valueName":"search_term_string"}}],"inLanguage":"en-US"},{"@type":"Organization","@id":"http:\/\/csahainaut.be\/#organization","name":"CSA HAINAUT fondamental","url":"http:\/\/csahainaut.be\/","logo":{"@type":"ImageObject","inLanguage":"en-US","@id":"http:\/\/csahainaut.be\/#\/schema\/logo\/image\/","url":"https:\/\/csahainaut.be\/wp-content\/uploads\/2024\/06\/cropped-logo-segec.webp","contentUrl":"https:\/\/csahainaut.be\/wp-content\/uploads\/2024\/06\/cropped-logo-segec.webp","width":367,"height":217,"caption":"CSA HAINAUT fondamental"},"image":{"@id":"http:\/\/csahainaut.be\/#\/schema\/logo\/image\/"}}]}},"jetpack_sharing_enabled":true,"_links":{"self":[{"href":"https:\/\/csahainaut.be\/index.php?rest_route=\/wp\/v2\/pages\/207","targetHints":{"allow":["GET"]}}],"collection":[{"href":"https:\/\/csahainaut.be\/index.php?rest_route=\/wp\/v2\/pages"}],"about":[{"href":"https:\/\/csahainaut.be\/index.php?rest_route=\/wp\/v2\/types\/page"}],"author":[{"embeddable":true,"href":"https:\/\/csahainaut.be\/index.php?rest_route=\/wp\/v2\/users\/1"}],"replies":[{"embeddable":true,"href":"https:\/\/csahainaut.be\/index.php?rest_route=%2Fwp%2Fv2%2Fcomments&post=207"}],"version-history":[{"count":44,"href":"https:\/\/csahainaut.be\/index.php?rest_route=\/wp\/v2\/pages\/207\/revisions"}],"predecessor-version":[{"id":1182,"href":"https:\/\/csahainaut.be\/index.php?rest_route=\/wp\/v2\/pages\/207\/revisions\/1182"}],"wp:attachment":[{"href":"https:\/\/csahainaut.be\/index.php?rest_route=%2Fwp%2Fv2%2Fmedia&parent=207"}],"curies":[{"name":"wp","href":"https:\/\/api.w.org\/{rel}","templated":true}]}}