{"id":184,"date":"2024-06-10T14:19:38","date_gmt":"2024-06-10T12:19:38","guid":{"rendered":"https:\/\/csahainaut.be\/?page_id=184"},"modified":"2024-06-24T10:13:09","modified_gmt":"2024-06-24T08:13:09","slug":"offres-numeriques","status":"publish","type":"page","link":"https:\/\/csahainaut.be\/?page_id=184","title":{"rendered":"Offres num\u00e9riques"},"content":{"rendered":"\t\t<div data-elementor-type=\"wp-page\" data-elementor-id=\"184\" class=\"elementor elementor-184\">\n\t\t\t\t<div class=\"elementor-element elementor-element-8823079 e-con-full e-flex e-con e-parent\" data-id=\"8823079\" data-element_type=\"container\" data-e-type=\"container\">\n\t\t\t\t<div class=\"elementor-element elementor-element-9f2c3ab elementor-widget__width-initial elementor-widget elementor-widget-heading\" data-id=\"9f2c3ab\" data-element_type=\"widget\" data-e-type=\"widget\" data-widget_type=\"heading.default\">\n\t\t\t\t<div class=\"elementor-widget-container\">\n\t\t\t\t\t<h3 class=\"elementor-heading-title elementor-size-default\"><h3 class=\"elementor-heading-title elementor-size-default elementor-inline-editing pen\" data-elementor-setting-key=\"title\" data-pen-placeholder=\"\u00c9crivez ici...\" style=\"font-family: Roboto, sans-serif;font-weight: 400;line-height: 1px\"><i>Rendre le num\u00e9rique accessible dans nos classes <\/i><\/h3><\/h3>\t\t\t\t<\/div>\n\t\t\t\t<\/div>\n\t\t\t\t<div class=\"elementor-element elementor-element-30c9ac4 elementor-widget__width-inherit elementor-widget-divider--view-line elementor-widget elementor-widget-divider\" data-id=\"30c9ac4\" data-element_type=\"widget\" data-e-type=\"widget\" data-widget_type=\"divider.default\">\n\t\t\t\t<div class=\"elementor-widget-container\">\n\t\t\t\t\t\t\t<div class=\"elementor-divider\">\n\t\t\t<span class=\"elementor-divider-separator\">\n\t\t\t\t\t\t<\/span>\n\t\t<\/div>\n\t\t\t\t\t\t<\/div>\n\t\t\t\t<\/div>\n\t\t\t\t<\/div>\n\t\t<div class=\"elementor-element elementor-element-5642778 e-con-full e-flex e-con e-parent\" data-id=\"5642778\" data-element_type=\"container\" data-e-type=\"container\">\n\t\t<div class=\"elementor-element elementor-element-3d7c73a e-con-full e-flex e-con e-child\" data-id=\"3d7c73a\" data-element_type=\"container\" data-e-type=\"container\">\n\t\t\t\t<div class=\"elementor-element elementor-element-0e99d2c elementor-widget__width-initial elementor-widget elementor-widget-text-editor\" data-id=\"0e99d2c\" data-element_type=\"widget\" data-e-type=\"widget\" data-widget_type=\"text-editor.default\">\n\t\t\t\t<div class=\"elementor-widget-container\">\n\t\t\t\t\t\t\t\t\t<p><span class=\"TextRun SCXW26256347 BCX8\" lang=\"FR-FR\" xml:lang=\"FR-FR\" data-contrast=\"none\"><span class=\"NormalTextRun SCXW26256347 BCX8\">Le num\u00e9rique est omnipr\u00e9sent dans nos vies. A travers nos diff\u00e9rentes offres, nous vous proposons de d\u00e9couvrir diff\u00e9rents outils qui permettront aux enseignants de faire \u00e9voluer leur vision du num\u00e9rique p\u00e9dagogique.<\/span><\/span><\/p><p><b style=\"color: var( --e-global-color-text ); font-family: var( --e-global-typography-text-font-family ), Sans-serif; text-align: var(--text-align);\">Public cible<\/b><\/p><p>Directions et enseignants du fondamental<\/p><p><b style=\"color: var( --e-global-color-text ); font-family: var( --e-global-typography-text-font-family ), Sans-serif; text-align: var(--text-align);\">Objectifs<\/b><\/p><ul><li><span class=\"NormalTextRun SCXW47977201 BCX8\">Faire \u00e9voluer les pratiques p\u00e9dagogiques de vos enseignants.<br \/><\/span><\/li><li><span class=\"NormalTextRun SCXW47977201 BCX8\">Accompagner les \u00e9quipes sur l&#8217;environnement num\u00e9rique de travail.<\/span><\/li><li>Accompagner votre r\u00e9f\u00e9rent num\u00e9rique.<\/li><li><span class=\"NormalTextRun SCXW47977201 BCX8\">Accompagner les \u00e9quipes sur le dossier de l&#8217;\u00e9l\u00e8ve num\u00e9ris\u00e9.<\/span><\/li><li><span class=\"NormalTextRun SCXW47977201 BCX8\">Accompagner les directions sur les outils de monitorage et de travail collaboratif.<\/span><\/li><\/ul><p><b style=\"color: var( --e-global-color-text ); font-family: var( --e-global-typography-text-font-family ), Sans-serif; text-align: var(--text-align);\">Descriptif<\/b><\/p><p>En cliquant sur le lien ci-dessous, vous aurez acc\u00e8s \u00e0 l&#8217;ensemble de nos offres.\u00a0<br \/>Si vous souhaitez vous inscrire, les liens sont \u00e9galement pr\u00e9sents dans les sous-menus du site.<\/p>\t\t\t\t\t\t\t\t<\/div>\n\t\t\t\t<\/div>\n\t\t\t\t<\/div>\n\t\t<div class=\"elementor-element elementor-element-5d4ea4d e-con-full e-flex e-con e-child\" data-id=\"5d4ea4d\" data-element_type=\"container\" data-e-type=\"container\">\n\t\t\t\t<div class=\"elementor-element elementor-element-bab47f0 elementor-widget elementor-widget-heading\" data-id=\"bab47f0\" data-element_type=\"widget\" data-e-type=\"widget\" data-widget_type=\"heading.default\">\n\t\t\t\t<div class=\"elementor-widget-container\">\n\t\t\t\t\t<h4 class=\"elementor-heading-title elementor-size-default\">CSA<\/h4>\t\t\t\t<\/div>\n\t\t\t\t<\/div>\n\t\t\t\t<div class=\"elementor-element elementor-element-b1be5e3 elementor-widget elementor-widget-text-editor\" data-id=\"b1be5e3\" data-element_type=\"widget\" data-e-type=\"widget\" data-widget_type=\"text-editor.default\">\n\t\t\t\t<div class=\"elementor-widget-container\">\n\t\t\t\t\t\t\t\t\t<ul><li>St\u00e9phane Simon<\/li><li>Mathieu Deham<\/li><\/ul>\t\t\t\t\t\t\t\t<\/div>\n\t\t\t\t<\/div>\n\t\t\t\t<div class=\"elementor-element elementor-element-5f8328a elementor-widget-divider--view-line elementor-widget elementor-widget-divider\" data-id=\"5f8328a\" data-element_type=\"widget\" data-e-type=\"widget\" data-widget_type=\"divider.default\">\n\t\t\t\t<div class=\"elementor-widget-container\">\n\t\t\t\t\t\t\t<div class=\"elementor-divider\">\n\t\t\t<span class=\"elementor-divider-separator\">\n\t\t\t\t\t\t<\/span>\n\t\t<\/div>\n\t\t\t\t\t\t<\/div>\n\t\t\t\t<\/div>\n\t\t\t\t<\/div>\n\t\t\t\t<\/div>\n\t\t<div class=\"elementor-element elementor-element-dd09b9b e-con-full e-flex e-con e-parent\" data-id=\"dd09b9b\" data-element_type=\"container\" data-e-type=\"container\">\n\t\t\t\t<div class=\"elementor-element elementor-element-e840a50 elementor-widget elementor-widget-text-editor\" data-id=\"e840a50\" data-element_type=\"widget\" data-e-type=\"widget\" data-widget_type=\"text-editor.default\">\n\t\t\t\t<div class=\"elementor-widget-container\">\n\t\t\t\t\t\t\t\t\t<p style=\"text-align: left;\"><iframe style=\"border: solid #000000;\" src=\"https:\/\/view.genially.com\/61dfcd912505f50d6eab153a\" name=\"myIFrame\" width=\"1200px\" height=\"800px\" scrolling=\"auto\"><\/iframe><\/p>\t\t\t\t\t\t\t\t<\/div>\n\t\t\t\t<\/div>\n\t\t\t\t<\/div>\n\t\t\t\t<\/div>\n\t\t","protected":false},"excerpt":{"rendered":"<p>Rendre le num\u00e9rique accessible dans nos classes Le num\u00e9rique est omnipr\u00e9sent dans nos vies. A travers nos diff\u00e9rentes offres, nous vous proposons de d\u00e9couvrir diff\u00e9rents outils qui permettront aux enseignants de faire \u00e9voluer leur vision du num\u00e9rique p\u00e9dagogique. Public cible Directions et enseignants du fondamental Objectifs Faire \u00e9voluer les pratiques p\u00e9dagogiques de vos enseignants. Accompagner &hellip; <\/p>\n<p><a class=\"more-link btn\" href=\"https:\/\/csahainaut.be\/?page_id=184\">Continue reading<\/a><\/p>\n","protected":false},"author":1,"featured_media":0,"parent":0,"menu_order":0,"comment_status":"closed","ping_status":"closed","template":"","meta":{"footnotes":""},"class_list":["post-184","page","type-page","status-publish","hentry","nodate","item-wrap"],"yoast_head":"<!-- This site is optimized with the Yoast SEO plugin v27.5 - https:\/\/yoast.com\/product\/yoast-seo-wordpress\/ -->\n<title>Offres num\u00e9riques - CSA HAINAUT fondamental<\/title>\n<meta name=\"robots\" content=\"index, follow, max-snippet:-1, max-image-preview:large, max-video-preview:-1\" \/>\n<link rel=\"canonical\" href=\"http:\/\/csahainaut.be\/?page_id=184\" \/>\n<meta property=\"og:locale\" content=\"en_US\" \/>\n<meta property=\"og:type\" content=\"article\" \/>\n<meta property=\"og:title\" content=\"Offres num\u00e9riques - CSA HAINAUT fondamental\" \/>\n<meta property=\"og:description\" content=\"Rendre le num\u00e9rique accessible dans nos classes Le num\u00e9rique est omnipr\u00e9sent dans nos vies. A travers nos diff\u00e9rentes offres, nous vous proposons de d\u00e9couvrir diff\u00e9rents outils qui permettront aux enseignants de faire \u00e9voluer leur vision du num\u00e9rique p\u00e9dagogique. Public cible Directions et enseignants du fondamental Objectifs Faire \u00e9voluer les pratiques p\u00e9dagogiques de vos enseignants. Accompagner &hellip; Continue reading\" \/>\n<meta property=\"og:url\" content=\"http:\/\/csahainaut.be\/?page_id=184\" \/>\n<meta property=\"og:site_name\" content=\"CSA HAINAUT fondamental\" \/>\n<meta property=\"article:modified_time\" content=\"2024-06-24T08:13:09+00:00\" \/>\n<meta name=\"twitter:card\" content=\"summary_large_image\" \/>\n<meta name=\"twitter:label1\" content=\"Est. reading time\" \/>\n\t<meta name=\"twitter:data1\" content=\"1 minute\" \/>\n<script type=\"application\/ld+json\" class=\"yoast-schema-graph\">{\"@context\":\"https:\\\/\\\/schema.org\",\"@graph\":[{\"@type\":\"WebPage\",\"@id\":\"http:\\\/\\\/csahainaut.be\\\/?page_id=184\",\"url\":\"http:\\\/\\\/csahainaut.be\\\/?page_id=184\",\"name\":\"Offres num\u00e9riques - CSA HAINAUT fondamental\",\"isPartOf\":{\"@id\":\"https:\\\/\\\/csahainaut.be\\\/#website\"},\"datePublished\":\"2024-06-10T12:19:38+00:00\",\"dateModified\":\"2024-06-24T08:13:09+00:00\",\"breadcrumb\":{\"@id\":\"http:\\\/\\\/csahainaut.be\\\/?page_id=184#breadcrumb\"},\"inLanguage\":\"en-US\",\"potentialAction\":[{\"@type\":\"ReadAction\",\"target\":[\"http:\\\/\\\/csahainaut.be\\\/?page_id=184\"]}]},{\"@type\":\"BreadcrumbList\",\"@id\":\"http:\\\/\\\/csahainaut.be\\\/?page_id=184#breadcrumb\",\"itemListElement\":[{\"@type\":\"ListItem\",\"position\":1,\"name\":\"Accueil\",\"item\":\"https:\\\/\\\/csahainaut.be\\\/\"},{\"@type\":\"ListItem\",\"position\":2,\"name\":\"Offres num\u00e9riques\"}]},{\"@type\":\"WebSite\",\"@id\":\"https:\\\/\\\/csahainaut.be\\\/#website\",\"url\":\"https:\\\/\\\/csahainaut.be\\\/\",\"name\":\"CSA HAINAUT fondamental\",\"description\":\"Site des conseillers au soutien et \u00e0 l&#039;accompagnement \",\"publisher\":{\"@id\":\"https:\\\/\\\/csahainaut.be\\\/#organization\"},\"potentialAction\":[{\"@type\":\"SearchAction\",\"target\":{\"@type\":\"EntryPoint\",\"urlTemplate\":\"https:\\\/\\\/csahainaut.be\\\/?s={search_term_string}\"},\"query-input\":{\"@type\":\"PropertyValueSpecification\",\"valueRequired\":true,\"valueName\":\"search_term_string\"}}],\"inLanguage\":\"en-US\"},{\"@type\":\"Organization\",\"@id\":\"https:\\\/\\\/csahainaut.be\\\/#organization\",\"name\":\"CSA HAINAUT fondamental\",\"url\":\"https:\\\/\\\/csahainaut.be\\\/\",\"logo\":{\"@type\":\"ImageObject\",\"inLanguage\":\"en-US\",\"@id\":\"https:\\\/\\\/csahainaut.be\\\/#\\\/schema\\\/logo\\\/image\\\/\",\"url\":\"https:\\\/\\\/csahainaut.be\\\/wp-content\\\/uploads\\\/2024\\\/06\\\/cropped-logo-segec.webp\",\"contentUrl\":\"https:\\\/\\\/csahainaut.be\\\/wp-content\\\/uploads\\\/2024\\\/06\\\/cropped-logo-segec.webp\",\"width\":367,\"height\":217,\"caption\":\"CSA HAINAUT fondamental\"},\"image\":{\"@id\":\"https:\\\/\\\/csahainaut.be\\\/#\\\/schema\\\/logo\\\/image\\\/\"}}]}<\/script>\n<!-- \/ Yoast SEO plugin. -->","yoast_head_json":{"title":"Offres num\u00e9riques - CSA HAINAUT fondamental","robots":{"index":"index","follow":"follow","max-snippet":"max-snippet:-1","max-image-preview":"max-image-preview:large","max-video-preview":"max-video-preview:-1"},"canonical":"http:\/\/csahainaut.be\/?page_id=184","og_locale":"en_US","og_type":"article","og_title":"Offres num\u00e9riques - CSA HAINAUT fondamental","og_description":"Rendre le num\u00e9rique accessible dans nos classes Le num\u00e9rique est omnipr\u00e9sent dans nos vies. A travers nos diff\u00e9rentes offres, nous vous proposons de d\u00e9couvrir diff\u00e9rents outils qui permettront aux enseignants de faire \u00e9voluer leur vision du num\u00e9rique p\u00e9dagogique. Public cible Directions et enseignants du fondamental Objectifs Faire \u00e9voluer les pratiques p\u00e9dagogiques de vos enseignants. Accompagner &hellip; Continue reading","og_url":"http:\/\/csahainaut.be\/?page_id=184","og_site_name":"CSA HAINAUT fondamental","article_modified_time":"2024-06-24T08:13:09+00:00","twitter_card":"summary_large_image","twitter_misc":{"Est. reading time":"1 minute"},"schema":{"@context":"https:\/\/schema.org","@graph":[{"@type":"WebPage","@id":"http:\/\/csahainaut.be\/?page_id=184","url":"http:\/\/csahainaut.be\/?page_id=184","name":"Offres num\u00e9riques - CSA HAINAUT fondamental","isPartOf":{"@id":"https:\/\/csahainaut.be\/#website"},"datePublished":"2024-06-10T12:19:38+00:00","dateModified":"2024-06-24T08:13:09+00:00","breadcrumb":{"@id":"http:\/\/csahainaut.be\/?page_id=184#breadcrumb"},"inLanguage":"en-US","potentialAction":[{"@type":"ReadAction","target":["http:\/\/csahainaut.be\/?page_id=184"]}]},{"@type":"BreadcrumbList","@id":"http:\/\/csahainaut.be\/?page_id=184#breadcrumb","itemListElement":[{"@type":"ListItem","position":1,"name":"Accueil","item":"https:\/\/csahainaut.be\/"},{"@type":"ListItem","position":2,"name":"Offres num\u00e9riques"}]},{"@type":"WebSite","@id":"https:\/\/csahainaut.be\/#website","url":"https:\/\/csahainaut.be\/","name":"CSA HAINAUT fondamental","description":"Site des conseillers au soutien et \u00e0 l&#039;accompagnement ","publisher":{"@id":"https:\/\/csahainaut.be\/#organization"},"potentialAction":[{"@type":"SearchAction","target":{"@type":"EntryPoint","urlTemplate":"https:\/\/csahainaut.be\/?s={search_term_string}"},"query-input":{"@type":"PropertyValueSpecification","valueRequired":true,"valueName":"search_term_string"}}],"inLanguage":"en-US"},{"@type":"Organization","@id":"https:\/\/csahainaut.be\/#organization","name":"CSA HAINAUT fondamental","url":"https:\/\/csahainaut.be\/","logo":{"@type":"ImageObject","inLanguage":"en-US","@id":"https:\/\/csahainaut.be\/#\/schema\/logo\/image\/","url":"https:\/\/csahainaut.be\/wp-content\/uploads\/2024\/06\/cropped-logo-segec.webp","contentUrl":"https:\/\/csahainaut.be\/wp-content\/uploads\/2024\/06\/cropped-logo-segec.webp","width":367,"height":217,"caption":"CSA HAINAUT fondamental"},"image":{"@id":"https:\/\/csahainaut.be\/#\/schema\/logo\/image\/"}}]}},"jetpack_sharing_enabled":true,"_links":{"self":[{"href":"https:\/\/csahainaut.be\/index.php?rest_route=\/wp\/v2\/pages\/184","targetHints":{"allow":["GET"]}}],"collection":[{"href":"https:\/\/csahainaut.be\/index.php?rest_route=\/wp\/v2\/pages"}],"about":[{"href":"https:\/\/csahainaut.be\/index.php?rest_route=\/wp\/v2\/types\/page"}],"author":[{"embeddable":true,"href":"https:\/\/csahainaut.be\/index.php?rest_route=\/wp\/v2\/users\/1"}],"replies":[{"embeddable":true,"href":"https:\/\/csahainaut.be\/index.php?rest_route=%2Fwp%2Fv2%2Fcomments&post=184"}],"version-history":[{"count":23,"href":"https:\/\/csahainaut.be\/index.php?rest_route=\/wp\/v2\/pages\/184\/revisions"}],"predecessor-version":[{"id":771,"href":"https:\/\/csahainaut.be\/index.php?rest_route=\/wp\/v2\/pages\/184\/revisions\/771"}],"wp:attachment":[{"href":"https:\/\/csahainaut.be\/index.php?rest_route=%2Fwp%2Fv2%2Fmedia&parent=184"}],"curies":[{"name":"wp","href":"https:\/\/api.w.org\/{rel}","templated":true}]}}