{"id":1673,"date":"2025-08-29T15:42:49","date_gmt":"2025-08-29T13:42:49","guid":{"rendered":"https:\/\/csahainaut.be\/?page_id=1673"},"modified":"2025-08-29T15:59:14","modified_gmt":"2025-08-29T13:59:14","slug":"apprentissage-par-le-numerique-2","status":"publish","type":"page","link":"https:\/\/csahainaut.be\/?page_id=1673","title":{"rendered":"Matin\u00e9e I.A."},"content":{"rendered":"\t\t<div data-elementor-type=\"wp-page\" data-elementor-id=\"1673\" class=\"elementor elementor-1673\">\n\t\t\t\t<div class=\"elementor-element elementor-element-2d94f0f e-con-full e-flex e-con e-parent\" data-id=\"2d94f0f\" data-element_type=\"container\" data-e-type=\"container\">\n\t\t\t\t<div class=\"elementor-element elementor-element-41d6053 elementor-widget__width-initial elementor-widget elementor-widget-heading\" data-id=\"41d6053\" data-element_type=\"widget\" data-e-type=\"widget\" data-widget_type=\"heading.default\">\n\t\t\t\t<div class=\"elementor-widget-container\">\n\t\t\t\t\t<h3 class=\"elementor-heading-title elementor-size-default\"><i>Comment utiliser les intelligences artificielles dans son m\u00e9tier de directeur ?<\/i><\/h3>\t\t\t\t<\/div>\n\t\t\t\t<\/div>\n\t\t\t\t<div class=\"elementor-element elementor-element-0935cec elementor-widget__width-inherit elementor-widget-divider--view-line elementor-widget elementor-widget-divider\" data-id=\"0935cec\" data-element_type=\"widget\" data-e-type=\"widget\" data-widget_type=\"divider.default\">\n\t\t\t\t<div class=\"elementor-widget-container\">\n\t\t\t\t\t\t\t<div class=\"elementor-divider\">\n\t\t\t<span class=\"elementor-divider-separator\">\n\t\t\t\t\t\t<\/span>\n\t\t<\/div>\n\t\t\t\t\t\t<\/div>\n\t\t\t\t<\/div>\n\t\t\t\t<\/div>\n\t\t<div class=\"elementor-element elementor-element-ca011b0 e-con-full e-flex e-con e-parent\" data-id=\"ca011b0\" data-element_type=\"container\" data-e-type=\"container\">\n\t\t<div class=\"elementor-element elementor-element-eadb4b8 e-con-full e-flex e-con e-child\" data-id=\"eadb4b8\" data-element_type=\"container\" data-e-type=\"container\">\n\t\t\t\t<div class=\"elementor-element elementor-element-0f47ac5 elementor-widget__width-initial elementor-widget elementor-widget-text-editor\" data-id=\"0f47ac5\" data-element_type=\"widget\" data-e-type=\"widget\" data-widget_type=\"text-editor.default\">\n\t\t\t\t<div class=\"elementor-widget-container\">\n\t\t\t\t\t\t\t\t\t<p><span class=\"TextRun SCXW151614243 BCX8\" lang=\"FR-FR\" xml:lang=\"FR-FR\" data-contrast=\"auto\"><span class=\"NormalTextRun SCXW151614243 BCX8\">D\u00e9couvrir comment les I.A. peuvent simplifier votre quotidien de direction tout en renfor\u00e7ant votre r\u00f4le de leader p\u00e9dagogique.<br \/><strong>Venez nous rejoindre lors de la matin\u00e9e I.A. pour les directions.<\/strong><\/span><\/span><\/p>\t\t\t\t\t\t\t\t<\/div>\n\t\t\t\t<\/div>\n\t\t\t\t<div class=\"elementor-element elementor-element-5363f76 elementor-widget elementor-widget-image\" data-id=\"5363f76\" data-element_type=\"widget\" data-e-type=\"widget\" data-widget_type=\"image.default\">\n\t\t\t\t<div class=\"elementor-widget-container\">\n\t\t\t\t\t\t\t\t\t\t\t\t\t\t\t\t<a href=\"https:\/\/view.genially.com\/61dfcd912505f50d6eab153a\" target=\"_blank\">\n\t\t\t\t\t\t\t<img fetchpriority=\"high\" decoding=\"async\" width=\"1024\" height=\"525\" src=\"https:\/\/csahainaut.be\/wp-content\/uploads\/2025\/08\/Capture-decran-2025-08-29-154233-1024x525.png\" class=\"attachment-large size-large wp-image-1674\" alt=\"\" srcset=\"https:\/\/csahainaut.be\/wp-content\/uploads\/2025\/08\/Capture-decran-2025-08-29-154233-1024x525.png 1024w, https:\/\/csahainaut.be\/wp-content\/uploads\/2025\/08\/Capture-decran-2025-08-29-154233-300x154.png 300w, https:\/\/csahainaut.be\/wp-content\/uploads\/2025\/08\/Capture-decran-2025-08-29-154233-768x393.png 768w, https:\/\/csahainaut.be\/wp-content\/uploads\/2025\/08\/Capture-decran-2025-08-29-154233-1536x787.png 1536w, https:\/\/csahainaut.be\/wp-content\/uploads\/2025\/08\/Capture-decran-2025-08-29-154233.png 1577w\" sizes=\"(max-width: 1024px) 100vw, 1024px\" \/>\t\t\t\t\t\t\t\t<\/a>\n\t\t\t\t\t\t\t\t\t\t\t\t\t\t\t<\/div>\n\t\t\t\t<\/div>\n\t\t\t\t<\/div>\n\t\t<div class=\"elementor-element elementor-element-4ce0082 e-con-full e-flex e-con e-child\" data-id=\"4ce0082\" data-element_type=\"container\" data-e-type=\"container\">\n\t\t\t\t<div class=\"elementor-element elementor-element-b297895 elementor-widget elementor-widget-heading\" data-id=\"b297895\" data-element_type=\"widget\" data-e-type=\"widget\" data-widget_type=\"heading.default\">\n\t\t\t\t<div class=\"elementor-widget-container\">\n\t\t\t\t\t<h4 class=\"elementor-heading-title elementor-size-default\">Organis\u00e9 par la DEF<\/h4>\t\t\t\t<\/div>\n\t\t\t\t<\/div>\n\t\t\t\t<div class=\"elementor-element elementor-element-aa6b10a elementor-widget elementor-widget-text-editor\" data-id=\"aa6b10a\" data-element_type=\"widget\" data-e-type=\"widget\" data-widget_type=\"text-editor.default\">\n\t\t\t\t<div class=\"elementor-widget-container\">\n\t\t\t\t\t\t\t\t\t<ul><li>Toute l&#8217;\u00e9quipe des CTP<\/li><\/ul>\t\t\t\t\t\t\t\t<\/div>\n\t\t\t\t<\/div>\n\t\t\t\t<div class=\"elementor-element elementor-element-192b2f2 elementor-widget elementor-widget-text-editor\" data-id=\"192b2f2\" data-element_type=\"widget\" data-e-type=\"widget\" data-widget_type=\"text-editor.default\">\n\t\t\t\t<div class=\"elementor-widget-container\">\n\t\t\t\t\t\t\t\t\t<p>Inscriptions via le lien ci-dessous (r\u00e9serv\u00e9 aux directions)<\/p><p><span style=\"color: #ffffff;\"><a style=\"color: #ffffff;\" href=\"https:\/\/forms.office.com\/pages\/responsepage.aspx?id=aKMx8CQ0iUWkqbSyzIWbv2nBREchmvhPlayzoo_RKaRUQldSWU8xM0dESlQwTkZBMUo2M1NJSUNDOC4u&amp;origin=QRCode&amp;route=shorturl\">https:\/\/forms.office.com\/pages\/responsepage.aspx?id=aKMx8CQ0iUWkqbSyzIWbv2nBREchmvhPlayzoo_RKaRUQldSWU8xM0dESlQwTkZBMUo2M1NJSUNDOC4u&amp;origin=QRCode&amp;route=shorturl<\/a><\/span><\/p>\t\t\t\t\t\t\t\t<\/div>\n\t\t\t\t<\/div>\n\t\t\t\t<\/div>\n\t\t\t\t<\/div>\n\t\t\t\t<\/div>\n\t\t","protected":false},"excerpt":{"rendered":"<p>Comment utiliser les intelligences artificielles dans son m\u00e9tier de directeur ? D\u00e9couvrir comment les I.A. peuvent simplifier votre quotidien de direction tout en renfor\u00e7ant votre r\u00f4le de leader p\u00e9dagogique.Venez nous rejoindre lors de la matin\u00e9e I.A. pour les directions. Organis\u00e9 par la DEF Toute l&#8217;\u00e9quipe des CTP Inscriptions via le lien ci-dessous (r\u00e9serv\u00e9 aux directions) &hellip; <\/p>\n<p><a class=\"more-link btn\" href=\"https:\/\/csahainaut.be\/?page_id=1673\">Continue reading<\/a><\/p>\n","protected":false},"author":1,"featured_media":0,"parent":0,"menu_order":0,"comment_status":"closed","ping_status":"closed","template":"","meta":{"footnotes":""},"class_list":["post-1673","page","type-page","status-publish","hentry","nodate","item-wrap"],"yoast_head":"<!-- This site is optimized with the Yoast SEO plugin v27.4 - https:\/\/yoast.com\/product\/yoast-seo-wordpress\/ -->\n<title>Matin\u00e9e I.A. - CSA HAINAUT fondamental<\/title>\n<meta name=\"robots\" content=\"index, follow, max-snippet:-1, max-image-preview:large, max-video-preview:-1\" \/>\n<link rel=\"canonical\" href=\"http:\/\/csahainaut.be\/?page_id=1673\" \/>\n<meta property=\"og:locale\" content=\"en_US\" \/>\n<meta property=\"og:type\" content=\"article\" \/>\n<meta property=\"og:title\" content=\"Matin\u00e9e I.A. - CSA HAINAUT fondamental\" \/>\n<meta property=\"og:description\" content=\"Comment utiliser les intelligences artificielles dans son m\u00e9tier de directeur ? D\u00e9couvrir comment les I.A. peuvent simplifier votre quotidien de direction tout en renfor\u00e7ant votre r\u00f4le de leader p\u00e9dagogique.Venez nous rejoindre lors de la matin\u00e9e I.A. pour les directions. Organis\u00e9 par la DEF Toute l&#8217;\u00e9quipe des CTP Inscriptions via le lien ci-dessous (r\u00e9serv\u00e9 aux directions) &hellip; Continue reading\" \/>\n<meta property=\"og:url\" content=\"http:\/\/csahainaut.be\/?page_id=1673\" \/>\n<meta property=\"og:site_name\" content=\"CSA HAINAUT fondamental\" \/>\n<meta property=\"article:modified_time\" content=\"2025-08-29T13:59:14+00:00\" \/>\n<meta property=\"og:image\" content=\"http:\/\/csahainaut.be\/wp-content\/uploads\/2025\/08\/Capture-decran-2025-08-29-154233-1024x525.png\" \/>\n<meta name=\"twitter:card\" content=\"summary_large_image\" \/>\n<meta name=\"twitter:label1\" content=\"Est. reading time\" \/>\n\t<meta name=\"twitter:data1\" content=\"1 minute\" \/>\n<script type=\"application\/ld+json\" class=\"yoast-schema-graph\">{\"@context\":\"https:\\\/\\\/schema.org\",\"@graph\":[{\"@type\":\"WebPage\",\"@id\":\"http:\\\/\\\/csahainaut.be\\\/?page_id=1673\",\"url\":\"http:\\\/\\\/csahainaut.be\\\/?page_id=1673\",\"name\":\"Matin\u00e9e I.A. - CSA HAINAUT fondamental\",\"isPartOf\":{\"@id\":\"http:\\\/\\\/csahainaut.be\\\/#website\"},\"primaryImageOfPage\":{\"@id\":\"http:\\\/\\\/csahainaut.be\\\/?page_id=1673#primaryimage\"},\"image\":{\"@id\":\"http:\\\/\\\/csahainaut.be\\\/?page_id=1673#primaryimage\"},\"thumbnailUrl\":\"http:\\\/\\\/csahainaut.be\\\/wp-content\\\/uploads\\\/2025\\\/08\\\/Capture-decran-2025-08-29-154233-1024x525.png\",\"datePublished\":\"2025-08-29T13:42:49+00:00\",\"dateModified\":\"2025-08-29T13:59:14+00:00\",\"breadcrumb\":{\"@id\":\"http:\\\/\\\/csahainaut.be\\\/?page_id=1673#breadcrumb\"},\"inLanguage\":\"en-US\",\"potentialAction\":[{\"@type\":\"ReadAction\",\"target\":[\"http:\\\/\\\/csahainaut.be\\\/?page_id=1673\"]}]},{\"@type\":\"ImageObject\",\"inLanguage\":\"en-US\",\"@id\":\"http:\\\/\\\/csahainaut.be\\\/?page_id=1673#primaryimage\",\"url\":\"https:\\\/\\\/csahainaut.be\\\/wp-content\\\/uploads\\\/2025\\\/08\\\/Capture-decran-2025-08-29-154233.png\",\"contentUrl\":\"https:\\\/\\\/csahainaut.be\\\/wp-content\\\/uploads\\\/2025\\\/08\\\/Capture-decran-2025-08-29-154233.png\",\"width\":1577,\"height\":808},{\"@type\":\"BreadcrumbList\",\"@id\":\"http:\\\/\\\/csahainaut.be\\\/?page_id=1673#breadcrumb\",\"itemListElement\":[{\"@type\":\"ListItem\",\"position\":1,\"name\":\"Accueil\",\"item\":\"http:\\\/\\\/csahainaut.be\\\/\"},{\"@type\":\"ListItem\",\"position\":2,\"name\":\"Matin\u00e9e I.A.\"}]},{\"@type\":\"WebSite\",\"@id\":\"http:\\\/\\\/csahainaut.be\\\/#website\",\"url\":\"http:\\\/\\\/csahainaut.be\\\/\",\"name\":\"CSA HAINAUT fondamental\",\"description\":\"Site des conseillers au soutien et \u00e0 l&#039;accompagnement \",\"publisher\":{\"@id\":\"http:\\\/\\\/csahainaut.be\\\/#organization\"},\"potentialAction\":[{\"@type\":\"SearchAction\",\"target\":{\"@type\":\"EntryPoint\",\"urlTemplate\":\"http:\\\/\\\/csahainaut.be\\\/?s={search_term_string}\"},\"query-input\":{\"@type\":\"PropertyValueSpecification\",\"valueRequired\":true,\"valueName\":\"search_term_string\"}}],\"inLanguage\":\"en-US\"},{\"@type\":\"Organization\",\"@id\":\"http:\\\/\\\/csahainaut.be\\\/#organization\",\"name\":\"CSA HAINAUT fondamental\",\"url\":\"http:\\\/\\\/csahainaut.be\\\/\",\"logo\":{\"@type\":\"ImageObject\",\"inLanguage\":\"en-US\",\"@id\":\"http:\\\/\\\/csahainaut.be\\\/#\\\/schema\\\/logo\\\/image\\\/\",\"url\":\"https:\\\/\\\/csahainaut.be\\\/wp-content\\\/uploads\\\/2024\\\/06\\\/cropped-logo-segec.webp\",\"contentUrl\":\"https:\\\/\\\/csahainaut.be\\\/wp-content\\\/uploads\\\/2024\\\/06\\\/cropped-logo-segec.webp\",\"width\":367,\"height\":217,\"caption\":\"CSA HAINAUT fondamental\"},\"image\":{\"@id\":\"http:\\\/\\\/csahainaut.be\\\/#\\\/schema\\\/logo\\\/image\\\/\"}}]}<\/script>\n<!-- \/ Yoast SEO plugin. -->","yoast_head_json":{"title":"Matin\u00e9e I.A. - CSA HAINAUT fondamental","robots":{"index":"index","follow":"follow","max-snippet":"max-snippet:-1","max-image-preview":"max-image-preview:large","max-video-preview":"max-video-preview:-1"},"canonical":"http:\/\/csahainaut.be\/?page_id=1673","og_locale":"en_US","og_type":"article","og_title":"Matin\u00e9e I.A. - CSA HAINAUT fondamental","og_description":"Comment utiliser les intelligences artificielles dans son m\u00e9tier de directeur ? D\u00e9couvrir comment les I.A. peuvent simplifier votre quotidien de direction tout en renfor\u00e7ant votre r\u00f4le de leader p\u00e9dagogique.Venez nous rejoindre lors de la matin\u00e9e I.A. pour les directions. Organis\u00e9 par la DEF Toute l&#8217;\u00e9quipe des CTP Inscriptions via le lien ci-dessous (r\u00e9serv\u00e9 aux directions) &hellip; Continue reading","og_url":"http:\/\/csahainaut.be\/?page_id=1673","og_site_name":"CSA HAINAUT fondamental","article_modified_time":"2025-08-29T13:59:14+00:00","og_image":[{"url":"http:\/\/csahainaut.be\/wp-content\/uploads\/2025\/08\/Capture-decran-2025-08-29-154233-1024x525.png","type":"","width":"","height":""}],"twitter_card":"summary_large_image","twitter_misc":{"Est. reading time":"1 minute"},"schema":{"@context":"https:\/\/schema.org","@graph":[{"@type":"WebPage","@id":"http:\/\/csahainaut.be\/?page_id=1673","url":"http:\/\/csahainaut.be\/?page_id=1673","name":"Matin\u00e9e I.A. - CSA HAINAUT fondamental","isPartOf":{"@id":"http:\/\/csahainaut.be\/#website"},"primaryImageOfPage":{"@id":"http:\/\/csahainaut.be\/?page_id=1673#primaryimage"},"image":{"@id":"http:\/\/csahainaut.be\/?page_id=1673#primaryimage"},"thumbnailUrl":"http:\/\/csahainaut.be\/wp-content\/uploads\/2025\/08\/Capture-decran-2025-08-29-154233-1024x525.png","datePublished":"2025-08-29T13:42:49+00:00","dateModified":"2025-08-29T13:59:14+00:00","breadcrumb":{"@id":"http:\/\/csahainaut.be\/?page_id=1673#breadcrumb"},"inLanguage":"en-US","potentialAction":[{"@type":"ReadAction","target":["http:\/\/csahainaut.be\/?page_id=1673"]}]},{"@type":"ImageObject","inLanguage":"en-US","@id":"http:\/\/csahainaut.be\/?page_id=1673#primaryimage","url":"https:\/\/csahainaut.be\/wp-content\/uploads\/2025\/08\/Capture-decran-2025-08-29-154233.png","contentUrl":"https:\/\/csahainaut.be\/wp-content\/uploads\/2025\/08\/Capture-decran-2025-08-29-154233.png","width":1577,"height":808},{"@type":"BreadcrumbList","@id":"http:\/\/csahainaut.be\/?page_id=1673#breadcrumb","itemListElement":[{"@type":"ListItem","position":1,"name":"Accueil","item":"http:\/\/csahainaut.be\/"},{"@type":"ListItem","position":2,"name":"Matin\u00e9e I.A."}]},{"@type":"WebSite","@id":"http:\/\/csahainaut.be\/#website","url":"http:\/\/csahainaut.be\/","name":"CSA HAINAUT fondamental","description":"Site des conseillers au soutien et \u00e0 l&#039;accompagnement ","publisher":{"@id":"http:\/\/csahainaut.be\/#organization"},"potentialAction":[{"@type":"SearchAction","target":{"@type":"EntryPoint","urlTemplate":"http:\/\/csahainaut.be\/?s={search_term_string}"},"query-input":{"@type":"PropertyValueSpecification","valueRequired":true,"valueName":"search_term_string"}}],"inLanguage":"en-US"},{"@type":"Organization","@id":"http:\/\/csahainaut.be\/#organization","name":"CSA HAINAUT fondamental","url":"http:\/\/csahainaut.be\/","logo":{"@type":"ImageObject","inLanguage":"en-US","@id":"http:\/\/csahainaut.be\/#\/schema\/logo\/image\/","url":"https:\/\/csahainaut.be\/wp-content\/uploads\/2024\/06\/cropped-logo-segec.webp","contentUrl":"https:\/\/csahainaut.be\/wp-content\/uploads\/2024\/06\/cropped-logo-segec.webp","width":367,"height":217,"caption":"CSA HAINAUT fondamental"},"image":{"@id":"http:\/\/csahainaut.be\/#\/schema\/logo\/image\/"}}]}},"jetpack_sharing_enabled":true,"_links":{"self":[{"href":"https:\/\/csahainaut.be\/index.php?rest_route=\/wp\/v2\/pages\/1673","targetHints":{"allow":["GET"]}}],"collection":[{"href":"https:\/\/csahainaut.be\/index.php?rest_route=\/wp\/v2\/pages"}],"about":[{"href":"https:\/\/csahainaut.be\/index.php?rest_route=\/wp\/v2\/types\/page"}],"author":[{"embeddable":true,"href":"https:\/\/csahainaut.be\/index.php?rest_route=\/wp\/v2\/users\/1"}],"replies":[{"embeddable":true,"href":"https:\/\/csahainaut.be\/index.php?rest_route=%2Fwp%2Fv2%2Fcomments&post=1673"}],"version-history":[{"count":13,"href":"https:\/\/csahainaut.be\/index.php?rest_route=\/wp\/v2\/pages\/1673\/revisions"}],"predecessor-version":[{"id":1691,"href":"https:\/\/csahainaut.be\/index.php?rest_route=\/wp\/v2\/pages\/1673\/revisions\/1691"}],"wp:attachment":[{"href":"https:\/\/csahainaut.be\/index.php?rest_route=%2Fwp%2Fv2%2Fmedia&parent=1673"}],"curies":[{"name":"wp","href":"https:\/\/api.w.org\/{rel}","templated":true}]}}