{"id":889,"date":"2024-06-29T10:11:41","date_gmt":"2024-06-29T08:11:41","guid":{"rendered":"https:\/\/csahainaut.be\/?page_id=889"},"modified":"2024-07-08T12:12:49","modified_gmt":"2024-07-08T10:12:49","slug":"planification-et-monitorage-du-c-o","status":"publish","type":"page","link":"http:\/\/csahainaut.be\/?page_id=889","title":{"rendered":"Planification et monitorage du C.O."},"content":{"rendered":"\t\t<div data-elementor-type=\"wp-page\" data-elementor-id=\"889\" class=\"elementor elementor-889\">\n\t\t\t\t<div class=\"elementor-element elementor-element-73b32fa e-con-full e-flex e-con e-parent\" data-id=\"73b32fa\" data-element_type=\"container\" data-e-type=\"container\">\n\t\t\t\t<div class=\"elementor-element elementor-element-a956e63 elementor-widget__width-initial elementor-widget elementor-widget-heading\" data-id=\"a956e63\" data-element_type=\"widget\" data-e-type=\"widget\" data-widget_type=\"heading.default\">\n\t\t\t\t<div class=\"elementor-widget-container\">\n\t\t\t\t\t<h3 class=\"elementor-heading-title elementor-size-default\"><h3 class=\"elementor-heading-title elementor-size-default elementor-inline-editing pen\" data-elementor-setting-key=\"title\" data-pen-placeholder=\"\u00c9crivez ici...\" style=\"font-family: Roboto, sans-serif;font-weight: 400;line-height: 1px\"><i>Ou comment utiliser le num\u00e9rique au service de mon C.O. ?<\/i><\/h3><\/h3>\t\t\t\t<\/div>\n\t\t\t\t<\/div>\n\t\t\t\t<div class=\"elementor-element elementor-element-43e24b3 elementor-widget__width-inherit elementor-widget-divider--view-line elementor-widget elementor-widget-divider\" data-id=\"43e24b3\" data-element_type=\"widget\" data-e-type=\"widget\" data-widget_type=\"divider.default\">\n\t\t\t\t<div class=\"elementor-widget-container\">\n\t\t\t\t\t\t\t<div class=\"elementor-divider\">\n\t\t\t<span class=\"elementor-divider-separator\">\n\t\t\t\t\t\t<\/span>\n\t\t<\/div>\n\t\t\t\t\t\t<\/div>\n\t\t\t\t<\/div>\n\t\t\t\t<\/div>\n\t\t<div class=\"elementor-element elementor-element-2494c44 e-con-full e-flex e-con e-parent\" data-id=\"2494c44\" data-element_type=\"container\" data-e-type=\"container\">\n\t\t<div class=\"elementor-element elementor-element-11db3ce e-con-full e-flex e-con e-child\" data-id=\"11db3ce\" data-element_type=\"container\" data-e-type=\"container\">\n\t\t\t\t<div class=\"elementor-element elementor-element-3f9f001 elementor-widget__width-initial elementor-widget elementor-widget-text-editor\" data-id=\"3f9f001\" data-element_type=\"widget\" data-e-type=\"widget\" data-widget_type=\"text-editor.default\">\n\t\t\t\t<div class=\"elementor-widget-container\">\n\t\t\t\t\t\t\t\t\t<p><span class=\"TextRun SCXW151614243 BCX8\" lang=\"FR-FR\" xml:lang=\"FR-FR\" data-contrast=\"auto\"><span class=\"NormalTextRun SCXW151614243 BCX8\">D\u00e9couvrez comment optimiser les ressources et traces de votre C.O. gr\u00e2ce \u00e0 l&#8217;outil num\u00e9rique.<br \/><strong>Int\u00e9ress\u00e9 ? Alors cliquez sur l&#8217;image pour d\u00e9couvrir le contenu de l&#8217;offre.<\/strong><\/span><\/span><\/p>\t\t\t\t\t\t\t\t<\/div>\n\t\t\t\t<\/div>\n\t\t\t\t<div class=\"elementor-element elementor-element-4fff4ec elementor-widget elementor-widget-image\" data-id=\"4fff4ec\" data-element_type=\"widget\" data-e-type=\"widget\" data-widget_type=\"image.default\">\n\t\t\t\t<div class=\"elementor-widget-container\">\n\t\t\t\t\t\t\t\t\t\t\t\t\t\t\t\t<a href=\"https:\/\/view.genially.com\/61dfcd912505f50d6eab153a\" target=\"_blank\">\n\t\t\t\t\t\t\t<img fetchpriority=\"high\" decoding=\"async\" width=\"1024\" height=\"530\" src=\"http:\/\/csahainaut.be\/wp-content\/uploads\/2024\/06\/CO-1024x530.png\" class=\"attachment-large size-large wp-image-952\" alt=\"\" srcset=\"http:\/\/csahainaut.be\/wp-content\/uploads\/2024\/06\/CO-1024x530.png 1024w, http:\/\/csahainaut.be\/wp-content\/uploads\/2024\/06\/CO-300x155.png 300w, http:\/\/csahainaut.be\/wp-content\/uploads\/2024\/06\/CO-768x398.png 768w, http:\/\/csahainaut.be\/wp-content\/uploads\/2024\/06\/CO-1536x795.png 1536w, http:\/\/csahainaut.be\/wp-content\/uploads\/2024\/06\/CO.png 1593w\" sizes=\"(max-width: 1024px) 100vw, 1024px\" \/>\t\t\t\t\t\t\t\t<\/a>\n\t\t\t\t\t\t\t\t\t\t\t\t\t\t\t<\/div>\n\t\t\t\t<\/div>\n\t\t\t\t<\/div>\n\t\t<div class=\"elementor-element elementor-element-c103a56 e-con-full e-flex e-con e-child\" data-id=\"c103a56\" data-element_type=\"container\" data-e-type=\"container\">\n\t\t\t\t<div class=\"elementor-element elementor-element-1c94952 elementor-widget elementor-widget-heading\" data-id=\"1c94952\" data-element_type=\"widget\" data-e-type=\"widget\" data-widget_type=\"heading.default\">\n\t\t\t\t<div class=\"elementor-widget-container\">\n\t\t\t\t\t<h4 class=\"elementor-heading-title elementor-size-default\">CSA<\/h4>\t\t\t\t<\/div>\n\t\t\t\t<\/div>\n\t\t\t\t<div class=\"elementor-element elementor-element-b773c4d elementor-widget elementor-widget-text-editor\" data-id=\"b773c4d\" data-element_type=\"widget\" data-e-type=\"widget\" data-widget_type=\"text-editor.default\">\n\t\t\t\t<div class=\"elementor-widget-container\">\n\t\t\t\t\t\t\t\t\t<ul><li><span data-contrast=\"auto\">St\u00e9phane Simon\u00a0 \u00a0\u00a0<\/span><\/li><li>Mathieu Deham<\/li><\/ul>\t\t\t\t\t\t\t\t<\/div>\n\t\t\t\t<\/div>\n\t\t\t\t<\/div>\n\t\t\t\t<\/div>\n\t\t\t\t<\/div>\n\t\t","protected":false},"excerpt":{"rendered":"<p>Ou comment utiliser le num\u00e9rique au service de mon C.O. ? D\u00e9couvrez comment optimiser les ressources et traces de votre C.O. gr\u00e2ce \u00e0 l&#8217;outil num\u00e9rique.Int\u00e9ress\u00e9 ? Alors cliquez sur l&#8217;image pour d\u00e9couvrir le contenu de l&#8217;offre. CSA St\u00e9phane Simon\u00a0 \u00a0\u00a0 Mathieu Deham<\/p>\n","protected":false},"author":1,"featured_media":0,"parent":0,"menu_order":0,"comment_status":"closed","ping_status":"closed","template":"","meta":{"footnotes":""},"class_list":["post-889","page","type-page","status-publish","hentry","nodate","item-wrap"],"yoast_head":"<!-- This site is optimized with the Yoast SEO plugin v27.4 - https:\/\/yoast.com\/product\/yoast-seo-wordpress\/ -->\n<title>Planification et monitorage du C.O. - CSA HAINAUT fondamental<\/title>\n<meta name=\"robots\" content=\"index, follow, max-snippet:-1, max-image-preview:large, max-video-preview:-1\" \/>\n<link rel=\"canonical\" href=\"https:\/\/csahainaut.be\/?page_id=889\" \/>\n<meta property=\"og:locale\" content=\"en_US\" \/>\n<meta property=\"og:type\" content=\"article\" \/>\n<meta property=\"og:title\" content=\"Planification et monitorage du C.O. - CSA HAINAUT fondamental\" \/>\n<meta property=\"og:description\" content=\"Ou comment utiliser le num\u00e9rique au service de mon C.O. ? D\u00e9couvrez comment optimiser les ressources et traces de votre C.O. gr\u00e2ce \u00e0 l&#8217;outil num\u00e9rique.Int\u00e9ress\u00e9 ? Alors cliquez sur l&#8217;image pour d\u00e9couvrir le contenu de l&#8217;offre. CSA St\u00e9phane Simon\u00a0 \u00a0\u00a0 Mathieu Deham\" \/>\n<meta property=\"og:url\" content=\"https:\/\/csahainaut.be\/?page_id=889\" \/>\n<meta property=\"og:site_name\" content=\"CSA HAINAUT fondamental\" \/>\n<meta property=\"article:modified_time\" content=\"2024-07-08T10:12:49+00:00\" \/>\n<meta property=\"og:image\" content=\"http:\/\/csahainaut.be\/wp-content\/uploads\/2024\/06\/CO-1024x530.png\" \/>\n<meta name=\"twitter:card\" content=\"summary_large_image\" \/>\n<meta name=\"twitter:label1\" content=\"Est. reading time\" \/>\n\t<meta name=\"twitter:data1\" content=\"1 minute\" \/>\n<script type=\"application\/ld+json\" class=\"yoast-schema-graph\">{\"@context\":\"https:\\\/\\\/schema.org\",\"@graph\":[{\"@type\":\"WebPage\",\"@id\":\"https:\\\/\\\/csahainaut.be\\\/?page_id=889\",\"url\":\"https:\\\/\\\/csahainaut.be\\\/?page_id=889\",\"name\":\"Planification et monitorage du C.O. - CSA HAINAUT fondamental\",\"isPartOf\":{\"@id\":\"http:\\\/\\\/csahainaut.be\\\/#website\"},\"primaryImageOfPage\":{\"@id\":\"https:\\\/\\\/csahainaut.be\\\/?page_id=889#primaryimage\"},\"image\":{\"@id\":\"https:\\\/\\\/csahainaut.be\\\/?page_id=889#primaryimage\"},\"thumbnailUrl\":\"http:\\\/\\\/csahainaut.be\\\/wp-content\\\/uploads\\\/2024\\\/06\\\/CO-1024x530.png\",\"datePublished\":\"2024-06-29T08:11:41+00:00\",\"dateModified\":\"2024-07-08T10:12:49+00:00\",\"breadcrumb\":{\"@id\":\"https:\\\/\\\/csahainaut.be\\\/?page_id=889#breadcrumb\"},\"inLanguage\":\"en-US\",\"potentialAction\":[{\"@type\":\"ReadAction\",\"target\":[\"https:\\\/\\\/csahainaut.be\\\/?page_id=889\"]}]},{\"@type\":\"ImageObject\",\"inLanguage\":\"en-US\",\"@id\":\"https:\\\/\\\/csahainaut.be\\\/?page_id=889#primaryimage\",\"url\":\"http:\\\/\\\/csahainaut.be\\\/wp-content\\\/uploads\\\/2024\\\/06\\\/CO.png\",\"contentUrl\":\"http:\\\/\\\/csahainaut.be\\\/wp-content\\\/uploads\\\/2024\\\/06\\\/CO.png\",\"width\":1593,\"height\":825},{\"@type\":\"BreadcrumbList\",\"@id\":\"https:\\\/\\\/csahainaut.be\\\/?page_id=889#breadcrumb\",\"itemListElement\":[{\"@type\":\"ListItem\",\"position\":1,\"name\":\"Accueil\",\"item\":\"http:\\\/\\\/csahainaut.be\\\/\"},{\"@type\":\"ListItem\",\"position\":2,\"name\":\"Planification et monitorage du C.O.\"}]},{\"@type\":\"WebSite\",\"@id\":\"http:\\\/\\\/csahainaut.be\\\/#website\",\"url\":\"http:\\\/\\\/csahainaut.be\\\/\",\"name\":\"CSA HAINAUT fondamental\",\"description\":\"Site des conseillers au soutien et \u00e0 l&#039;accompagnement \",\"publisher\":{\"@id\":\"http:\\\/\\\/csahainaut.be\\\/#organization\"},\"potentialAction\":[{\"@type\":\"SearchAction\",\"target\":{\"@type\":\"EntryPoint\",\"urlTemplate\":\"http:\\\/\\\/csahainaut.be\\\/?s={search_term_string}\"},\"query-input\":{\"@type\":\"PropertyValueSpecification\",\"valueRequired\":true,\"valueName\":\"search_term_string\"}}],\"inLanguage\":\"en-US\"},{\"@type\":\"Organization\",\"@id\":\"http:\\\/\\\/csahainaut.be\\\/#organization\",\"name\":\"CSA HAINAUT fondamental\",\"url\":\"http:\\\/\\\/csahainaut.be\\\/\",\"logo\":{\"@type\":\"ImageObject\",\"inLanguage\":\"en-US\",\"@id\":\"http:\\\/\\\/csahainaut.be\\\/#\\\/schema\\\/logo\\\/image\\\/\",\"url\":\"https:\\\/\\\/csahainaut.be\\\/wp-content\\\/uploads\\\/2024\\\/06\\\/cropped-logo-segec.webp\",\"contentUrl\":\"https:\\\/\\\/csahainaut.be\\\/wp-content\\\/uploads\\\/2024\\\/06\\\/cropped-logo-segec.webp\",\"width\":367,\"height\":217,\"caption\":\"CSA HAINAUT fondamental\"},\"image\":{\"@id\":\"http:\\\/\\\/csahainaut.be\\\/#\\\/schema\\\/logo\\\/image\\\/\"}}]}<\/script>\n<!-- \/ Yoast SEO plugin. -->","yoast_head_json":{"title":"Planification et monitorage du C.O. - CSA HAINAUT fondamental","robots":{"index":"index","follow":"follow","max-snippet":"max-snippet:-1","max-image-preview":"max-image-preview:large","max-video-preview":"max-video-preview:-1"},"canonical":"https:\/\/csahainaut.be\/?page_id=889","og_locale":"en_US","og_type":"article","og_title":"Planification et monitorage du C.O. - CSA HAINAUT fondamental","og_description":"Ou comment utiliser le num\u00e9rique au service de mon C.O. ? D\u00e9couvrez comment optimiser les ressources et traces de votre C.O. gr\u00e2ce \u00e0 l&#8217;outil num\u00e9rique.Int\u00e9ress\u00e9 ? Alors cliquez sur l&#8217;image pour d\u00e9couvrir le contenu de l&#8217;offre. CSA St\u00e9phane Simon\u00a0 \u00a0\u00a0 Mathieu Deham","og_url":"https:\/\/csahainaut.be\/?page_id=889","og_site_name":"CSA HAINAUT fondamental","article_modified_time":"2024-07-08T10:12:49+00:00","og_image":[{"url":"http:\/\/csahainaut.be\/wp-content\/uploads\/2024\/06\/CO-1024x530.png","type":"","width":"","height":""}],"twitter_card":"summary_large_image","twitter_misc":{"Est. reading time":"1 minute"},"schema":{"@context":"https:\/\/schema.org","@graph":[{"@type":"WebPage","@id":"https:\/\/csahainaut.be\/?page_id=889","url":"https:\/\/csahainaut.be\/?page_id=889","name":"Planification et monitorage du C.O. - CSA HAINAUT fondamental","isPartOf":{"@id":"http:\/\/csahainaut.be\/#website"},"primaryImageOfPage":{"@id":"https:\/\/csahainaut.be\/?page_id=889#primaryimage"},"image":{"@id":"https:\/\/csahainaut.be\/?page_id=889#primaryimage"},"thumbnailUrl":"http:\/\/csahainaut.be\/wp-content\/uploads\/2024\/06\/CO-1024x530.png","datePublished":"2024-06-29T08:11:41+00:00","dateModified":"2024-07-08T10:12:49+00:00","breadcrumb":{"@id":"https:\/\/csahainaut.be\/?page_id=889#breadcrumb"},"inLanguage":"en-US","potentialAction":[{"@type":"ReadAction","target":["https:\/\/csahainaut.be\/?page_id=889"]}]},{"@type":"ImageObject","inLanguage":"en-US","@id":"https:\/\/csahainaut.be\/?page_id=889#primaryimage","url":"http:\/\/csahainaut.be\/wp-content\/uploads\/2024\/06\/CO.png","contentUrl":"http:\/\/csahainaut.be\/wp-content\/uploads\/2024\/06\/CO.png","width":1593,"height":825},{"@type":"BreadcrumbList","@id":"https:\/\/csahainaut.be\/?page_id=889#breadcrumb","itemListElement":[{"@type":"ListItem","position":1,"name":"Accueil","item":"http:\/\/csahainaut.be\/"},{"@type":"ListItem","position":2,"name":"Planification et monitorage du C.O."}]},{"@type":"WebSite","@id":"http:\/\/csahainaut.be\/#website","url":"http:\/\/csahainaut.be\/","name":"CSA HAINAUT fondamental","description":"Site des conseillers au soutien et \u00e0 l&#039;accompagnement ","publisher":{"@id":"http:\/\/csahainaut.be\/#organization"},"potentialAction":[{"@type":"SearchAction","target":{"@type":"EntryPoint","urlTemplate":"http:\/\/csahainaut.be\/?s={search_term_string}"},"query-input":{"@type":"PropertyValueSpecification","valueRequired":true,"valueName":"search_term_string"}}],"inLanguage":"en-US"},{"@type":"Organization","@id":"http:\/\/csahainaut.be\/#organization","name":"CSA HAINAUT fondamental","url":"http:\/\/csahainaut.be\/","logo":{"@type":"ImageObject","inLanguage":"en-US","@id":"http:\/\/csahainaut.be\/#\/schema\/logo\/image\/","url":"https:\/\/csahainaut.be\/wp-content\/uploads\/2024\/06\/cropped-logo-segec.webp","contentUrl":"https:\/\/csahainaut.be\/wp-content\/uploads\/2024\/06\/cropped-logo-segec.webp","width":367,"height":217,"caption":"CSA HAINAUT fondamental"},"image":{"@id":"http:\/\/csahainaut.be\/#\/schema\/logo\/image\/"}}]}},"jetpack_sharing_enabled":true,"_links":{"self":[{"href":"http:\/\/csahainaut.be\/index.php?rest_route=\/wp\/v2\/pages\/889","targetHints":{"allow":["GET"]}}],"collection":[{"href":"http:\/\/csahainaut.be\/index.php?rest_route=\/wp\/v2\/pages"}],"about":[{"href":"http:\/\/csahainaut.be\/index.php?rest_route=\/wp\/v2\/types\/page"}],"author":[{"embeddable":true,"href":"http:\/\/csahainaut.be\/index.php?rest_route=\/wp\/v2\/users\/1"}],"replies":[{"embeddable":true,"href":"http:\/\/csahainaut.be\/index.php?rest_route=%2Fwp%2Fv2%2Fcomments&post=889"}],"version-history":[{"count":7,"href":"http:\/\/csahainaut.be\/index.php?rest_route=\/wp\/v2\/pages\/889\/revisions"}],"predecessor-version":[{"id":1242,"href":"http:\/\/csahainaut.be\/index.php?rest_route=\/wp\/v2\/pages\/889\/revisions\/1242"}],"wp:attachment":[{"href":"http:\/\/csahainaut.be\/index.php?rest_route=%2Fwp%2Fv2%2Fmedia&parent=889"}],"curies":[{"name":"wp","href":"https:\/\/api.w.org\/{rel}","templated":true}]}}