{"id":883,"date":"2024-06-29T10:10:02","date_gmt":"2024-06-29T08:10:02","guid":{"rendered":"https:\/\/csahainaut.be\/?page_id=883"},"modified":"2025-08-29T15:29:19","modified_gmt":"2025-08-29T13:29:19","slug":"referents-numeriques","status":"publish","type":"page","link":"http:\/\/csahainaut.be\/?page_id=883","title":{"rendered":"R\u00e9f\u00e9rents num\u00e9riques"},"content":{"rendered":"\t\t<div data-elementor-type=\"wp-page\" data-elementor-id=\"883\" class=\"elementor elementor-883\">\n\t\t\t\t<div class=\"elementor-element elementor-element-208d6f0 e-con-full e-flex e-con e-parent\" data-id=\"208d6f0\" data-element_type=\"container\" data-e-type=\"container\">\n\t\t\t\t<div class=\"elementor-element elementor-element-b8422f6 elementor-widget__width-initial elementor-widget elementor-widget-heading\" data-id=\"b8422f6\" data-element_type=\"widget\" data-e-type=\"widget\" data-widget_type=\"heading.default\">\n\t\t\t\t<div class=\"elementor-widget-container\">\n\t\t\t\t\t<h3 class=\"elementor-heading-title elementor-size-default\"><i>Mon r\u00e9f\u00e9rent num\u00e9rique, personne-ressource dans mon \u00e9cole<\/i><\/h3>\t\t\t\t<\/div>\n\t\t\t\t<\/div>\n\t\t\t\t<div class=\"elementor-element elementor-element-8ffa782 elementor-widget__width-inherit elementor-widget-divider--view-line elementor-widget elementor-widget-divider\" data-id=\"8ffa782\" data-element_type=\"widget\" data-e-type=\"widget\" data-widget_type=\"divider.default\">\n\t\t\t\t<div class=\"elementor-widget-container\">\n\t\t\t\t\t\t\t<div class=\"elementor-divider\">\n\t\t\t<span class=\"elementor-divider-separator\">\n\t\t\t\t\t\t<\/span>\n\t\t<\/div>\n\t\t\t\t\t\t<\/div>\n\t\t\t\t<\/div>\n\t\t<div class=\"elementor-element elementor-element-bc6c649 e-con-full e-flex e-con e-child\" data-id=\"bc6c649\" data-element_type=\"container\" data-e-type=\"container\">\n\t\t<div class=\"elementor-element elementor-element-92912dd e-con-full e-flex e-con e-child\" data-id=\"92912dd\" data-element_type=\"container\" data-e-type=\"container\">\n\t\t\t\t<div class=\"elementor-element elementor-element-9406c17 elementor-widget__width-initial elementor-widget elementor-widget-text-editor\" data-id=\"9406c17\" data-element_type=\"widget\" data-e-type=\"widget\" data-widget_type=\"text-editor.default\">\n\t\t\t\t<div class=\"elementor-widget-container\">\n\t\t\t\t\t\t\t\t\t<p><span class=\"TextRun SCXW151614243 BCX8\" lang=\"FR-FR\" xml:lang=\"FR-FR\" data-contrast=\"auto\"><span class=\"NormalTextRun SCXW151614243 BCX8\">Nous avons \u00e9labor\u00e9 toute une s\u00e9rie d&#8217;accompagnements pour votre r\u00e9f\u00e9rent num\u00e9rique pour qu&#8217;il soit une r\u00e9elle plus-value pour votre \u00e9quipe. <br \/><strong>Cliquez\u00a0sur l&#8217;image pour d\u00e9couvrir les offres des RN.<\/strong><\/span><\/span><\/p><p>\u00a0<\/p>\t\t\t\t\t\t\t\t<\/div>\n\t\t\t\t<\/div>\n\t\t\t\t<div class=\"elementor-element elementor-element-acff415 elementor-widget elementor-widget-image\" data-id=\"acff415\" data-element_type=\"widget\" data-e-type=\"widget\" data-widget_type=\"image.default\">\n\t\t\t\t<div class=\"elementor-widget-container\">\n\t\t\t\t\t\t\t\t\t\t\t\t\t\t\t\t<a href=\"https:\/\/view.genially.com\/61dfcd912505f50d6eab153a\" target=\"_blank\">\n\t\t\t\t\t\t\t<img fetchpriority=\"high\" decoding=\"async\" width=\"1024\" height=\"528\" src=\"http:\/\/csahainaut.be\/wp-content\/uploads\/2025\/08\/RN-1024x528.png\" class=\"attachment-large size-large wp-image-1659\" alt=\"\" srcset=\"http:\/\/csahainaut.be\/wp-content\/uploads\/2025\/08\/RN-1024x528.png 1024w, http:\/\/csahainaut.be\/wp-content\/uploads\/2025\/08\/RN-300x155.png 300w, http:\/\/csahainaut.be\/wp-content\/uploads\/2025\/08\/RN-768x396.png 768w, http:\/\/csahainaut.be\/wp-content\/uploads\/2025\/08\/RN-1536x791.png 1536w, http:\/\/csahainaut.be\/wp-content\/uploads\/2025\/08\/RN.png 1572w\" sizes=\"(max-width: 1024px) 100vw, 1024px\" \/>\t\t\t\t\t\t\t\t<\/a>\n\t\t\t\t\t\t\t\t\t\t\t\t\t\t\t<\/div>\n\t\t\t\t<\/div>\n\t\t\t\t<\/div>\n\t\t<div class=\"elementor-element elementor-element-322cd81 e-con-full e-flex e-con e-child\" data-id=\"322cd81\" data-element_type=\"container\" data-e-type=\"container\">\n\t\t\t\t<div class=\"elementor-element elementor-element-f0e6aed elementor-widget elementor-widget-heading\" data-id=\"f0e6aed\" data-element_type=\"widget\" data-e-type=\"widget\" data-widget_type=\"heading.default\">\n\t\t\t\t<div class=\"elementor-widget-container\">\n\t\t\t\t\t<h4 class=\"elementor-heading-title elementor-size-default\">CSA<\/h4>\t\t\t\t<\/div>\n\t\t\t\t<\/div>\n\t\t\t\t<div class=\"elementor-element elementor-element-b4b0dae elementor-widget elementor-widget-text-editor\" data-id=\"b4b0dae\" data-element_type=\"widget\" data-e-type=\"widget\" data-widget_type=\"text-editor.default\">\n\t\t\t\t<div class=\"elementor-widget-container\">\n\t\t\t\t\t\t\t\t\t<ul><li><span data-contrast=\"auto\">St\u00e9phane Simon\u00a0 \u00a0\u00a0<\/span><\/li><li>Mathieu Deham<\/li><\/ul>\t\t\t\t\t\t\t\t<\/div>\n\t\t\t\t<\/div>\n\t\t\t\t<div class=\"elementor-element elementor-element-1abc99d elementor-widget-divider--view-line elementor-widget elementor-widget-divider\" data-id=\"1abc99d\" data-element_type=\"widget\" data-e-type=\"widget\" data-widget_type=\"divider.default\">\n\t\t\t\t<div class=\"elementor-widget-container\">\n\t\t\t\t\t\t\t<div class=\"elementor-divider\">\n\t\t\t<span class=\"elementor-divider-separator\">\n\t\t\t\t\t\t<\/span>\n\t\t<\/div>\n\t\t\t\t\t\t<\/div>\n\t\t\t\t<\/div>\n\t\t\t\t<div class=\"elementor-element elementor-element-e36d1ca elementor-widget elementor-widget-heading\" data-id=\"e36d1ca\" data-element_type=\"widget\" data-e-type=\"widget\" data-widget_type=\"heading.default\">\n\t\t\t\t<div class=\"elementor-widget-container\">\n\t\t\t\t\t<h4 class=\"elementor-heading-title elementor-size-default\">Mise \u00e0 jour de votre r\u00e9f\u00e9rent<\/h4>\t\t\t\t<\/div>\n\t\t\t\t<\/div>\n\t\t\t\t<div class=\"elementor-element elementor-element-e9636ac elementor-widget elementor-widget-text-editor\" data-id=\"e9636ac\" data-element_type=\"widget\" data-e-type=\"widget\" data-widget_type=\"text-editor.default\">\n\t\t\t\t<div class=\"elementor-widget-container\">\n\t\t\t\t\t\t\t\t\t<p><iframe style=\"border: none; max-width: 100%; max-height: 100vh;\" src=\"https:\/\/forms.microsoft.com\/Pages\/ResponsePage.aspx?id=aKMx8CQ0iUWkqbSyzIWbv2nBREchmvhPlayzoo_RKaRUMlhUSFAxMkk4T0tEMFUwR05WMUNFOTFHNC4u&amp;embed=true\" width=\"640px\" height=\"480px\" frameborder=\"0\" marginwidth=\"0\" marginheight=\"0\" allowfullscreen=\"allowfullscreen\"> <\/iframe><\/p>\t\t\t\t\t\t\t\t<\/div>\n\t\t\t\t<\/div>\n\t\t\t\t<\/div>\n\t\t\t\t<\/div>\n\t\t\t\t<\/div>\n\t\t\t\t<\/div>\n\t\t","protected":false},"excerpt":{"rendered":"<p>Mon r\u00e9f\u00e9rent num\u00e9rique, personne-ressource dans mon \u00e9cole Nous avons \u00e9labor\u00e9 toute une s\u00e9rie d&#8217;accompagnements pour votre r\u00e9f\u00e9rent num\u00e9rique pour qu&#8217;il soit une r\u00e9elle plus-value pour votre \u00e9quipe. Cliquez\u00a0sur l&#8217;image pour d\u00e9couvrir les offres des RN. \u00a0 CSA St\u00e9phane Simon\u00a0 \u00a0\u00a0 Mathieu Deham Mise \u00e0 jour de votre r\u00e9f\u00e9rent<\/p>\n","protected":false},"author":1,"featured_media":0,"parent":0,"menu_order":0,"comment_status":"closed","ping_status":"closed","template":"","meta":{"footnotes":""},"class_list":["post-883","page","type-page","status-publish","hentry","nodate","item-wrap"],"yoast_head":"<!-- This site is optimized with the Yoast SEO plugin v27.4 - https:\/\/yoast.com\/product\/yoast-seo-wordpress\/ -->\n<title>R\u00e9f\u00e9rents num\u00e9riques - CSA HAINAUT fondamental<\/title>\n<meta name=\"robots\" content=\"index, follow, max-snippet:-1, max-image-preview:large, max-video-preview:-1\" \/>\n<link rel=\"canonical\" href=\"https:\/\/csahainaut.be\/?page_id=883\" \/>\n<meta property=\"og:locale\" content=\"en_US\" \/>\n<meta property=\"og:type\" content=\"article\" \/>\n<meta property=\"og:title\" content=\"R\u00e9f\u00e9rents num\u00e9riques - CSA HAINAUT fondamental\" \/>\n<meta property=\"og:description\" content=\"Mon r\u00e9f\u00e9rent num\u00e9rique, personne-ressource dans mon \u00e9cole Nous avons \u00e9labor\u00e9 toute une s\u00e9rie d&#8217;accompagnements pour votre r\u00e9f\u00e9rent num\u00e9rique pour qu&#8217;il soit une r\u00e9elle plus-value pour votre \u00e9quipe. Cliquez\u00a0sur l&#8217;image pour d\u00e9couvrir les offres des RN. \u00a0 CSA St\u00e9phane Simon\u00a0 \u00a0\u00a0 Mathieu Deham Mise \u00e0 jour de votre r\u00e9f\u00e9rent\" \/>\n<meta property=\"og:url\" content=\"https:\/\/csahainaut.be\/?page_id=883\" \/>\n<meta property=\"og:site_name\" content=\"CSA HAINAUT fondamental\" \/>\n<meta property=\"article:modified_time\" content=\"2025-08-29T13:29:19+00:00\" \/>\n<meta property=\"og:image\" content=\"http:\/\/csahainaut.be\/wp-content\/uploads\/2025\/08\/RN-1024x528.png\" \/>\n<meta name=\"twitter:card\" content=\"summary_large_image\" \/>\n<meta name=\"twitter:label1\" content=\"Est. reading time\" \/>\n\t<meta name=\"twitter:data1\" content=\"1 minute\" \/>\n<script type=\"application\/ld+json\" class=\"yoast-schema-graph\">{\"@context\":\"https:\\\/\\\/schema.org\",\"@graph\":[{\"@type\":\"WebPage\",\"@id\":\"https:\\\/\\\/csahainaut.be\\\/?page_id=883\",\"url\":\"https:\\\/\\\/csahainaut.be\\\/?page_id=883\",\"name\":\"R\u00e9f\u00e9rents num\u00e9riques - CSA HAINAUT fondamental\",\"isPartOf\":{\"@id\":\"http:\\\/\\\/csahainaut.be\\\/#website\"},\"primaryImageOfPage\":{\"@id\":\"https:\\\/\\\/csahainaut.be\\\/?page_id=883#primaryimage\"},\"image\":{\"@id\":\"https:\\\/\\\/csahainaut.be\\\/?page_id=883#primaryimage\"},\"thumbnailUrl\":\"http:\\\/\\\/csahainaut.be\\\/wp-content\\\/uploads\\\/2025\\\/08\\\/RN-1024x528.png\",\"datePublished\":\"2024-06-29T08:10:02+00:00\",\"dateModified\":\"2025-08-29T13:29:19+00:00\",\"breadcrumb\":{\"@id\":\"https:\\\/\\\/csahainaut.be\\\/?page_id=883#breadcrumb\"},\"inLanguage\":\"en-US\",\"potentialAction\":[{\"@type\":\"ReadAction\",\"target\":[\"https:\\\/\\\/csahainaut.be\\\/?page_id=883\"]}]},{\"@type\":\"ImageObject\",\"inLanguage\":\"en-US\",\"@id\":\"https:\\\/\\\/csahainaut.be\\\/?page_id=883#primaryimage\",\"url\":\"http:\\\/\\\/csahainaut.be\\\/wp-content\\\/uploads\\\/2025\\\/08\\\/RN.png\",\"contentUrl\":\"http:\\\/\\\/csahainaut.be\\\/wp-content\\\/uploads\\\/2025\\\/08\\\/RN.png\",\"width\":1572,\"height\":810},{\"@type\":\"BreadcrumbList\",\"@id\":\"https:\\\/\\\/csahainaut.be\\\/?page_id=883#breadcrumb\",\"itemListElement\":[{\"@type\":\"ListItem\",\"position\":1,\"name\":\"Accueil\",\"item\":\"http:\\\/\\\/csahainaut.be\\\/\"},{\"@type\":\"ListItem\",\"position\":2,\"name\":\"R\u00e9f\u00e9rents num\u00e9riques\"}]},{\"@type\":\"WebSite\",\"@id\":\"http:\\\/\\\/csahainaut.be\\\/#website\",\"url\":\"http:\\\/\\\/csahainaut.be\\\/\",\"name\":\"CSA HAINAUT fondamental\",\"description\":\"Site des conseillers au soutien et \u00e0 l&#039;accompagnement \",\"publisher\":{\"@id\":\"http:\\\/\\\/csahainaut.be\\\/#organization\"},\"potentialAction\":[{\"@type\":\"SearchAction\",\"target\":{\"@type\":\"EntryPoint\",\"urlTemplate\":\"http:\\\/\\\/csahainaut.be\\\/?s={search_term_string}\"},\"query-input\":{\"@type\":\"PropertyValueSpecification\",\"valueRequired\":true,\"valueName\":\"search_term_string\"}}],\"inLanguage\":\"en-US\"},{\"@type\":\"Organization\",\"@id\":\"http:\\\/\\\/csahainaut.be\\\/#organization\",\"name\":\"CSA HAINAUT fondamental\",\"url\":\"http:\\\/\\\/csahainaut.be\\\/\",\"logo\":{\"@type\":\"ImageObject\",\"inLanguage\":\"en-US\",\"@id\":\"http:\\\/\\\/csahainaut.be\\\/#\\\/schema\\\/logo\\\/image\\\/\",\"url\":\"https:\\\/\\\/csahainaut.be\\\/wp-content\\\/uploads\\\/2024\\\/06\\\/cropped-logo-segec.webp\",\"contentUrl\":\"https:\\\/\\\/csahainaut.be\\\/wp-content\\\/uploads\\\/2024\\\/06\\\/cropped-logo-segec.webp\",\"width\":367,\"height\":217,\"caption\":\"CSA HAINAUT fondamental\"},\"image\":{\"@id\":\"http:\\\/\\\/csahainaut.be\\\/#\\\/schema\\\/logo\\\/image\\\/\"}}]}<\/script>\n<!-- \/ Yoast SEO plugin. -->","yoast_head_json":{"title":"R\u00e9f\u00e9rents num\u00e9riques - CSA HAINAUT fondamental","robots":{"index":"index","follow":"follow","max-snippet":"max-snippet:-1","max-image-preview":"max-image-preview:large","max-video-preview":"max-video-preview:-1"},"canonical":"https:\/\/csahainaut.be\/?page_id=883","og_locale":"en_US","og_type":"article","og_title":"R\u00e9f\u00e9rents num\u00e9riques - CSA HAINAUT fondamental","og_description":"Mon r\u00e9f\u00e9rent num\u00e9rique, personne-ressource dans mon \u00e9cole Nous avons \u00e9labor\u00e9 toute une s\u00e9rie d&#8217;accompagnements pour votre r\u00e9f\u00e9rent num\u00e9rique pour qu&#8217;il soit une r\u00e9elle plus-value pour votre \u00e9quipe. Cliquez\u00a0sur l&#8217;image pour d\u00e9couvrir les offres des RN. \u00a0 CSA St\u00e9phane Simon\u00a0 \u00a0\u00a0 Mathieu Deham Mise \u00e0 jour de votre r\u00e9f\u00e9rent","og_url":"https:\/\/csahainaut.be\/?page_id=883","og_site_name":"CSA HAINAUT fondamental","article_modified_time":"2025-08-29T13:29:19+00:00","og_image":[{"url":"http:\/\/csahainaut.be\/wp-content\/uploads\/2025\/08\/RN-1024x528.png","type":"","width":"","height":""}],"twitter_card":"summary_large_image","twitter_misc":{"Est. reading time":"1 minute"},"schema":{"@context":"https:\/\/schema.org","@graph":[{"@type":"WebPage","@id":"https:\/\/csahainaut.be\/?page_id=883","url":"https:\/\/csahainaut.be\/?page_id=883","name":"R\u00e9f\u00e9rents num\u00e9riques - CSA HAINAUT fondamental","isPartOf":{"@id":"http:\/\/csahainaut.be\/#website"},"primaryImageOfPage":{"@id":"https:\/\/csahainaut.be\/?page_id=883#primaryimage"},"image":{"@id":"https:\/\/csahainaut.be\/?page_id=883#primaryimage"},"thumbnailUrl":"http:\/\/csahainaut.be\/wp-content\/uploads\/2025\/08\/RN-1024x528.png","datePublished":"2024-06-29T08:10:02+00:00","dateModified":"2025-08-29T13:29:19+00:00","breadcrumb":{"@id":"https:\/\/csahainaut.be\/?page_id=883#breadcrumb"},"inLanguage":"en-US","potentialAction":[{"@type":"ReadAction","target":["https:\/\/csahainaut.be\/?page_id=883"]}]},{"@type":"ImageObject","inLanguage":"en-US","@id":"https:\/\/csahainaut.be\/?page_id=883#primaryimage","url":"http:\/\/csahainaut.be\/wp-content\/uploads\/2025\/08\/RN.png","contentUrl":"http:\/\/csahainaut.be\/wp-content\/uploads\/2025\/08\/RN.png","width":1572,"height":810},{"@type":"BreadcrumbList","@id":"https:\/\/csahainaut.be\/?page_id=883#breadcrumb","itemListElement":[{"@type":"ListItem","position":1,"name":"Accueil","item":"http:\/\/csahainaut.be\/"},{"@type":"ListItem","position":2,"name":"R\u00e9f\u00e9rents num\u00e9riques"}]},{"@type":"WebSite","@id":"http:\/\/csahainaut.be\/#website","url":"http:\/\/csahainaut.be\/","name":"CSA HAINAUT fondamental","description":"Site des conseillers au soutien et \u00e0 l&#039;accompagnement ","publisher":{"@id":"http:\/\/csahainaut.be\/#organization"},"potentialAction":[{"@type":"SearchAction","target":{"@type":"EntryPoint","urlTemplate":"http:\/\/csahainaut.be\/?s={search_term_string}"},"query-input":{"@type":"PropertyValueSpecification","valueRequired":true,"valueName":"search_term_string"}}],"inLanguage":"en-US"},{"@type":"Organization","@id":"http:\/\/csahainaut.be\/#organization","name":"CSA HAINAUT fondamental","url":"http:\/\/csahainaut.be\/","logo":{"@type":"ImageObject","inLanguage":"en-US","@id":"http:\/\/csahainaut.be\/#\/schema\/logo\/image\/","url":"https:\/\/csahainaut.be\/wp-content\/uploads\/2024\/06\/cropped-logo-segec.webp","contentUrl":"https:\/\/csahainaut.be\/wp-content\/uploads\/2024\/06\/cropped-logo-segec.webp","width":367,"height":217,"caption":"CSA HAINAUT fondamental"},"image":{"@id":"http:\/\/csahainaut.be\/#\/schema\/logo\/image\/"}}]}},"jetpack_sharing_enabled":true,"_links":{"self":[{"href":"http:\/\/csahainaut.be\/index.php?rest_route=\/wp\/v2\/pages\/883","targetHints":{"allow":["GET"]}}],"collection":[{"href":"http:\/\/csahainaut.be\/index.php?rest_route=\/wp\/v2\/pages"}],"about":[{"href":"http:\/\/csahainaut.be\/index.php?rest_route=\/wp\/v2\/types\/page"}],"author":[{"embeddable":true,"href":"http:\/\/csahainaut.be\/index.php?rest_route=\/wp\/v2\/users\/1"}],"replies":[{"embeddable":true,"href":"http:\/\/csahainaut.be\/index.php?rest_route=%2Fwp%2Fv2%2Fcomments&post=883"}],"version-history":[{"count":22,"href":"http:\/\/csahainaut.be\/index.php?rest_route=\/wp\/v2\/pages\/883\/revisions"}],"predecessor-version":[{"id":1662,"href":"http:\/\/csahainaut.be\/index.php?rest_route=\/wp\/v2\/pages\/883\/revisions\/1662"}],"wp:attachment":[{"href":"http:\/\/csahainaut.be\/index.php?rest_route=%2Fwp%2Fv2%2Fmedia&parent=883"}],"curies":[{"name":"wp","href":"https:\/\/api.w.org\/{rel}","templated":true}]}}