{"id":75,"date":"2024-06-07T10:16:41","date_gmt":"2024-06-07T08:16:41","guid":{"rendered":"https:\/\/csahainaut.be\/?page_id=75"},"modified":"2024-07-02T13:21:29","modified_gmt":"2024-07-02T11:21:29","slug":"missions","status":"publish","type":"page","link":"http:\/\/csahainaut.be\/?page_id=75","title":{"rendered":"Missions"},"content":{"rendered":"\t\t<div data-elementor-type=\"wp-page\" data-elementor-id=\"75\" class=\"elementor elementor-75\">\n\t\t\t\t<div class=\"elementor-element elementor-element-f2aa74a e-con-full e-flex e-con e-parent\" data-id=\"f2aa74a\" data-element_type=\"container\" data-e-type=\"container\">\n\t\t\t\t<div class=\"elementor-element elementor-element-932f898 elementor-widget__width-initial elementor-widget elementor-widget-heading\" data-id=\"932f898\" data-element_type=\"widget\" data-e-type=\"widget\" data-widget_type=\"heading.default\">\n\t\t\t\t<div class=\"elementor-widget-container\">\n\t\t\t\t\t<h3 class=\"elementor-heading-title elementor-size-default\"><h2 style=\", sans-serif;line-height: 38px;margin-top: 0px;margin-bottom: 20px;font-size: 32px;letter-spacing: 0.2px;text-align: center\"><span style=\"letter-spacing: 0.2px\"><span>l\u2019Accompagnement a pour vocation <br>d\u2019am\u00e9liorer l\u2019\u00e9quit\u00e9 et l\u2019efficacit\u00e9 des \u00e9coles<\/span><\/span><\/h2><h3 class=\"elementor-heading-title elementor-size-default elementor-inline-editing pen\" data-elementor-setting-key=\"title\" data-pen-placeholder=\"\u00c9crivez ici...\" style=\"font-family: Roboto, sans-serif;font-weight: 400;line-height: 1px\"><br><\/h3><\/h3>\t\t\t\t<\/div>\n\t\t\t\t<\/div>\n\t\t\t\t<\/div>\n\t\t<div class=\"elementor-element elementor-element-75f3ec7 e-flex e-con-boxed e-con e-parent\" data-id=\"75f3ec7\" data-element_type=\"container\" data-e-type=\"container\">\n\t\t\t\t\t<div class=\"e-con-inner\">\n\t\t\t\t<div class=\"elementor-element elementor-element-c4afd60 elementor-widget elementor-widget-text-editor\" data-id=\"c4afd60\" data-element_type=\"widget\" data-e-type=\"widget\" data-widget_type=\"text-editor.default\">\n\t\t\t\t<div class=\"elementor-widget-container\">\n\t\t\t\t\t\t\t\t\t<h4 style=\"color: #7a7a7a; font-family: 'Open Sans', sans-serif; line-height: 28px; margin-top: 0px; margin-bottom: 20px; font-size: 24px; letter-spacing: 0.2px; text-align: center;\"><span style=\"color: #993366;\">Nos missions :<\/span><\/h4><h5 style=\"color: #7a7a7a; font-family: Calibri; line-height: 24px; margin: 0in; font-size: 11pt; letter-spacing: 0.2px; text-align: center;\"><span style=\"color: #333333;\">\u00a0<\/span><\/h5><h5 style=\"color: #7a7a7a; font-family: 'Open Sans', sans-serif; line-height: 24px; margin-top: 0px; margin-bottom: 20px; font-size: 20px; letter-spacing: 0.2px; text-align: center;\"><span style=\"color: #333333;\">Accompagner l\u2019\u00e9laboration, la mise en \u0153uvre, la r\u00e9gulation et l\u2019\u00e9valuation du contrat d\u2019objectifs.<\/span><\/h5><h5 style=\"color: #7a7a7a; font-family: 'Open Sans', sans-serif; line-height: 24px; margin-top: 0px; margin-bottom: 20px; font-size: 20px; letter-spacing: 0.2px; text-align: center;\"><span style=\"color: #333333;\">Accompagner les \u00e9coles en dispositif d\u2019ajustement : \u00e9laboration et mise en \u0153uvre des protocoles de collaboration<\/span><\/h5><h5 style=\"color: #7a7a7a; font-family: 'Open Sans', sans-serif; line-height: 24px; margin-top: 0px; margin-bottom: 20px; font-size: 20px; letter-spacing: 0.2px; text-align: center;\"><span style=\"color: #333333;\">Mettre les savoirs et les exp\u00e9riences des CSA au service des \u00e9quipes \u00e9ducatives<br \/><\/span><\/h5><h5 style=\"color: #7a7a7a; font-family: 'Open Sans', sans-serif; line-height: 24px; margin-top: 0px; margin-bottom: 20px; font-size: 20px; letter-spacing: 0.2px; text-align: center;\"><span style=\"color: #333333;\">Accompagner la mise en \u0153uvre et le suivi du travail collaboratif<\/span><\/h5><h5 style=\"color: #7a7a7a; font-family: 'Open Sans', sans-serif; line-height: 24px; margin-top: 0px; margin-bottom: 20px; font-size: 20px; letter-spacing: 0.2px; text-align: center;\"><span style=\"color: #333333;\">Soutenir le d\u00e9veloppement num\u00e9rique<\/span><\/h5><h5 style=\"color: #7a7a7a; font-family: 'Open Sans', sans-serif; line-height: 24px; margin-top: 0px; margin-bottom: 20px; font-size: 20px; letter-spacing: 0.2px; text-align: center;\"><span style=\"color: #333333;\">D\u00e9velopper le leadership des directions<\/span><\/h5>\t\t\t\t\t\t\t\t<\/div>\n\t\t\t\t<\/div>\n\t\t\t\t\t<\/div>\n\t\t\t\t<\/div>\n\t\t\t\t<\/div>\n\t\t","protected":false},"excerpt":{"rendered":"<p>l\u2019Accompagnement a pour vocation d\u2019am\u00e9liorer l\u2019\u00e9quit\u00e9 et l\u2019efficacit\u00e9 des \u00e9coles Nos missions : \u00a0 Accompagner l\u2019\u00e9laboration, la mise en \u0153uvre, la r\u00e9gulation et l\u2019\u00e9valuation du contrat d\u2019objectifs. Accompagner les \u00e9coles en dispositif d\u2019ajustement : \u00e9laboration et mise en \u0153uvre des protocoles de collaboration Mettre les savoirs et les exp\u00e9riences des CSA au service des \u00e9quipes &hellip; <\/p>\n<p><a class=\"more-link btn\" href=\"http:\/\/csahainaut.be\/?page_id=75\">Continue reading<\/a><\/p>\n","protected":false},"author":2,"featured_media":0,"parent":0,"menu_order":0,"comment_status":"closed","ping_status":"closed","template":"","meta":{"footnotes":""},"class_list":["post-75","page","type-page","status-publish","hentry","nodate","item-wrap"],"yoast_head":"<!-- This site is optimized with the Yoast SEO plugin v27.3 - https:\/\/yoast.com\/product\/yoast-seo-wordpress\/ -->\n<title>Missions - CSA HAINAUT fondamental<\/title>\n<meta name=\"robots\" content=\"index, follow, max-snippet:-1, max-image-preview:large, max-video-preview:-1\" \/>\n<link rel=\"canonical\" href=\"https:\/\/csahainaut.be\/?page_id=75\" \/>\n<meta property=\"og:locale\" content=\"en_US\" \/>\n<meta property=\"og:type\" content=\"article\" \/>\n<meta property=\"og:title\" content=\"Missions - CSA HAINAUT fondamental\" \/>\n<meta property=\"og:description\" content=\"l\u2019Accompagnement a pour vocation d\u2019am\u00e9liorer l\u2019\u00e9quit\u00e9 et l\u2019efficacit\u00e9 des \u00e9coles Nos missions : \u00a0 Accompagner l\u2019\u00e9laboration, la mise en \u0153uvre, la r\u00e9gulation et l\u2019\u00e9valuation du contrat d\u2019objectifs. Accompagner les \u00e9coles en dispositif d\u2019ajustement : \u00e9laboration et mise en \u0153uvre des protocoles de collaboration Mettre les savoirs et les exp\u00e9riences des CSA au service des \u00e9quipes &hellip; Continue reading\" \/>\n<meta property=\"og:url\" content=\"https:\/\/csahainaut.be\/?page_id=75\" \/>\n<meta property=\"og:site_name\" content=\"CSA HAINAUT fondamental\" \/>\n<meta property=\"article:modified_time\" content=\"2024-07-02T11:21:29+00:00\" \/>\n<meta name=\"twitter:card\" content=\"summary_large_image\" \/>\n<meta name=\"twitter:label1\" content=\"Est. reading time\" \/>\n\t<meta name=\"twitter:data1\" content=\"1 minute\" \/>\n<script type=\"application\/ld+json\" class=\"yoast-schema-graph\">{\"@context\":\"https:\\\/\\\/schema.org\",\"@graph\":[{\"@type\":\"WebPage\",\"@id\":\"https:\\\/\\\/csahainaut.be\\\/?page_id=75\",\"url\":\"https:\\\/\\\/csahainaut.be\\\/?page_id=75\",\"name\":\"Missions - CSA HAINAUT fondamental\",\"isPartOf\":{\"@id\":\"http:\\\/\\\/csahainaut.be\\\/#website\"},\"datePublished\":\"2024-06-07T08:16:41+00:00\",\"dateModified\":\"2024-07-02T11:21:29+00:00\",\"breadcrumb\":{\"@id\":\"https:\\\/\\\/csahainaut.be\\\/?page_id=75#breadcrumb\"},\"inLanguage\":\"en-US\",\"potentialAction\":[{\"@type\":\"ReadAction\",\"target\":[\"https:\\\/\\\/csahainaut.be\\\/?page_id=75\"]}]},{\"@type\":\"BreadcrumbList\",\"@id\":\"https:\\\/\\\/csahainaut.be\\\/?page_id=75#breadcrumb\",\"itemListElement\":[{\"@type\":\"ListItem\",\"position\":1,\"name\":\"Accueil\",\"item\":\"http:\\\/\\\/csahainaut.be\\\/\"},{\"@type\":\"ListItem\",\"position\":2,\"name\":\"Missions\"}]},{\"@type\":\"WebSite\",\"@id\":\"http:\\\/\\\/csahainaut.be\\\/#website\",\"url\":\"http:\\\/\\\/csahainaut.be\\\/\",\"name\":\"CSA HAINAUT fondamental\",\"description\":\"Site des conseillers au soutien et \u00e0 l&#039;accompagnement \",\"publisher\":{\"@id\":\"http:\\\/\\\/csahainaut.be\\\/#organization\"},\"potentialAction\":[{\"@type\":\"SearchAction\",\"target\":{\"@type\":\"EntryPoint\",\"urlTemplate\":\"http:\\\/\\\/csahainaut.be\\\/?s={search_term_string}\"},\"query-input\":{\"@type\":\"PropertyValueSpecification\",\"valueRequired\":true,\"valueName\":\"search_term_string\"}}],\"inLanguage\":\"en-US\"},{\"@type\":\"Organization\",\"@id\":\"http:\\\/\\\/csahainaut.be\\\/#organization\",\"name\":\"CSA HAINAUT fondamental\",\"url\":\"http:\\\/\\\/csahainaut.be\\\/\",\"logo\":{\"@type\":\"ImageObject\",\"inLanguage\":\"en-US\",\"@id\":\"http:\\\/\\\/csahainaut.be\\\/#\\\/schema\\\/logo\\\/image\\\/\",\"url\":\"https:\\\/\\\/csahainaut.be\\\/wp-content\\\/uploads\\\/2024\\\/06\\\/cropped-logo-segec.webp\",\"contentUrl\":\"https:\\\/\\\/csahainaut.be\\\/wp-content\\\/uploads\\\/2024\\\/06\\\/cropped-logo-segec.webp\",\"width\":367,\"height\":217,\"caption\":\"CSA HAINAUT fondamental\"},\"image\":{\"@id\":\"http:\\\/\\\/csahainaut.be\\\/#\\\/schema\\\/logo\\\/image\\\/\"}}]}<\/script>\n<!-- \/ Yoast SEO plugin. -->","yoast_head_json":{"title":"Missions - CSA HAINAUT fondamental","robots":{"index":"index","follow":"follow","max-snippet":"max-snippet:-1","max-image-preview":"max-image-preview:large","max-video-preview":"max-video-preview:-1"},"canonical":"https:\/\/csahainaut.be\/?page_id=75","og_locale":"en_US","og_type":"article","og_title":"Missions - CSA HAINAUT fondamental","og_description":"l\u2019Accompagnement a pour vocation d\u2019am\u00e9liorer l\u2019\u00e9quit\u00e9 et l\u2019efficacit\u00e9 des \u00e9coles Nos missions : \u00a0 Accompagner l\u2019\u00e9laboration, la mise en \u0153uvre, la r\u00e9gulation et l\u2019\u00e9valuation du contrat d\u2019objectifs. Accompagner les \u00e9coles en dispositif d\u2019ajustement : \u00e9laboration et mise en \u0153uvre des protocoles de collaboration Mettre les savoirs et les exp\u00e9riences des CSA au service des \u00e9quipes &hellip; Continue reading","og_url":"https:\/\/csahainaut.be\/?page_id=75","og_site_name":"CSA HAINAUT fondamental","article_modified_time":"2024-07-02T11:21:29+00:00","twitter_card":"summary_large_image","twitter_misc":{"Est. reading time":"1 minute"},"schema":{"@context":"https:\/\/schema.org","@graph":[{"@type":"WebPage","@id":"https:\/\/csahainaut.be\/?page_id=75","url":"https:\/\/csahainaut.be\/?page_id=75","name":"Missions - CSA HAINAUT fondamental","isPartOf":{"@id":"http:\/\/csahainaut.be\/#website"},"datePublished":"2024-06-07T08:16:41+00:00","dateModified":"2024-07-02T11:21:29+00:00","breadcrumb":{"@id":"https:\/\/csahainaut.be\/?page_id=75#breadcrumb"},"inLanguage":"en-US","potentialAction":[{"@type":"ReadAction","target":["https:\/\/csahainaut.be\/?page_id=75"]}]},{"@type":"BreadcrumbList","@id":"https:\/\/csahainaut.be\/?page_id=75#breadcrumb","itemListElement":[{"@type":"ListItem","position":1,"name":"Accueil","item":"http:\/\/csahainaut.be\/"},{"@type":"ListItem","position":2,"name":"Missions"}]},{"@type":"WebSite","@id":"http:\/\/csahainaut.be\/#website","url":"http:\/\/csahainaut.be\/","name":"CSA HAINAUT fondamental","description":"Site des conseillers au soutien et \u00e0 l&#039;accompagnement ","publisher":{"@id":"http:\/\/csahainaut.be\/#organization"},"potentialAction":[{"@type":"SearchAction","target":{"@type":"EntryPoint","urlTemplate":"http:\/\/csahainaut.be\/?s={search_term_string}"},"query-input":{"@type":"PropertyValueSpecification","valueRequired":true,"valueName":"search_term_string"}}],"inLanguage":"en-US"},{"@type":"Organization","@id":"http:\/\/csahainaut.be\/#organization","name":"CSA HAINAUT fondamental","url":"http:\/\/csahainaut.be\/","logo":{"@type":"ImageObject","inLanguage":"en-US","@id":"http:\/\/csahainaut.be\/#\/schema\/logo\/image\/","url":"https:\/\/csahainaut.be\/wp-content\/uploads\/2024\/06\/cropped-logo-segec.webp","contentUrl":"https:\/\/csahainaut.be\/wp-content\/uploads\/2024\/06\/cropped-logo-segec.webp","width":367,"height":217,"caption":"CSA HAINAUT fondamental"},"image":{"@id":"http:\/\/csahainaut.be\/#\/schema\/logo\/image\/"}}]}},"jetpack_sharing_enabled":true,"_links":{"self":[{"href":"http:\/\/csahainaut.be\/index.php?rest_route=\/wp\/v2\/pages\/75","targetHints":{"allow":["GET"]}}],"collection":[{"href":"http:\/\/csahainaut.be\/index.php?rest_route=\/wp\/v2\/pages"}],"about":[{"href":"http:\/\/csahainaut.be\/index.php?rest_route=\/wp\/v2\/types\/page"}],"author":[{"embeddable":true,"href":"http:\/\/csahainaut.be\/index.php?rest_route=\/wp\/v2\/users\/2"}],"replies":[{"embeddable":true,"href":"http:\/\/csahainaut.be\/index.php?rest_route=%2Fwp%2Fv2%2Fcomments&post=75"}],"version-history":[{"count":10,"href":"http:\/\/csahainaut.be\/index.php?rest_route=\/wp\/v2\/pages\/75\/revisions"}],"predecessor-version":[{"id":982,"href":"http:\/\/csahainaut.be\/index.php?rest_route=\/wp\/v2\/pages\/75\/revisions\/982"}],"wp:attachment":[{"href":"http:\/\/csahainaut.be\/index.php?rest_route=%2Fwp%2Fv2%2Fmedia&parent=75"}],"curies":[{"name":"wp","href":"https:\/\/api.w.org\/{rel}","templated":true}]}}