{"id":718,"date":"2024-06-20T09:48:12","date_gmt":"2024-06-20T07:48:12","guid":{"rendered":"https:\/\/csahainaut.be\/?page_id=718"},"modified":"2024-08-30T10:20:37","modified_gmt":"2024-08-30T08:20:37","slug":"religion-2","status":"publish","type":"page","link":"http:\/\/csahainaut.be\/?page_id=718","title":{"rendered":"Religion"},"content":{"rendered":"\t\t<div data-elementor-type=\"wp-page\" data-elementor-id=\"718\" class=\"elementor elementor-718\">\n\t\t\t\t<div class=\"elementor-element elementor-element-ad991ee e-con-full e-flex e-con e-parent\" data-id=\"ad991ee\" data-element_type=\"container\" data-e-type=\"container\">\n\t\t\t\t<div class=\"elementor-element elementor-element-f5362a1 elementor-widget__width-initial elementor-widget elementor-widget-heading\" data-id=\"f5362a1\" data-element_type=\"widget\" data-e-type=\"widget\" data-widget_type=\"heading.default\">\n\t\t\t\t<div class=\"elementor-widget-container\">\n\t\t\t\t\t<h3 class=\"elementor-heading-title elementor-size-default\"><i>Partager et construire des outils du nouveau programme du cours de religion <\/i><\/h3>\t\t\t\t<\/div>\n\t\t\t\t<\/div>\n\t\t\t\t<div class=\"elementor-element elementor-element-e6a4bf1 elementor-widget__width-inherit elementor-widget-divider--view-line elementor-widget elementor-widget-divider\" data-id=\"e6a4bf1\" data-element_type=\"widget\" data-e-type=\"widget\" data-widget_type=\"divider.default\">\n\t\t\t\t<div class=\"elementor-widget-container\">\n\t\t\t\t\t\t\t<div class=\"elementor-divider\">\n\t\t\t<span class=\"elementor-divider-separator\">\n\t\t\t\t\t\t<\/span>\n\t\t<\/div>\n\t\t\t\t\t\t<\/div>\n\t\t\t\t<\/div>\n\t\t\t\t<\/div>\n\t\t<div class=\"elementor-element elementor-element-ec14fc1 e-con-full e-flex e-con e-parent\" data-id=\"ec14fc1\" data-element_type=\"container\" data-e-type=\"container\">\n\t\t<div class=\"elementor-element elementor-element-1d21ce2 e-con-full e-flex e-con e-child\" data-id=\"1d21ce2\" data-element_type=\"container\" data-e-type=\"container\">\n\t\t\t\t<div class=\"elementor-element elementor-element-c05e9d3 elementor-widget__width-initial elementor-widget elementor-widget-text-editor\" data-id=\"c05e9d3\" data-element_type=\"widget\" data-e-type=\"widget\" data-widget_type=\"text-editor.default\">\n\t\t\t\t<div class=\"elementor-widget-container\">\n\t\t\t\t\t\t\t\t\t<p><span class=\"TextRun SCXW217685724 BCX0\" lang=\"FR-FR\" xml:lang=\"FR-FR\" data-contrast=\"auto\"><span class=\"NormalTextRun SCXW217685724 BCX0\">Rejoindre un groupe de partage pour assumer les changements du cours de religion.<\/span><\/span><span class=\"EOP SCXW217685724 BCX0\" data-ccp-props=\"{&quot;201341983&quot;:0,&quot;335559740&quot;:279}\">\u00a0<\/span><\/p><p><b><span style=\"color: var( --e-global-color-text ); font-family: var( --e-global-typography-text-font-family ), Sans-serif; text-align: var(--text-align);\"><span data-contrast=\"auto\">Public cible<\/span><\/span><span style=\"color: var( --e-global-color-text ); font-family: var( --e-global-typography-text-font-family ), Sans-serif; text-align: var(--text-align);\" data-ccp-props=\"{&quot;201341983&quot;:0,&quot;335559740&quot;:279}\">\u00a0<\/span><\/b><\/p><p><span style=\"color: var( --e-global-color-text ); font-family: var( --e-global-typography-text-font-family ), Sans-serif; font-weight: var( --e-global-typography-text-font-weight );\" data-ccp-props=\"{&quot;201341983&quot;:0,&quot;335551550&quot;:6,&quot;335551620&quot;:6,&quot;335559739&quot;:160,&quot;335559740&quot;:276}\">Les enseignants en charge du cours de religion, dans l&#8217;enseignement fondamental catholique.\u00a0<\/span><\/p><p><b><span data-contrast=\"auto\">Objectifs<\/span><\/b><\/p><ul><li><span data-contrast=\"auto\">S&#8217;enrichir les uns les autres par des partages de ressources\u00a0<\/span><\/li><li>Construire ensemble des nouveaux outils\u00a0<span data-ccp-props=\"{&quot;201341983&quot;:0,&quot;335559740&quot;:279}\">\u00a0<\/span><\/li><\/ul><p><span data-ccp-props=\"{&quot;201341983&quot;:0,&quot;335559740&quot;:279}\">\u00a0<\/span><\/p><p><b><span data-contrast=\"auto\">Descriptif<\/span><\/b><span data-ccp-props=\"{&quot;201341983&quot;:0,&quot;335559740&quot;:279}\">\u00a0<\/span><\/p><p><span data-contrast=\"auto\">Cette communaut\u00e9 de pratiques est un lieu d&#8217;\u00e9changes entre enseignants afin que vous puissiez vous cod\u00e9velopper en p<\/span><span style=\"color: var( --e-global-color-text ); font-family: var( --e-global-typography-text-font-family ), Sans-serif; font-weight: var( --e-global-typography-text-font-weight );\" data-contrast=\"auto\">artageant vos ressources et votre perplexit\u00e9.<\/span><span style=\"color: var( --e-global-color-text ); font-family: var( --e-global-typography-text-font-family ), Sans-serif; font-weight: var( --e-global-typography-text-font-weight );\" data-ccp-props=\"{&quot;201341983&quot;:0,&quot;335559740&quot;:279}\">\u00a0<br \/>Ensemble, vous\u00a0<\/span><span style=\"color: var( --e-global-color-text ); font-family: var( --e-global-typography-text-font-family ), Sans-serif; font-weight: var( --e-global-typography-text-font-weight );\" data-contrast=\"auto\">construirez des outils pour rencontrer les questions de sens que se posent vos \u00e9l\u00e8ves.<\/span><span style=\"color: var( --e-global-color-text ); font-family: var( --e-global-typography-text-font-family ), Sans-serif; font-weight: var( --e-global-typography-text-font-weight );\" data-ccp-props=\"{&quot;201341983&quot;:0,&quot;335559740&quot;:279}\">\u00a0<\/span><\/p><p><b><span data-contrast=\"auto\">Information compl\u00e9mentaire<\/span><\/b><\/p><p>Dans le cadre de la formation continu\u00e9e, les enseignants ont la possibilit\u00e9 de se faire remplacer.<\/p>\t\t\t\t\t\t\t\t<\/div>\n\t\t\t\t<\/div>\n\t\t\t\t<\/div>\n\t\t<div class=\"elementor-element elementor-element-720b310 e-con-full e-flex e-con e-child\" data-id=\"720b310\" data-element_type=\"container\" data-e-type=\"container\">\n\t\t\t\t<div class=\"elementor-element elementor-element-8ab79fb elementor-widget elementor-widget-heading\" data-id=\"8ab79fb\" data-element_type=\"widget\" data-e-type=\"widget\" data-widget_type=\"heading.default\">\n\t\t\t\t<div class=\"elementor-widget-container\">\n\t\t\t\t\t<h4 class=\"elementor-heading-title elementor-size-default\">Modalit\u00e9s<\/h4>\t\t\t\t<\/div>\n\t\t\t\t<\/div>\n\t\t\t\t<div class=\"elementor-element elementor-element-b0a2cde elementor-widget__width-initial elementor-widget elementor-widget-text-editor\" data-id=\"b0a2cde\" data-element_type=\"widget\" data-e-type=\"widget\" data-widget_type=\"text-editor.default\">\n\t\t\t\t<div class=\"elementor-widget-container\">\n\t\t\t\t\t\t\t\t\t<ul><li style=\"text-align: left;\"><span class=\"TextRun SCXW152561781 BCX0\" lang=\"FR-FR\" xml:lang=\"FR-FR\" data-contrast=\"auto\"><span class=\"NormalTextRun SCXW152561781 BCX0\">1 journ\u00e9e compl\u00e8te\u00a0 <br \/>+ 6 matin\u00e9es de 9h00 \u00e0 12h00<\/span><\/span><span class=\"EOP SCXW152561781 BCX0\" data-ccp-props=\"{&quot;201341983&quot;:0,&quot;335559740&quot;:279}\">\u00a0<\/span><\/li><li style=\"text-align: left;\"><span class=\"EOP SCXW152561781 BCX0\" data-ccp-props=\"{&quot;201341983&quot;:0,&quot;335559740&quot;:279}\">A la Maison dioc\u00e9saine<\/span><\/li><\/ul>\t\t\t\t\t\t\t\t<\/div>\n\t\t\t\t<\/div>\n\t\t\t\t<div class=\"elementor-element elementor-element-2c40b98 elementor-widget-divider--view-line elementor-widget elementor-widget-divider\" data-id=\"2c40b98\" data-element_type=\"widget\" data-e-type=\"widget\" data-widget_type=\"divider.default\">\n\t\t\t\t<div class=\"elementor-widget-container\">\n\t\t\t\t\t\t\t<div class=\"elementor-divider\">\n\t\t\t<span class=\"elementor-divider-separator\">\n\t\t\t\t\t\t<\/span>\n\t\t<\/div>\n\t\t\t\t\t\t<\/div>\n\t\t\t\t<\/div>\n\t\t\t\t<div class=\"elementor-element elementor-element-1b726e4 elementor-widget elementor-widget-heading\" data-id=\"1b726e4\" data-element_type=\"widget\" data-e-type=\"widget\" data-widget_type=\"heading.default\">\n\t\t\t\t<div class=\"elementor-widget-container\">\n\t\t\t\t\t<h4 class=\"elementor-heading-title elementor-size-default\">Dates<\/h4>\t\t\t\t<\/div>\n\t\t\t\t<\/div>\n\t\t\t\t<div class=\"elementor-element elementor-element-64df872 elementor-widget elementor-widget-text-editor\" data-id=\"64df872\" data-element_type=\"widget\" data-e-type=\"widget\" data-widget_type=\"text-editor.default\">\n\t\t\t\t<div class=\"elementor-widget-container\">\n\t\t\t\t\t\t\t\t\t<ul><li><p>Vendredi\u00a0 4\/10\/24\u00a0 \u00a0de 9 h \u00e0 16 h<\/p><\/li><li><p>Mercredi 20\/11\/24\u00a0\u00a0<\/p><\/li><li><p>Mercredi 11\/12\/24<\/p><\/li><li><p>Mercredi 22\/01\/25<\/p><\/li><li><p>Mercredi 19\/02\/25<\/p><\/li><li><p>Mercredi 02\/04\/25<\/p><\/li><li>Mercredi 28\/05\/25<\/li><\/ul>\t\t\t\t\t\t\t\t<\/div>\n\t\t\t\t<\/div>\n\t\t\t\t<div class=\"elementor-element elementor-element-810f9d8 elementor-widget-divider--view-line elementor-widget elementor-widget-divider\" data-id=\"810f9d8\" data-element_type=\"widget\" data-e-type=\"widget\" data-widget_type=\"divider.default\">\n\t\t\t\t<div class=\"elementor-widget-container\">\n\t\t\t\t\t\t\t<div class=\"elementor-divider\">\n\t\t\t<span class=\"elementor-divider-separator\">\n\t\t\t\t\t\t<\/span>\n\t\t<\/div>\n\t\t\t\t\t\t<\/div>\n\t\t\t\t<\/div>\n\t\t\t\t<div class=\"elementor-element elementor-element-25d441d elementor-widget elementor-widget-heading\" data-id=\"25d441d\" data-element_type=\"widget\" data-e-type=\"widget\" data-widget_type=\"heading.default\">\n\t\t\t\t<div class=\"elementor-widget-container\">\n\t\t\t\t\t<h4 class=\"elementor-heading-title elementor-size-default\">CSA<\/h4>\t\t\t\t<\/div>\n\t\t\t\t<\/div>\n\t\t\t\t<div class=\"elementor-element elementor-element-e000994 elementor-widget elementor-widget-text-editor\" data-id=\"e000994\" data-element_type=\"widget\" data-e-type=\"widget\" data-widget_type=\"text-editor.default\">\n\t\t\t\t<div class=\"elementor-widget-container\">\n\t\t\t\t\t\t\t\t\t<ul><li>Pascale Marbaix et Jean Brunelli<br \/>(conseillers cours de religion)<\/li><li>Laurent Ulens<\/li><li>St\u00e9phane Duvivier<\/li><\/ul>\t\t\t\t\t\t\t\t<\/div>\n\t\t\t\t<\/div>\n\t\t\t\t<div class=\"elementor-element elementor-element-91f14f4 elementor-widget-divider--view-line elementor-widget elementor-widget-divider\" data-id=\"91f14f4\" data-element_type=\"widget\" data-e-type=\"widget\" data-widget_type=\"divider.default\">\n\t\t\t\t<div class=\"elementor-widget-container\">\n\t\t\t\t\t\t\t<div class=\"elementor-divider\">\n\t\t\t<span class=\"elementor-divider-separator\">\n\t\t\t\t\t\t<\/span>\n\t\t<\/div>\n\t\t\t\t\t\t<\/div>\n\t\t\t\t<\/div>\n\t\t\t\t<div class=\"elementor-element elementor-element-6d071b1 elementor-widget elementor-widget-heading\" data-id=\"6d071b1\" data-element_type=\"widget\" data-e-type=\"widget\" data-widget_type=\"heading.default\">\n\t\t\t\t<div class=\"elementor-widget-container\">\n\t\t\t\t\t<h4 class=\"elementor-heading-title elementor-size-default\">Lien vers les inscriptions<\/h4>\t\t\t\t<\/div>\n\t\t\t\t<\/div>\n\t\t\t\t<div class=\"elementor-element elementor-element-de6c355 elementor-widget elementor-widget-text-editor\" data-id=\"de6c355\" data-element_type=\"widget\" data-e-type=\"widget\" data-widget_type=\"text-editor.default\">\n\t\t\t\t<div class=\"elementor-widget-container\">\n\t\t\t\t\t\t\t\t\t<p><span style=\"color: #ffffff;\"><a style=\"color: #ffffff;\" href=\"https:\/\/ifec-fo.valsoftware.cloud\/CATALOGUE\/CATALOGUE\/search.aspx\">https:\/\/ifec-fo.valsoftware.cloud\/CATALOGUE\/CATALOGUE\/search.aspx<\/a><\/span><\/p>\t\t\t\t\t\t\t\t<\/div>\n\t\t\t\t<\/div>\n\t\t\t\t<\/div>\n\t\t\t\t<\/div>\n\t\t\t\t<\/div>\n\t\t","protected":false},"excerpt":{"rendered":"<p>Partager et construire des outils du nouveau programme du cours de religion Rejoindre un groupe de partage pour assumer les changements du cours de religion.\u00a0 Public cible\u00a0 Les enseignants en charge du cours de religion, dans l&#8217;enseignement fondamental catholique.\u00a0 Objectifs S&#8217;enrichir les uns les autres par des partages de ressources\u00a0 Construire ensemble des nouveaux outils\u00a0\u00a0 &hellip; <\/p>\n<p><a class=\"more-link btn\" href=\"http:\/\/csahainaut.be\/?page_id=718\">Continue reading<\/a><\/p>\n","protected":false},"author":1,"featured_media":0,"parent":0,"menu_order":0,"comment_status":"closed","ping_status":"closed","template":"","meta":{"footnotes":""},"class_list":["post-718","page","type-page","status-publish","hentry","nodate","item-wrap"],"yoast_head":"<!-- This site is optimized with the Yoast SEO plugin v27.3 - https:\/\/yoast.com\/product\/yoast-seo-wordpress\/ -->\n<title>Religion - CSA HAINAUT fondamental<\/title>\n<meta name=\"robots\" content=\"index, follow, max-snippet:-1, max-image-preview:large, max-video-preview:-1\" \/>\n<link rel=\"canonical\" href=\"http:\/\/csahainaut.be\/?page_id=718\" \/>\n<meta property=\"og:locale\" content=\"en_US\" \/>\n<meta property=\"og:type\" content=\"article\" \/>\n<meta property=\"og:title\" content=\"Religion - CSA HAINAUT fondamental\" \/>\n<meta property=\"og:description\" content=\"Partager et construire des outils du nouveau programme du cours de religion Rejoindre un groupe de partage pour assumer les changements du cours de religion.\u00a0 Public cible\u00a0 Les enseignants en charge du cours de religion, dans l&#8217;enseignement fondamental catholique.\u00a0 Objectifs S&#8217;enrichir les uns les autres par des partages de ressources\u00a0 Construire ensemble des nouveaux outils\u00a0\u00a0 &hellip; Continue reading\" \/>\n<meta property=\"og:url\" content=\"http:\/\/csahainaut.be\/?page_id=718\" \/>\n<meta property=\"og:site_name\" content=\"CSA HAINAUT fondamental\" \/>\n<meta property=\"article:modified_time\" content=\"2024-08-30T08:20:37+00:00\" \/>\n<meta name=\"twitter:card\" content=\"summary_large_image\" \/>\n<meta name=\"twitter:label1\" content=\"Est. reading time\" \/>\n\t<meta name=\"twitter:data1\" content=\"1 minute\" \/>\n<script type=\"application\/ld+json\" class=\"yoast-schema-graph\">{\"@context\":\"https:\\\/\\\/schema.org\",\"@graph\":[{\"@type\":\"WebPage\",\"@id\":\"http:\\\/\\\/csahainaut.be\\\/?page_id=718\",\"url\":\"http:\\\/\\\/csahainaut.be\\\/?page_id=718\",\"name\":\"Religion - CSA HAINAUT fondamental\",\"isPartOf\":{\"@id\":\"http:\\\/\\\/csahainaut.be\\\/#website\"},\"datePublished\":\"2024-06-20T07:48:12+00:00\",\"dateModified\":\"2024-08-30T08:20:37+00:00\",\"breadcrumb\":{\"@id\":\"http:\\\/\\\/csahainaut.be\\\/?page_id=718#breadcrumb\"},\"inLanguage\":\"en-US\",\"potentialAction\":[{\"@type\":\"ReadAction\",\"target\":[\"http:\\\/\\\/csahainaut.be\\\/?page_id=718\"]}]},{\"@type\":\"BreadcrumbList\",\"@id\":\"http:\\\/\\\/csahainaut.be\\\/?page_id=718#breadcrumb\",\"itemListElement\":[{\"@type\":\"ListItem\",\"position\":1,\"name\":\"Accueil\",\"item\":\"http:\\\/\\\/csahainaut.be\\\/\"},{\"@type\":\"ListItem\",\"position\":2,\"name\":\"Religion\"}]},{\"@type\":\"WebSite\",\"@id\":\"http:\\\/\\\/csahainaut.be\\\/#website\",\"url\":\"http:\\\/\\\/csahainaut.be\\\/\",\"name\":\"CSA HAINAUT fondamental\",\"description\":\"Site des conseillers au soutien et \u00e0 l&#039;accompagnement \",\"publisher\":{\"@id\":\"http:\\\/\\\/csahainaut.be\\\/#organization\"},\"potentialAction\":[{\"@type\":\"SearchAction\",\"target\":{\"@type\":\"EntryPoint\",\"urlTemplate\":\"http:\\\/\\\/csahainaut.be\\\/?s={search_term_string}\"},\"query-input\":{\"@type\":\"PropertyValueSpecification\",\"valueRequired\":true,\"valueName\":\"search_term_string\"}}],\"inLanguage\":\"en-US\"},{\"@type\":\"Organization\",\"@id\":\"http:\\\/\\\/csahainaut.be\\\/#organization\",\"name\":\"CSA HAINAUT fondamental\",\"url\":\"http:\\\/\\\/csahainaut.be\\\/\",\"logo\":{\"@type\":\"ImageObject\",\"inLanguage\":\"en-US\",\"@id\":\"http:\\\/\\\/csahainaut.be\\\/#\\\/schema\\\/logo\\\/image\\\/\",\"url\":\"https:\\\/\\\/csahainaut.be\\\/wp-content\\\/uploads\\\/2024\\\/06\\\/cropped-logo-segec.webp\",\"contentUrl\":\"https:\\\/\\\/csahainaut.be\\\/wp-content\\\/uploads\\\/2024\\\/06\\\/cropped-logo-segec.webp\",\"width\":367,\"height\":217,\"caption\":\"CSA HAINAUT fondamental\"},\"image\":{\"@id\":\"http:\\\/\\\/csahainaut.be\\\/#\\\/schema\\\/logo\\\/image\\\/\"}}]}<\/script>\n<!-- \/ Yoast SEO plugin. -->","yoast_head_json":{"title":"Religion - CSA HAINAUT fondamental","robots":{"index":"index","follow":"follow","max-snippet":"max-snippet:-1","max-image-preview":"max-image-preview:large","max-video-preview":"max-video-preview:-1"},"canonical":"http:\/\/csahainaut.be\/?page_id=718","og_locale":"en_US","og_type":"article","og_title":"Religion - CSA HAINAUT fondamental","og_description":"Partager et construire des outils du nouveau programme du cours de religion Rejoindre un groupe de partage pour assumer les changements du cours de religion.\u00a0 Public cible\u00a0 Les enseignants en charge du cours de religion, dans l&#8217;enseignement fondamental catholique.\u00a0 Objectifs S&#8217;enrichir les uns les autres par des partages de ressources\u00a0 Construire ensemble des nouveaux outils\u00a0\u00a0 &hellip; Continue reading","og_url":"http:\/\/csahainaut.be\/?page_id=718","og_site_name":"CSA HAINAUT fondamental","article_modified_time":"2024-08-30T08:20:37+00:00","twitter_card":"summary_large_image","twitter_misc":{"Est. reading time":"1 minute"},"schema":{"@context":"https:\/\/schema.org","@graph":[{"@type":"WebPage","@id":"http:\/\/csahainaut.be\/?page_id=718","url":"http:\/\/csahainaut.be\/?page_id=718","name":"Religion - CSA HAINAUT fondamental","isPartOf":{"@id":"http:\/\/csahainaut.be\/#website"},"datePublished":"2024-06-20T07:48:12+00:00","dateModified":"2024-08-30T08:20:37+00:00","breadcrumb":{"@id":"http:\/\/csahainaut.be\/?page_id=718#breadcrumb"},"inLanguage":"en-US","potentialAction":[{"@type":"ReadAction","target":["http:\/\/csahainaut.be\/?page_id=718"]}]},{"@type":"BreadcrumbList","@id":"http:\/\/csahainaut.be\/?page_id=718#breadcrumb","itemListElement":[{"@type":"ListItem","position":1,"name":"Accueil","item":"http:\/\/csahainaut.be\/"},{"@type":"ListItem","position":2,"name":"Religion"}]},{"@type":"WebSite","@id":"http:\/\/csahainaut.be\/#website","url":"http:\/\/csahainaut.be\/","name":"CSA HAINAUT fondamental","description":"Site des conseillers au soutien et \u00e0 l&#039;accompagnement ","publisher":{"@id":"http:\/\/csahainaut.be\/#organization"},"potentialAction":[{"@type":"SearchAction","target":{"@type":"EntryPoint","urlTemplate":"http:\/\/csahainaut.be\/?s={search_term_string}"},"query-input":{"@type":"PropertyValueSpecification","valueRequired":true,"valueName":"search_term_string"}}],"inLanguage":"en-US"},{"@type":"Organization","@id":"http:\/\/csahainaut.be\/#organization","name":"CSA HAINAUT fondamental","url":"http:\/\/csahainaut.be\/","logo":{"@type":"ImageObject","inLanguage":"en-US","@id":"http:\/\/csahainaut.be\/#\/schema\/logo\/image\/","url":"https:\/\/csahainaut.be\/wp-content\/uploads\/2024\/06\/cropped-logo-segec.webp","contentUrl":"https:\/\/csahainaut.be\/wp-content\/uploads\/2024\/06\/cropped-logo-segec.webp","width":367,"height":217,"caption":"CSA HAINAUT fondamental"},"image":{"@id":"http:\/\/csahainaut.be\/#\/schema\/logo\/image\/"}}]}},"jetpack_sharing_enabled":true,"_links":{"self":[{"href":"http:\/\/csahainaut.be\/index.php?rest_route=\/wp\/v2\/pages\/718","targetHints":{"allow":["GET"]}}],"collection":[{"href":"http:\/\/csahainaut.be\/index.php?rest_route=\/wp\/v2\/pages"}],"about":[{"href":"http:\/\/csahainaut.be\/index.php?rest_route=\/wp\/v2\/types\/page"}],"author":[{"embeddable":true,"href":"http:\/\/csahainaut.be\/index.php?rest_route=\/wp\/v2\/users\/1"}],"replies":[{"embeddable":true,"href":"http:\/\/csahainaut.be\/index.php?rest_route=%2Fwp%2Fv2%2Fcomments&post=718"}],"version-history":[{"count":44,"href":"http:\/\/csahainaut.be\/index.php?rest_route=\/wp\/v2\/pages\/718\/revisions"}],"predecessor-version":[{"id":1434,"href":"http:\/\/csahainaut.be\/index.php?rest_route=\/wp\/v2\/pages\/718\/revisions\/1434"}],"wp:attachment":[{"href":"http:\/\/csahainaut.be\/index.php?rest_route=%2Fwp%2Fv2%2Fmedia&parent=718"}],"curies":[{"name":"wp","href":"https:\/\/api.w.org\/{rel}","templated":true}]}}