{"id":342,"date":"2024-06-17T09:46:40","date_gmt":"2024-06-17T07:46:40","guid":{"rendered":"https:\/\/csahainaut.be\/?page_id=342"},"modified":"2025-09-02T17:12:59","modified_gmt":"2025-09-02T15:12:59","slug":"collectif-poles","status":"publish","type":"page","link":"http:\/\/csahainaut.be\/?page_id=342","title":{"rendered":"Collectif p\u00f4les"},"content":{"rendered":"\t\t<div data-elementor-type=\"wp-page\" data-elementor-id=\"342\" class=\"elementor elementor-342\">\n\t\t\t\t<div class=\"elementor-element elementor-element-6a0cf0a e-con-full e-flex e-con e-parent\" data-id=\"6a0cf0a\" data-element_type=\"container\" data-e-type=\"container\">\n\t\t\t\t<div class=\"elementor-element elementor-element-1c175ea elementor-widget__width-initial elementor-widget elementor-widget-heading\" data-id=\"1c175ea\" data-element_type=\"widget\" data-e-type=\"widget\" data-widget_type=\"heading.default\">\n\t\t\t\t<div class=\"elementor-widget-container\">\n\t\t\t\t\t<h3 class=\"elementor-heading-title elementor-size-default\"><i>Collectif coordonnateurs de p\u00f4les territoriaux Hainaut <\/i><\/h3>\t\t\t\t<\/div>\n\t\t\t\t<\/div>\n\t\t\t\t<div class=\"elementor-element elementor-element-b165b98 elementor-widget__width-inherit elementor-widget-divider--view-line elementor-widget elementor-widget-divider\" data-id=\"b165b98\" data-element_type=\"widget\" data-e-type=\"widget\" data-widget_type=\"divider.default\">\n\t\t\t\t<div class=\"elementor-widget-container\">\n\t\t\t\t\t\t\t<div class=\"elementor-divider\">\n\t\t\t<span class=\"elementor-divider-separator\">\n\t\t\t\t\t\t<\/span>\n\t\t<\/div>\n\t\t\t\t\t\t<\/div>\n\t\t\t\t<\/div>\n\t\t\t\t<\/div>\n\t\t<div class=\"elementor-element elementor-element-0a41c44 e-con-full e-flex e-con e-parent\" data-id=\"0a41c44\" data-element_type=\"container\" data-e-type=\"container\">\n\t\t<div class=\"elementor-element elementor-element-35ef414 e-con-full e-flex e-con e-child\" data-id=\"35ef414\" data-element_type=\"container\" data-e-type=\"container\">\n\t\t\t\t<div class=\"elementor-element elementor-element-05bae67 elementor-widget__width-initial elementor-widget elementor-widget-text-editor\" data-id=\"05bae67\" data-element_type=\"widget\" data-e-type=\"widget\" data-widget_type=\"text-editor.default\">\n\t\t\t\t<div class=\"elementor-widget-container\">\n\t\t\t\t\t\t\t\t\t<p><span class=\"TextRun SCXW151614243 BCX8\" lang=\"FR-FR\" xml:lang=\"FR-FR\" data-contrast=\"auto\"><span class=\"NormalTextRun SCXW151614243 BCX8\">Tu es coordonnateur(<\/span><span class=\"NormalTextRun SpellingErrorV2Themed SCXW151614243 BCX8\">trice<\/span><span class=\"NormalTextRun SCXW151614243 BCX8\">) d\u2019un p\u00f4le territorial dans le Hainaut\u2026<\/span> <span class=\"NormalTextRun SCXW151614243 BCX8\">Tu as envie de d\u00e9velopper ta posture et ton leadership en partageant avec des pairs\u2026<\/span> <span class=\"NormalTextRun SCXW151614243 BCX8\">Tout cela dans une ambiance conviviale et constructive \u2026<\/span><span class=\"NormalTextRun SCXW151614243 BCX8\">Accompagn\u00e9(e) d\u2019un CSA fondamental et d\u2019un CSA secondaire \u2026<\/span> <span class=\"NormalTextRun SCXW151614243 BCX8\">Ce collectif est pour toi !<\/span><\/span><span class=\"EOP SCXW151614243 BCX8\" data-ccp-props=\"{&quot;134233117&quot;:false,&quot;134233118&quot;:false,&quot;201341983&quot;:0,&quot;335559738&quot;:0,&quot;335559739&quot;:160,&quot;335559740&quot;:257}\">\u00a0<\/span><\/p><p><b><span style=\"color: var( --e-global-color-text ); font-family: var( --e-global-typography-text-font-family ), Sans-serif; text-align: var(--text-align);\"><span data-contrast=\"auto\">Public cible<\/span><\/span><span style=\"color: var( --e-global-color-text ); font-family: var( --e-global-typography-text-font-family ), Sans-serif; text-align: var(--text-align);\" data-ccp-props=\"{&quot;201341983&quot;:0,&quot;335559740&quot;:279}\">\u00a0<\/span><\/b><\/p><p>Coordonnateur(trice) d&#8217;un p\u00f4le territorial<\/p><p><b><span data-contrast=\"auto\">Objectifs<\/span><\/b><span data-ccp-props=\"{&quot;201341983&quot;:0,&quot;335559740&quot;:279}\">\u00a0<\/span><\/p><ul><li><span class=\"TextRun SCXW114398119 BCX8\" lang=\"FR-FR\" xml:lang=\"FR-FR\" data-contrast=\"auto\"><span class=\"NormalTextRun SCXW114398119 BCX8\">S\u2019enrichir les uns des autres<\/span><\/span><span class=\"EOP SCXW114398119 BCX8\" data-ccp-props=\"{&quot;134233117&quot;:false,&quot;134233118&quot;:false,&quot;201341983&quot;:0,&quot;335559685&quot;:720,&quot;335559737&quot;:0,&quot;335559738&quot;:0,&quot;335559739&quot;:0,&quot;335559740&quot;:257,&quot;335559991&quot;:360}\">\u00a0<\/span><\/li><li><span class=\"TextRun SCXW199481451 BCX8\" lang=\"FR-FR\" xml:lang=\"FR-FR\" data-contrast=\"auto\"><span class=\"NormalTextRun SCXW199481451 BCX8\">D\u00e9velopper la posture de coordonnateur(<\/span><span class=\"NormalTextRun SpellingErrorV2Themed SpellingErrorHighlight SCXW199481451 BCX8\">trice<\/span><span class=\"NormalTextRun SCXW199481451 BCX8\">)\u00a0<\/span><\/span><span class=\"EOP SCXW199481451 BCX8\" data-ccp-props=\"{&quot;134233117&quot;:false,&quot;134233118&quot;:false,&quot;201341983&quot;:0,&quot;335559685&quot;:720,&quot;335559737&quot;:0,&quot;335559738&quot;:0,&quot;335559739&quot;:0,&quot;335559740&quot;:257,&quot;335559991&quot;:360}\">\u00a0<\/span><\/li><li><span class=\"TextRun SCXW215549296 BCX8\" lang=\"FR-FR\" xml:lang=\"FR-FR\" data-contrast=\"auto\"><span class=\"NormalTextRun SCXW215549296 BCX8\">Partager et analyser des pratiques \u00e0 l\u2019aide de dispositifs sp\u00e9cifiques<\/span><\/span><span class=\"EOP SCXW215549296 BCX8\" data-ccp-props=\"{&quot;134233117&quot;:false,&quot;134233118&quot;:false,&quot;201341983&quot;:0,&quot;335559685&quot;:720,&quot;335559737&quot;:0,&quot;335559738&quot;:0,&quot;335559739&quot;:0,&quot;335559740&quot;:257,&quot;335559991&quot;:360}\">\u00a0<\/span><\/li><\/ul><p><b><span data-contrast=\"auto\"><br \/>Descriptif<\/span><\/b><span data-ccp-props=\"{&quot;201341983&quot;:0,&quot;335559740&quot;:279}\">\u00a0<\/span><\/p><p><span class=\"TextRun SCXW160155649 BCX8\" lang=\"FR-FR\" xml:lang=\"FR-FR\" data-contrast=\"auto\"><span class=\"NormalTextRun SCXW160155649 BCX8\">Nous aurons le plaisir de nous rencontrer 5 journ\u00e9es sur l\u2019ann\u00e9e.<br \/><\/span> <br \/><span class=\"NormalTextRun SCXW160155649 BCX8\">Nous prendrons un temps lors de la premi\u00e8re rencontre pour identifier avec vous les th\u00e9matiques que vous aurez besoin de travailler.<\/span> <span class=\"NormalTextRun SCXW160155649 BCX8\">Le matin, nous aborderons les th\u00e9matiques que vous aurez identifi\u00e9es au service du d\u00e9veloppement de votre posture et de votre leadership.<\/span> <span class=\"NormalTextRun SCXW160155649 BCX8\">L\u2019apr\u00e8s-midi, nous partagerons et analyserons vos pratiques en utilisant des dispositifs sp\u00e9cifiques que vous pourrez transf\u00e9rer \u00e0 vos \u00e9quipes.<\/span> <br \/><span class=\"NormalTextRun SCXW160155649 BCX8\"><br \/>Chaque rencontre sera construite avec l\u2019attention que vous puissiez r\u00e9utiliser les dispositifs v\u00e9cus avec vos \u00e9quipes.<\/span><\/span><span class=\"EOP SCXW160155649 BCX8\" data-ccp-props=\"{&quot;134233117&quot;:false,&quot;134233118&quot;:false,&quot;201341983&quot;:0,&quot;335559738&quot;:0,&quot;335559739&quot;:160,&quot;335559740&quot;:257}\">\u00a0<\/span><\/p>\t\t\t\t\t\t\t\t<\/div>\n\t\t\t\t<\/div>\n\t\t\t\t<\/div>\n\t\t<div class=\"elementor-element elementor-element-6befb8b e-con-full e-flex e-con e-child\" data-id=\"6befb8b\" data-element_type=\"container\" data-e-type=\"container\">\n\t\t\t\t<div class=\"elementor-element elementor-element-fea3192 elementor-widget elementor-widget-heading\" data-id=\"fea3192\" data-element_type=\"widget\" data-e-type=\"widget\" data-widget_type=\"heading.default\">\n\t\t\t\t<div class=\"elementor-widget-container\">\n\t\t\t\t\t<h4 class=\"elementor-heading-title elementor-size-default\">Modalit\u00e9s<\/h4>\t\t\t\t<\/div>\n\t\t\t\t<\/div>\n\t\t\t\t<div class=\"elementor-element elementor-element-d1577c8 elementor-widget__width-initial elementor-widget elementor-widget-text-editor\" data-id=\"d1577c8\" data-element_type=\"widget\" data-e-type=\"widget\" data-widget_type=\"text-editor.default\">\n\t\t\t\t<div class=\"elementor-widget-container\">\n\t\t\t\t\t\t\t\t\t<ul><li style=\"text-align: left;\">En pr\u00e9sentiel \u00e0 la Maison Dioc\u00e9saine de Mons<\/li><li>De 9h00 \u00e0 16h00<\/li><li>Repas inclus dans l&#8217;offre<\/li><\/ul>\t\t\t\t\t\t\t\t<\/div>\n\t\t\t\t<\/div>\n\t\t\t\t<div class=\"elementor-element elementor-element-888e234 elementor-widget-divider--view-line elementor-widget elementor-widget-divider\" data-id=\"888e234\" data-element_type=\"widget\" data-e-type=\"widget\" data-widget_type=\"divider.default\">\n\t\t\t\t<div class=\"elementor-widget-container\">\n\t\t\t\t\t\t\t<div class=\"elementor-divider\">\n\t\t\t<span class=\"elementor-divider-separator\">\n\t\t\t\t\t\t<\/span>\n\t\t<\/div>\n\t\t\t\t\t\t<\/div>\n\t\t\t\t<\/div>\n\t\t\t\t<div class=\"elementor-element elementor-element-b53273d elementor-widget elementor-widget-heading\" data-id=\"b53273d\" data-element_type=\"widget\" data-e-type=\"widget\" data-widget_type=\"heading.default\">\n\t\t\t\t<div class=\"elementor-widget-container\">\n\t\t\t\t\t<h4 class=\"elementor-heading-title elementor-size-default\">Dates<\/h4>\t\t\t\t<\/div>\n\t\t\t\t<\/div>\n\t\t\t\t<div class=\"elementor-element elementor-element-474208f elementor-widget elementor-widget-text-editor\" data-id=\"474208f\" data-element_type=\"widget\" data-e-type=\"widget\" data-widget_type=\"text-editor.default\">\n\t\t\t\t<div class=\"elementor-widget-container\">\n\t\t\t\t\t\t\t\t\t<ul><li>Vendredi 19\/09\/25<\/li><li class=\"x_MsoListParagraph\">Vendredi 28\/11\/25<\/li><li class=\"x_MsoListParagraph\">Vendredi 23\/01\/26<\/li><li class=\"x_MsoListParagraph\">Vendredi 13\/03\/26<\/li><li class=\"x_MsoListParagraph\">Vendredi 29\/05\/26<\/li><\/ul>\t\t\t\t\t\t\t\t<\/div>\n\t\t\t\t<\/div>\n\t\t\t\t<div class=\"elementor-element elementor-element-e0aec42 elementor-widget-divider--view-line elementor-widget elementor-widget-divider\" data-id=\"e0aec42\" data-element_type=\"widget\" data-e-type=\"widget\" data-widget_type=\"divider.default\">\n\t\t\t\t<div class=\"elementor-widget-container\">\n\t\t\t\t\t\t\t<div class=\"elementor-divider\">\n\t\t\t<span class=\"elementor-divider-separator\">\n\t\t\t\t\t\t<\/span>\n\t\t<\/div>\n\t\t\t\t\t\t<\/div>\n\t\t\t\t<\/div>\n\t\t\t\t<div class=\"elementor-element elementor-element-f6fb80a elementor-widget elementor-widget-heading\" data-id=\"f6fb80a\" data-element_type=\"widget\" data-e-type=\"widget\" data-widget_type=\"heading.default\">\n\t\t\t\t<div class=\"elementor-widget-container\">\n\t\t\t\t\t<h4 class=\"elementor-heading-title elementor-size-default\">CSA<\/h4>\t\t\t\t<\/div>\n\t\t\t\t<\/div>\n\t\t\t\t<div class=\"elementor-element elementor-element-0b47423 elementor-widget elementor-widget-text-editor\" data-id=\"0b47423\" data-element_type=\"widget\" data-e-type=\"widget\" data-widget_type=\"text-editor.default\">\n\t\t\t\t<div class=\"elementor-widget-container\">\n\t\t\t\t\t\t\t\t\t<ul><li><span data-contrast=\"auto\">Audrey Baucq (CSA fondamental)\u00a0 \u00a0\u00a0<\/span><\/li><li>Anne-Sophie Lorge (CSA secondaire)<\/li><li>Sarah Legett (AD sec.)<\/li><\/ul>\t\t\t\t\t\t\t\t<\/div>\n\t\t\t\t<\/div>\n\t\t\t\t<div class=\"elementor-element elementor-element-67b4173 elementor-widget-divider--view-line elementor-widget elementor-widget-divider\" data-id=\"67b4173\" data-element_type=\"widget\" data-e-type=\"widget\" data-widget_type=\"divider.default\">\n\t\t\t\t<div class=\"elementor-widget-container\">\n\t\t\t\t\t\t\t<div class=\"elementor-divider\">\n\t\t\t<span class=\"elementor-divider-separator\">\n\t\t\t\t\t\t<\/span>\n\t\t<\/div>\n\t\t\t\t\t\t<\/div>\n\t\t\t\t<\/div>\n\t\t\t\t<div class=\"elementor-element elementor-element-08a45cc elementor-widget elementor-widget-heading\" data-id=\"08a45cc\" data-element_type=\"widget\" data-e-type=\"widget\" data-widget_type=\"heading.default\">\n\t\t\t\t<div class=\"elementor-widget-container\">\n\t\t\t\t\t<h4 class=\"elementor-heading-title elementor-size-default\">Formulaire d'inscription<\/h4>\t\t\t\t<\/div>\n\t\t\t\t<\/div>\n\t\t\t\t<div class=\"elementor-element elementor-element-26e7be9 elementor-widget elementor-widget-text-editor\" data-id=\"26e7be9\" data-element_type=\"widget\" data-e-type=\"widget\" data-widget_type=\"text-editor.default\">\n\t\t\t\t<div class=\"elementor-widget-container\">\n\t\t\t\t\t\t\t\t\t<p>Les inscriptions seront ouvertes en d\u00e9but d&#8217;ann\u00e9e scolaire<\/p>\t\t\t\t\t\t\t\t<\/div>\n\t\t\t\t<\/div>\n\t\t\t\t<\/div>\n\t\t\t\t<\/div>\n\t\t\t\t<\/div>\n\t\t","protected":false},"excerpt":{"rendered":"<p>Collectif coordonnateurs de p\u00f4les territoriaux Hainaut Tu es coordonnateur(trice) d\u2019un p\u00f4le territorial dans le Hainaut\u2026 Tu as envie de d\u00e9velopper ta posture et ton leadership en partageant avec des pairs\u2026 Tout cela dans une ambiance conviviale et constructive \u2026Accompagn\u00e9(e) d\u2019un CSA fondamental et d\u2019un CSA secondaire \u2026 Ce collectif est pour toi !\u00a0 Public cible\u00a0 &hellip; <\/p>\n<p><a class=\"more-link btn\" href=\"http:\/\/csahainaut.be\/?page_id=342\">Continue reading<\/a><\/p>\n","protected":false},"author":1,"featured_media":0,"parent":0,"menu_order":0,"comment_status":"closed","ping_status":"closed","template":"","meta":{"footnotes":""},"class_list":["post-342","page","type-page","status-publish","hentry","nodate","item-wrap"],"yoast_head":"<!-- This site is optimized with the Yoast SEO plugin v27.6 - https:\/\/yoast.com\/product\/yoast-seo-wordpress\/ -->\n<title>Collectif p\u00f4les - CSA HAINAUT fondamental<\/title>\n<meta name=\"robots\" content=\"index, follow, max-snippet:-1, max-image-preview:large, max-video-preview:-1\" \/>\n<link rel=\"canonical\" href=\"http:\/\/csahainaut.be\/?page_id=342\" \/>\n<meta property=\"og:locale\" content=\"en_US\" \/>\n<meta property=\"og:type\" content=\"article\" \/>\n<meta property=\"og:title\" content=\"Collectif p\u00f4les - CSA HAINAUT fondamental\" \/>\n<meta property=\"og:description\" content=\"Collectif coordonnateurs de p\u00f4les territoriaux Hainaut Tu es coordonnateur(trice) d\u2019un p\u00f4le territorial dans le Hainaut\u2026 Tu as envie de d\u00e9velopper ta posture et ton leadership en partageant avec des pairs\u2026 Tout cela dans une ambiance conviviale et constructive \u2026Accompagn\u00e9(e) d\u2019un CSA fondamental et d\u2019un CSA secondaire \u2026 Ce collectif est pour toi !\u00a0 Public cible\u00a0 &hellip; Continue reading\" \/>\n<meta property=\"og:url\" content=\"http:\/\/csahainaut.be\/?page_id=342\" \/>\n<meta property=\"og:site_name\" content=\"CSA HAINAUT fondamental\" \/>\n<meta property=\"article:modified_time\" content=\"2025-09-02T15:12:59+00:00\" \/>\n<meta name=\"twitter:card\" content=\"summary_large_image\" \/>\n<meta name=\"twitter:label1\" content=\"Est. reading time\" \/>\n\t<meta name=\"twitter:data1\" content=\"2 minutes\" \/>\n<script type=\"application\/ld+json\" class=\"yoast-schema-graph\">{\"@context\":\"https:\\\/\\\/schema.org\",\"@graph\":[{\"@type\":\"WebPage\",\"@id\":\"http:\\\/\\\/csahainaut.be\\\/?page_id=342\",\"url\":\"http:\\\/\\\/csahainaut.be\\\/?page_id=342\",\"name\":\"Collectif p\u00f4les - CSA HAINAUT fondamental\",\"isPartOf\":{\"@id\":\"https:\\\/\\\/csahainaut.be\\\/#website\"},\"datePublished\":\"2024-06-17T07:46:40+00:00\",\"dateModified\":\"2025-09-02T15:12:59+00:00\",\"breadcrumb\":{\"@id\":\"http:\\\/\\\/csahainaut.be\\\/?page_id=342#breadcrumb\"},\"inLanguage\":\"en-US\",\"potentialAction\":[{\"@type\":\"ReadAction\",\"target\":[\"http:\\\/\\\/csahainaut.be\\\/?page_id=342\"]}]},{\"@type\":\"BreadcrumbList\",\"@id\":\"http:\\\/\\\/csahainaut.be\\\/?page_id=342#breadcrumb\",\"itemListElement\":[{\"@type\":\"ListItem\",\"position\":1,\"name\":\"Accueil\",\"item\":\"https:\\\/\\\/csahainaut.be\\\/\"},{\"@type\":\"ListItem\",\"position\":2,\"name\":\"Collectif p\u00f4les\"}]},{\"@type\":\"WebSite\",\"@id\":\"https:\\\/\\\/csahainaut.be\\\/#website\",\"url\":\"https:\\\/\\\/csahainaut.be\\\/\",\"name\":\"CSA HAINAUT fondamental\",\"description\":\"Site des conseillers au soutien et \u00e0 l&#039;accompagnement \",\"publisher\":{\"@id\":\"https:\\\/\\\/csahainaut.be\\\/#organization\"},\"potentialAction\":[{\"@type\":\"SearchAction\",\"target\":{\"@type\":\"EntryPoint\",\"urlTemplate\":\"https:\\\/\\\/csahainaut.be\\\/?s={search_term_string}\"},\"query-input\":{\"@type\":\"PropertyValueSpecification\",\"valueRequired\":true,\"valueName\":\"search_term_string\"}}],\"inLanguage\":\"en-US\"},{\"@type\":\"Organization\",\"@id\":\"https:\\\/\\\/csahainaut.be\\\/#organization\",\"name\":\"CSA HAINAUT fondamental\",\"url\":\"https:\\\/\\\/csahainaut.be\\\/\",\"logo\":{\"@type\":\"ImageObject\",\"inLanguage\":\"en-US\",\"@id\":\"https:\\\/\\\/csahainaut.be\\\/#\\\/schema\\\/logo\\\/image\\\/\",\"url\":\"https:\\\/\\\/csahainaut.be\\\/wp-content\\\/uploads\\\/2024\\\/06\\\/cropped-logo-segec.webp\",\"contentUrl\":\"https:\\\/\\\/csahainaut.be\\\/wp-content\\\/uploads\\\/2024\\\/06\\\/cropped-logo-segec.webp\",\"width\":367,\"height\":217,\"caption\":\"CSA HAINAUT fondamental\"},\"image\":{\"@id\":\"https:\\\/\\\/csahainaut.be\\\/#\\\/schema\\\/logo\\\/image\\\/\"}}]}<\/script>\n<!-- \/ Yoast SEO plugin. -->","yoast_head_json":{"title":"Collectif p\u00f4les - CSA HAINAUT fondamental","robots":{"index":"index","follow":"follow","max-snippet":"max-snippet:-1","max-image-preview":"max-image-preview:large","max-video-preview":"max-video-preview:-1"},"canonical":"http:\/\/csahainaut.be\/?page_id=342","og_locale":"en_US","og_type":"article","og_title":"Collectif p\u00f4les - CSA HAINAUT fondamental","og_description":"Collectif coordonnateurs de p\u00f4les territoriaux Hainaut Tu es coordonnateur(trice) d\u2019un p\u00f4le territorial dans le Hainaut\u2026 Tu as envie de d\u00e9velopper ta posture et ton leadership en partageant avec des pairs\u2026 Tout cela dans une ambiance conviviale et constructive \u2026Accompagn\u00e9(e) d\u2019un CSA fondamental et d\u2019un CSA secondaire \u2026 Ce collectif est pour toi !\u00a0 Public cible\u00a0 &hellip; Continue reading","og_url":"http:\/\/csahainaut.be\/?page_id=342","og_site_name":"CSA HAINAUT fondamental","article_modified_time":"2025-09-02T15:12:59+00:00","twitter_card":"summary_large_image","twitter_misc":{"Est. reading time":"2 minutes"},"schema":{"@context":"https:\/\/schema.org","@graph":[{"@type":"WebPage","@id":"http:\/\/csahainaut.be\/?page_id=342","url":"http:\/\/csahainaut.be\/?page_id=342","name":"Collectif p\u00f4les - CSA HAINAUT fondamental","isPartOf":{"@id":"https:\/\/csahainaut.be\/#website"},"datePublished":"2024-06-17T07:46:40+00:00","dateModified":"2025-09-02T15:12:59+00:00","breadcrumb":{"@id":"http:\/\/csahainaut.be\/?page_id=342#breadcrumb"},"inLanguage":"en-US","potentialAction":[{"@type":"ReadAction","target":["http:\/\/csahainaut.be\/?page_id=342"]}]},{"@type":"BreadcrumbList","@id":"http:\/\/csahainaut.be\/?page_id=342#breadcrumb","itemListElement":[{"@type":"ListItem","position":1,"name":"Accueil","item":"https:\/\/csahainaut.be\/"},{"@type":"ListItem","position":2,"name":"Collectif p\u00f4les"}]},{"@type":"WebSite","@id":"https:\/\/csahainaut.be\/#website","url":"https:\/\/csahainaut.be\/","name":"CSA HAINAUT fondamental","description":"Site des conseillers au soutien et \u00e0 l&#039;accompagnement ","publisher":{"@id":"https:\/\/csahainaut.be\/#organization"},"potentialAction":[{"@type":"SearchAction","target":{"@type":"EntryPoint","urlTemplate":"https:\/\/csahainaut.be\/?s={search_term_string}"},"query-input":{"@type":"PropertyValueSpecification","valueRequired":true,"valueName":"search_term_string"}}],"inLanguage":"en-US"},{"@type":"Organization","@id":"https:\/\/csahainaut.be\/#organization","name":"CSA HAINAUT fondamental","url":"https:\/\/csahainaut.be\/","logo":{"@type":"ImageObject","inLanguage":"en-US","@id":"https:\/\/csahainaut.be\/#\/schema\/logo\/image\/","url":"https:\/\/csahainaut.be\/wp-content\/uploads\/2024\/06\/cropped-logo-segec.webp","contentUrl":"https:\/\/csahainaut.be\/wp-content\/uploads\/2024\/06\/cropped-logo-segec.webp","width":367,"height":217,"caption":"CSA HAINAUT fondamental"},"image":{"@id":"https:\/\/csahainaut.be\/#\/schema\/logo\/image\/"}}]}},"jetpack_sharing_enabled":true,"_links":{"self":[{"href":"http:\/\/csahainaut.be\/index.php?rest_route=\/wp\/v2\/pages\/342","targetHints":{"allow":["GET"]}}],"collection":[{"href":"http:\/\/csahainaut.be\/index.php?rest_route=\/wp\/v2\/pages"}],"about":[{"href":"http:\/\/csahainaut.be\/index.php?rest_route=\/wp\/v2\/types\/page"}],"author":[{"embeddable":true,"href":"http:\/\/csahainaut.be\/index.php?rest_route=\/wp\/v2\/users\/1"}],"replies":[{"embeddable":true,"href":"http:\/\/csahainaut.be\/index.php?rest_route=%2Fwp%2Fv2%2Fcomments&post=342"}],"version-history":[{"count":41,"href":"http:\/\/csahainaut.be\/index.php?rest_route=\/wp\/v2\/pages\/342\/revisions"}],"predecessor-version":[{"id":1695,"href":"http:\/\/csahainaut.be\/index.php?rest_route=\/wp\/v2\/pages\/342\/revisions\/1695"}],"wp:attachment":[{"href":"http:\/\/csahainaut.be\/index.php?rest_route=%2Fwp%2Fv2%2Fmedia&parent=342"}],"curies":[{"name":"wp","href":"https:\/\/api.w.org\/{rel}","templated":true}]}}