{"id":338,"date":"2024-06-17T09:45:04","date_gmt":"2024-06-17T07:45:04","guid":{"rendered":"https:\/\/csahainaut.be\/?page_id=338"},"modified":"2025-09-03T09:53:39","modified_gmt":"2025-09-03T07:53:39","slug":"intervisions","status":"publish","type":"page","link":"http:\/\/csahainaut.be\/?page_id=338","title":{"rendered":"Intervision &#8211; Analyse de pratiques"},"content":{"rendered":"\t\t<div data-elementor-type=\"wp-page\" data-elementor-id=\"338\" class=\"elementor elementor-338\">\n\t\t\t\t<div class=\"elementor-element elementor-element-93269b2 e-con-full e-flex e-con e-parent\" data-id=\"93269b2\" data-element_type=\"container\" data-e-type=\"container\">\n\t\t\t\t<div class=\"elementor-element elementor-element-9669c3c elementor-widget__width-initial elementor-widget elementor-widget-heading\" data-id=\"9669c3c\" data-element_type=\"widget\" data-e-type=\"widget\" data-widget_type=\"heading.default\">\n\t\t\t\t<div class=\"elementor-widget-container\">\n\t\t\t\t\t<h3 class=\"elementor-heading-title elementor-size-default\"><i>Collectif intervision - Analyse de pratiques<\/i><\/h3>\t\t\t\t<\/div>\n\t\t\t\t<\/div>\n\t\t\t\t<div class=\"elementor-element elementor-element-f2914de elementor-widget__width-inherit elementor-widget-divider--view-line elementor-widget elementor-widget-divider\" data-id=\"f2914de\" data-element_type=\"widget\" data-e-type=\"widget\" data-widget_type=\"divider.default\">\n\t\t\t\t<div class=\"elementor-widget-container\">\n\t\t\t\t\t\t\t<div class=\"elementor-divider\">\n\t\t\t<span class=\"elementor-divider-separator\">\n\t\t\t\t\t\t<\/span>\n\t\t<\/div>\n\t\t\t\t\t\t<\/div>\n\t\t\t\t<\/div>\n\t\t\t\t<\/div>\n\t\t<div class=\"elementor-element elementor-element-48f8bbe e-con-full e-flex e-con e-parent\" data-id=\"48f8bbe\" data-element_type=\"container\" data-e-type=\"container\">\n\t\t<div class=\"elementor-element elementor-element-eb0b2c8 e-con-full e-flex e-con e-child\" data-id=\"eb0b2c8\" data-element_type=\"container\" data-e-type=\"container\">\n\t\t\t\t<div class=\"elementor-element elementor-element-1c2a397 elementor-widget__width-initial elementor-widget elementor-widget-text-editor\" data-id=\"1c2a397\" data-element_type=\"widget\" data-e-type=\"widget\" data-widget_type=\"text-editor.default\">\n\t\t\t\t<div class=\"elementor-widget-container\">\n\t\t\t\t\t\t\t\t\t<p><span class=\"TextRun SCXW198693989 BCX8\" lang=\"FR-BE\" xml:lang=\"FR-BE\" data-contrast=\"auto\"><span class=\"NormalTextRun SCXW198693989 BCX8\">Tu souhaites <\/span><span class=\"NormalTextRun SCXW198693989 BCX8\">mieux te connaitre, mieux connaitre ton m\u00e9tier, ton environnement et gagner en <\/span><span class=\"NormalTextRun SCXW198693989 BCX8\">confiance et <\/span><span class=\"NormalTextRun SCXW198693989 BCX8\">comp\u00e9tences \u00e0<\/span><span class=\"NormalTextRun SCXW198693989 BCX8\"> partir de tes<\/span><span class=\"NormalTextRun SCXW198693989 BCX8\"> propres<\/span><span class=\"NormalTextRun SCXW198693989 BCX8\"> pratiques <\/span><span class=\"NormalTextRun SCXW198693989 BCX8\">en<\/span><span class=\"NormalTextRun SCXW198693989 BCX8\"> men<\/span><span class=\"NormalTextRun SCXW198693989 BCX8\">ant<\/span><span class=\"NormalTextRun SCXW198693989 BCX8\"> une r\u00e9flexion<\/span> <span class=\"NormalTextRun SCXW198693989 BCX8\">avec d\u2019autres directions <\/span><span class=\"NormalTextRun SCXW198693989 BCX8\">dans un cadre s\u00e9curis\u00e9 et <\/span><span class=\"NormalTextRun SCXW198693989 BCX8\">s\u00e9curisant<\/span> <span class=\"NormalTextRun SCXW198693989 BCX8\">? <br \/>Ce collectif est fait pour toi\u202f!<span class=\"EOP SCXW198693989 BCX8\" data-ccp-props=\"{&quot;201341983&quot;:0,&quot;335551550&quot;:6,&quot;335551620&quot;:6,&quot;335559739&quot;:160,&quot;335559740&quot;:259}\">\u00a0<\/span><br \/><span class=\"TextRun SCXW5911393 BCX8\" lang=\"FR-BE\" xml:lang=\"FR-BE\" data-contrast=\"none\"><span class=\"NormalTextRun SCXW5911393 BCX8\">Outre <\/span><span class=\"NormalTextRun SCXW5911393 BCX8\">cr\u00e9er des liens avec des coll\u00e8gues<\/span><span class=\"NormalTextRun SCXW5911393 BCX8\">, il te permettra de g\u00e9n\u00e9rer des solutions<\/span> <span class=\"NormalTextRun SCXW5911393 BCX8\">innovantes et adapt<\/span><span class=\"NormalTextRun SCXW5911393 BCX8\">ables<\/span><span class=\"NormalTextRun SCXW5911393 BCX8\"> \u00e0 ton propre contexte de travail.<\/span><\/span><span class=\"EOP SCXW5911393 BCX8\" data-ccp-props=\"{&quot;201341983&quot;:0,&quot;335551550&quot;:6,&quot;335551620&quot;:6,&quot;335559739&quot;:160,&quot;335559740&quot;:259}\">\u00a0<\/span> <\/span><\/span><\/p><p>\u00a0<\/p><p><b><span style=\"color: var( --e-global-color-text ); font-family: var( --e-global-typography-text-font-family ), Sans-serif; text-align: var(--text-align);\"><span data-contrast=\"auto\">Public cible<\/span><\/span><span style=\"color: var( --e-global-color-text ); font-family: var( --e-global-typography-text-font-family ), Sans-serif; text-align: var(--text-align);\" data-ccp-props=\"{&quot;201341983&quot;:0,&quot;335559740&quot;:279}\">\u00a0<\/span><\/b><\/p><p><span class=\"TextRun SCXW33327476 BCX8\" lang=\"FR-BE\" xml:lang=\"FR-BE\" data-contrast=\"auto\"><span class=\"NormalTextRun SCXW33327476 BCX8\">Les directions de l\u2019enseignement catholique fondamental<\/span><span class=\"NormalTextRun SCXW33327476 BCX8\"> (<\/span><span class=\"NormalTextRun SCXW33327476 BCX8\">aucune anciennet\u00e9 requise<\/span><span class=\"NormalTextRun SCXW33327476 BCX8\">)<\/span><\/span><span class=\"EOP SCXW33327476 BCX8\" data-ccp-props=\"{&quot;201341983&quot;:0,&quot;335559739&quot;:160,&quot;335559740&quot;:259}\">\u00a0<\/span><\/p><p><b><span data-contrast=\"auto\">Objectifs<\/span><\/b><span data-ccp-props=\"{&quot;201341983&quot;:0,&quot;335559740&quot;:279}\">\u00a0<\/span><\/p><ul><li><span class=\"TextRun SCXW96968659 BCX8\" lang=\"FR-BE\" xml:lang=\"FR-BE\" data-contrast=\"auto\"><span class=\"NormalTextRun SCXW96968659 BCX8\">D\u00e9velopper ses comp\u00e9tences professionnelles<\/span><\/span><\/li><li><span class=\"TextRun SCXW96968659 BCX8\" lang=\"FR-BE\" xml:lang=\"FR-BE\" data-contrast=\"auto\"><span class=\"NormalTextRun SCXW96968659 BCX8\">Mieux comprendre son <\/span><span class=\"NormalTextRun SCXW96968659 BCX8\">m\u00e9tier<\/span><span class=\"NormalTextRun SCXW96968659 BCX8\"> et son environnement<\/span><\/span><span class=\"EOP SCXW96968659 BCX8\" data-ccp-props=\"{&quot;201341983&quot;:0,&quot;335559739&quot;:160,&quot;335559740&quot;:259}\">\u00a0<\/span><\/li><\/ul><p><b><span data-contrast=\"auto\"><br \/>Descriptif<\/span><\/b><span data-ccp-props=\"{&quot;201341983&quot;:0,&quot;335559740&quot;:279}\">\u00a0<\/span><\/p><p><span data-contrast=\"auto\">A priori, une direction pense constamment \u00e0 ce qu\u2019elle fait, sait pourquoi elle pose certains actes et en attend des effets sp\u00e9cifiques. Dans les faits, tout n\u2019est pas toujours aussi conscient et d\u00e9fini. Une direction s\u2019appuie aussi sur des proc\u00e9dures, des connaissances implicites, voire inconscientes et peut aussi agir de mani\u00e8re automatique. <br \/>L\u2019analyse des pratiques permet, selon certaines modalit\u00e9s et \u00e0 certaines conditions, de mettre en \u00e9vidence ces implicites, de mieux comprendre son activit\u00e9 professionnelle <\/span><span data-contrast=\"auto\">et de se donner ainsi une plus grande prise<\/span><span data-contrast=\"auto\"> sur les futures situations de travail.<\/span><span data-ccp-props=\"{&quot;201341983&quot;:0,&quot;335551550&quot;:6,&quot;335551620&quot;:6,&quot;335559739&quot;:160,&quot;335559740&quot;:259}\">\u00a0<br \/><\/span><\/p>\t\t\t\t\t\t\t\t<\/div>\n\t\t\t\t<\/div>\n\t\t\t\t<\/div>\n\t\t<div class=\"elementor-element elementor-element-2d31c5b e-con-full e-flex e-con e-child\" data-id=\"2d31c5b\" data-element_type=\"container\" data-e-type=\"container\">\n\t\t\t\t<div class=\"elementor-element elementor-element-ecf89bb elementor-widget elementor-widget-heading\" data-id=\"ecf89bb\" data-element_type=\"widget\" data-e-type=\"widget\" data-widget_type=\"heading.default\">\n\t\t\t\t<div class=\"elementor-widget-container\">\n\t\t\t\t\t<h4 class=\"elementor-heading-title elementor-size-default\">Modalit\u00e9s<\/h4>\t\t\t\t<\/div>\n\t\t\t\t<\/div>\n\t\t\t\t<div class=\"elementor-element elementor-element-0ffd8d9 elementor-widget__width-initial elementor-widget elementor-widget-text-editor\" data-id=\"0ffd8d9\" data-element_type=\"widget\" data-e-type=\"widget\" data-widget_type=\"text-editor.default\">\n\t\t\t\t<div class=\"elementor-widget-container\">\n\t\t\t\t\t\t\t\t\t<ul><li style=\"text-align: left;\">En pr\u00e9sentiel (lieu \u00e0 d\u00e9finir par zone)<\/li><li>5 matin\u00e9es organis\u00e9es<\/li><\/ul>\t\t\t\t\t\t\t\t<\/div>\n\t\t\t\t<\/div>\n\t\t\t\t<div class=\"elementor-element elementor-element-68b5b31 elementor-widget-divider--view-line elementor-widget elementor-widget-divider\" data-id=\"68b5b31\" data-element_type=\"widget\" data-e-type=\"widget\" data-widget_type=\"divider.default\">\n\t\t\t\t<div class=\"elementor-widget-container\">\n\t\t\t\t\t\t\t<div class=\"elementor-divider\">\n\t\t\t<span class=\"elementor-divider-separator\">\n\t\t\t\t\t\t<\/span>\n\t\t<\/div>\n\t\t\t\t\t\t<\/div>\n\t\t\t\t<\/div>\n\t\t\t\t<div class=\"elementor-element elementor-element-961e11e elementor-widget elementor-widget-heading\" data-id=\"961e11e\" data-element_type=\"widget\" data-e-type=\"widget\" data-widget_type=\"heading.default\">\n\t\t\t\t<div class=\"elementor-widget-container\">\n\t\t\t\t\t<h4 class=\"elementor-heading-title elementor-size-default\">Dates<\/h4>\t\t\t\t<\/div>\n\t\t\t\t<\/div>\n\t\t\t\t<div class=\"elementor-element elementor-element-a5cf76b elementor-widget elementor-widget-text-editor\" data-id=\"a5cf76b\" data-element_type=\"widget\" data-e-type=\"widget\" data-widget_type=\"text-editor.default\">\n\t\t\t\t<div class=\"elementor-widget-container\">\n\t\t\t\t\t\t\t\t\t<ul><li>Zone de Charleroi :\u00a0<br \/><span class=\"TextRun SCXW201115000 BCX8\" lang=\"FR-BE\" xml:lang=\"FR-BE\" data-contrast=\"auto\"><span class=\"NormalTextRun SCXW201115000 BCX8\">Mardi23<\/span><\/span><span class=\"TextRun SCXW201115000 BCX8\" lang=\"FR-FR\" xml:lang=\"FR-FR\" data-contrast=\"none\"><span class=\"NormalTextRun SCXW201115000 BCX8\">\/09\/25<br \/>Jeudi 13\/11\/25<br \/>Vendredi 16\/01\/26<br \/>Jeudi 09\/04\/26<br \/>Lundi 01\/06\/26<\/span><\/span><span class=\"EOP SCXW201115000 BCX8\" data-ccp-props=\"{&quot;201341983&quot;:0,&quot;335559739&quot;:0,&quot;335559740&quot;:279}\">\u00a0<\/span><span class=\"TextRun SCXW100016526 BCX8\" lang=\"FR-BE\" xml:lang=\"FR-BE\" data-contrast=\"auto\"><span class=\"NormalTextRun SCXW100016526 BCX8\"><br \/><br \/><\/span><\/span><\/li><\/ul>\t\t\t\t\t\t\t\t<\/div>\n\t\t\t\t<\/div>\n\t\t\t\t<div class=\"elementor-element elementor-element-552742c elementor-widget-divider--view-line elementor-widget elementor-widget-divider\" data-id=\"552742c\" data-element_type=\"widget\" data-e-type=\"widget\" data-widget_type=\"divider.default\">\n\t\t\t\t<div class=\"elementor-widget-container\">\n\t\t\t\t\t\t\t<div class=\"elementor-divider\">\n\t\t\t<span class=\"elementor-divider-separator\">\n\t\t\t\t\t\t<\/span>\n\t\t<\/div>\n\t\t\t\t\t\t<\/div>\n\t\t\t\t<\/div>\n\t\t\t\t<div class=\"elementor-element elementor-element-2dd9b5b elementor-widget elementor-widget-heading\" data-id=\"2dd9b5b\" data-element_type=\"widget\" data-e-type=\"widget\" data-widget_type=\"heading.default\">\n\t\t\t\t<div class=\"elementor-widget-container\">\n\t\t\t\t\t<h4 class=\"elementor-heading-title elementor-size-default\">CSA<\/h4>\t\t\t\t<\/div>\n\t\t\t\t<\/div>\n\t\t\t\t<div class=\"elementor-element elementor-element-2d2c78a elementor-widget elementor-widget-text-editor\" data-id=\"2d2c78a\" data-element_type=\"widget\" data-e-type=\"widget\" data-widget_type=\"text-editor.default\">\n\t\t\t\t<div class=\"elementor-widget-container\">\n\t\t\t\t\t\t\t\t\t<ul><li><span data-ccp-props=\"{&quot;201341983&quot;:0,&quot;335551550&quot;:6,&quot;335551620&quot;:6,&quot;335559739&quot;:160,&quot;335559740&quot;:276}\">St\u00e9phane Duvivier<\/span><\/li><\/ul>\t\t\t\t\t\t\t\t<\/div>\n\t\t\t\t<\/div>\n\t\t\t\t<div class=\"elementor-element elementor-element-3315506 elementor-widget-divider--view-line elementor-widget elementor-widget-divider\" data-id=\"3315506\" data-element_type=\"widget\" data-e-type=\"widget\" data-widget_type=\"divider.default\">\n\t\t\t\t<div class=\"elementor-widget-container\">\n\t\t\t\t\t\t\t<div class=\"elementor-divider\">\n\t\t\t<span class=\"elementor-divider-separator\">\n\t\t\t\t\t\t<\/span>\n\t\t<\/div>\n\t\t\t\t\t\t<\/div>\n\t\t\t\t<\/div>\n\t\t\t\t<div class=\"elementor-element elementor-element-27c9147 elementor-widget elementor-widget-heading\" data-id=\"27c9147\" data-element_type=\"widget\" data-e-type=\"widget\" data-widget_type=\"heading.default\">\n\t\t\t\t<div class=\"elementor-widget-container\">\n\t\t\t\t\t<h4 class=\"elementor-heading-title elementor-size-default\">Formulaire d'inscription<\/h4>\t\t\t\t<\/div>\n\t\t\t\t<\/div>\n\t\t\t\t<div class=\"elementor-element elementor-element-40a01ea elementor-widget elementor-widget-text-editor\" data-id=\"40a01ea\" data-element_type=\"widget\" data-e-type=\"widget\" data-widget_type=\"text-editor.default\">\n\t\t\t\t<div class=\"elementor-widget-container\">\n\t\t\t\t\t\t\t\t\t<p><iframe style=\"border: none; max-width: 100%; max-height: 100vh;\" src=\"https:\/\/forms.office.com\/e\/C1ay7pBQjY?embed=true\" width=\"640px\" height=\"480px\" frameborder=\"0\" marginwidth=\"0\" marginheight=\"0\" allowfullscreen=\"allowfullscreen\"> <\/iframe><\/p>\t\t\t\t\t\t\t\t<\/div>\n\t\t\t\t<\/div>\n\t\t\t\t<\/div>\n\t\t\t\t<\/div>\n\t\t\t\t<\/div>\n\t\t","protected":false},"excerpt":{"rendered":"<p>Collectif intervision &#8211; Analyse de pratiques Tu souhaites mieux te connaitre, mieux connaitre ton m\u00e9tier, ton environnement et gagner en confiance et comp\u00e9tences \u00e0 partir de tes propres pratiques en menant une r\u00e9flexion avec d\u2019autres directions dans un cadre s\u00e9curis\u00e9 et s\u00e9curisant ? Ce collectif est fait pour toi\u202f!\u00a0Outre cr\u00e9er des liens avec des coll\u00e8gues, &hellip; <\/p>\n<p><a class=\"more-link btn\" href=\"http:\/\/csahainaut.be\/?page_id=338\">Continue reading<\/a><\/p>\n","protected":false},"author":1,"featured_media":0,"parent":0,"menu_order":0,"comment_status":"closed","ping_status":"closed","template":"","meta":{"footnotes":""},"class_list":["post-338","page","type-page","status-publish","hentry","nodate","item-wrap"],"yoast_head":"<!-- This site is optimized with the Yoast SEO plugin v27.4 - https:\/\/yoast.com\/product\/yoast-seo-wordpress\/ -->\n<title>Intervision - Analyse de pratiques - CSA HAINAUT fondamental<\/title>\n<meta name=\"robots\" content=\"index, follow, max-snippet:-1, max-image-preview:large, max-video-preview:-1\" \/>\n<link rel=\"canonical\" href=\"https:\/\/csahainaut.be\/?page_id=338\" \/>\n<meta property=\"og:locale\" content=\"en_US\" \/>\n<meta property=\"og:type\" content=\"article\" \/>\n<meta property=\"og:title\" content=\"Intervision - Analyse de pratiques - CSA HAINAUT fondamental\" \/>\n<meta property=\"og:description\" content=\"Collectif intervision &#8211; Analyse de pratiques Tu souhaites mieux te connaitre, mieux connaitre ton m\u00e9tier, ton environnement et gagner en confiance et comp\u00e9tences \u00e0 partir de tes propres pratiques en menant une r\u00e9flexion avec d\u2019autres directions dans un cadre s\u00e9curis\u00e9 et s\u00e9curisant ? Ce collectif est fait pour toi\u202f!\u00a0Outre cr\u00e9er des liens avec des coll\u00e8gues, &hellip; Continue reading\" \/>\n<meta property=\"og:url\" content=\"https:\/\/csahainaut.be\/?page_id=338\" \/>\n<meta property=\"og:site_name\" content=\"CSA HAINAUT fondamental\" \/>\n<meta property=\"article:modified_time\" content=\"2025-09-03T07:53:39+00:00\" \/>\n<meta name=\"twitter:card\" content=\"summary_large_image\" \/>\n<meta name=\"twitter:label1\" content=\"Est. reading time\" \/>\n\t<meta name=\"twitter:data1\" content=\"2 minutes\" \/>\n<script type=\"application\/ld+json\" class=\"yoast-schema-graph\">{\"@context\":\"https:\\\/\\\/schema.org\",\"@graph\":[{\"@type\":\"WebPage\",\"@id\":\"https:\\\/\\\/csahainaut.be\\\/?page_id=338\",\"url\":\"https:\\\/\\\/csahainaut.be\\\/?page_id=338\",\"name\":\"Intervision - Analyse de pratiques - CSA HAINAUT fondamental\",\"isPartOf\":{\"@id\":\"http:\\\/\\\/csahainaut.be\\\/#website\"},\"datePublished\":\"2024-06-17T07:45:04+00:00\",\"dateModified\":\"2025-09-03T07:53:39+00:00\",\"breadcrumb\":{\"@id\":\"https:\\\/\\\/csahainaut.be\\\/?page_id=338#breadcrumb\"},\"inLanguage\":\"en-US\",\"potentialAction\":[{\"@type\":\"ReadAction\",\"target\":[\"https:\\\/\\\/csahainaut.be\\\/?page_id=338\"]}]},{\"@type\":\"BreadcrumbList\",\"@id\":\"https:\\\/\\\/csahainaut.be\\\/?page_id=338#breadcrumb\",\"itemListElement\":[{\"@type\":\"ListItem\",\"position\":1,\"name\":\"Accueil\",\"item\":\"http:\\\/\\\/csahainaut.be\\\/\"},{\"@type\":\"ListItem\",\"position\":2,\"name\":\"Intervision &#8211; Analyse de pratiques\"}]},{\"@type\":\"WebSite\",\"@id\":\"http:\\\/\\\/csahainaut.be\\\/#website\",\"url\":\"http:\\\/\\\/csahainaut.be\\\/\",\"name\":\"CSA HAINAUT fondamental\",\"description\":\"Site des conseillers au soutien et \u00e0 l&#039;accompagnement \",\"publisher\":{\"@id\":\"http:\\\/\\\/csahainaut.be\\\/#organization\"},\"potentialAction\":[{\"@type\":\"SearchAction\",\"target\":{\"@type\":\"EntryPoint\",\"urlTemplate\":\"http:\\\/\\\/csahainaut.be\\\/?s={search_term_string}\"},\"query-input\":{\"@type\":\"PropertyValueSpecification\",\"valueRequired\":true,\"valueName\":\"search_term_string\"}}],\"inLanguage\":\"en-US\"},{\"@type\":\"Organization\",\"@id\":\"http:\\\/\\\/csahainaut.be\\\/#organization\",\"name\":\"CSA HAINAUT fondamental\",\"url\":\"http:\\\/\\\/csahainaut.be\\\/\",\"logo\":{\"@type\":\"ImageObject\",\"inLanguage\":\"en-US\",\"@id\":\"http:\\\/\\\/csahainaut.be\\\/#\\\/schema\\\/logo\\\/image\\\/\",\"url\":\"https:\\\/\\\/csahainaut.be\\\/wp-content\\\/uploads\\\/2024\\\/06\\\/cropped-logo-segec.webp\",\"contentUrl\":\"https:\\\/\\\/csahainaut.be\\\/wp-content\\\/uploads\\\/2024\\\/06\\\/cropped-logo-segec.webp\",\"width\":367,\"height\":217,\"caption\":\"CSA HAINAUT fondamental\"},\"image\":{\"@id\":\"http:\\\/\\\/csahainaut.be\\\/#\\\/schema\\\/logo\\\/image\\\/\"}}]}<\/script>\n<!-- \/ Yoast SEO plugin. -->","yoast_head_json":{"title":"Intervision - Analyse de pratiques - CSA HAINAUT fondamental","robots":{"index":"index","follow":"follow","max-snippet":"max-snippet:-1","max-image-preview":"max-image-preview:large","max-video-preview":"max-video-preview:-1"},"canonical":"https:\/\/csahainaut.be\/?page_id=338","og_locale":"en_US","og_type":"article","og_title":"Intervision - Analyse de pratiques - CSA HAINAUT fondamental","og_description":"Collectif intervision &#8211; Analyse de pratiques Tu souhaites mieux te connaitre, mieux connaitre ton m\u00e9tier, ton environnement et gagner en confiance et comp\u00e9tences \u00e0 partir de tes propres pratiques en menant une r\u00e9flexion avec d\u2019autres directions dans un cadre s\u00e9curis\u00e9 et s\u00e9curisant ? Ce collectif est fait pour toi\u202f!\u00a0Outre cr\u00e9er des liens avec des coll\u00e8gues, &hellip; Continue reading","og_url":"https:\/\/csahainaut.be\/?page_id=338","og_site_name":"CSA HAINAUT fondamental","article_modified_time":"2025-09-03T07:53:39+00:00","twitter_card":"summary_large_image","twitter_misc":{"Est. reading time":"2 minutes"},"schema":{"@context":"https:\/\/schema.org","@graph":[{"@type":"WebPage","@id":"https:\/\/csahainaut.be\/?page_id=338","url":"https:\/\/csahainaut.be\/?page_id=338","name":"Intervision - Analyse de pratiques - CSA HAINAUT fondamental","isPartOf":{"@id":"http:\/\/csahainaut.be\/#website"},"datePublished":"2024-06-17T07:45:04+00:00","dateModified":"2025-09-03T07:53:39+00:00","breadcrumb":{"@id":"https:\/\/csahainaut.be\/?page_id=338#breadcrumb"},"inLanguage":"en-US","potentialAction":[{"@type":"ReadAction","target":["https:\/\/csahainaut.be\/?page_id=338"]}]},{"@type":"BreadcrumbList","@id":"https:\/\/csahainaut.be\/?page_id=338#breadcrumb","itemListElement":[{"@type":"ListItem","position":1,"name":"Accueil","item":"http:\/\/csahainaut.be\/"},{"@type":"ListItem","position":2,"name":"Intervision &#8211; Analyse de pratiques"}]},{"@type":"WebSite","@id":"http:\/\/csahainaut.be\/#website","url":"http:\/\/csahainaut.be\/","name":"CSA HAINAUT fondamental","description":"Site des conseillers au soutien et \u00e0 l&#039;accompagnement ","publisher":{"@id":"http:\/\/csahainaut.be\/#organization"},"potentialAction":[{"@type":"SearchAction","target":{"@type":"EntryPoint","urlTemplate":"http:\/\/csahainaut.be\/?s={search_term_string}"},"query-input":{"@type":"PropertyValueSpecification","valueRequired":true,"valueName":"search_term_string"}}],"inLanguage":"en-US"},{"@type":"Organization","@id":"http:\/\/csahainaut.be\/#organization","name":"CSA HAINAUT fondamental","url":"http:\/\/csahainaut.be\/","logo":{"@type":"ImageObject","inLanguage":"en-US","@id":"http:\/\/csahainaut.be\/#\/schema\/logo\/image\/","url":"https:\/\/csahainaut.be\/wp-content\/uploads\/2024\/06\/cropped-logo-segec.webp","contentUrl":"https:\/\/csahainaut.be\/wp-content\/uploads\/2024\/06\/cropped-logo-segec.webp","width":367,"height":217,"caption":"CSA HAINAUT fondamental"},"image":{"@id":"http:\/\/csahainaut.be\/#\/schema\/logo\/image\/"}}]}},"jetpack_sharing_enabled":true,"_links":{"self":[{"href":"http:\/\/csahainaut.be\/index.php?rest_route=\/wp\/v2\/pages\/338","targetHints":{"allow":["GET"]}}],"collection":[{"href":"http:\/\/csahainaut.be\/index.php?rest_route=\/wp\/v2\/pages"}],"about":[{"href":"http:\/\/csahainaut.be\/index.php?rest_route=\/wp\/v2\/types\/page"}],"author":[{"embeddable":true,"href":"http:\/\/csahainaut.be\/index.php?rest_route=\/wp\/v2\/users\/1"}],"replies":[{"embeddable":true,"href":"http:\/\/csahainaut.be\/index.php?rest_route=%2Fwp%2Fv2%2Fcomments&post=338"}],"version-history":[{"count":46,"href":"http:\/\/csahainaut.be\/index.php?rest_route=\/wp\/v2\/pages\/338\/revisions"}],"predecessor-version":[{"id":1698,"href":"http:\/\/csahainaut.be\/index.php?rest_route=\/wp\/v2\/pages\/338\/revisions\/1698"}],"wp:attachment":[{"href":"http:\/\/csahainaut.be\/index.php?rest_route=%2Fwp%2Fv2%2Fmedia&parent=338"}],"curies":[{"name":"wp","href":"https:\/\/api.w.org\/{rel}","templated":true}]}}